{"id":4018,"date":"2024-09-10T14:54:21","date_gmt":"2024-09-10T18:54:21","guid":{"rendered":"https:\/\/www.alaskabearspray.com\/product\/alquiler-de-spray-para-osos\/"},"modified":"2024-09-10T14:54:21","modified_gmt":"2024-09-10T18:54:21","slug":"alquiler-de-spray-para-osos","status":"publish","type":"product","link":"https:\/\/www.alaskabearspray.com\/es\/product\/alquiler-de-spray-para-osos\/","title":{"rendered":"Alquiler de spray para osos"},"content":{"rendered":"<p>\u00bfPor qu\u00e9 alquilar spray para osos en lugar de comprarlo? Esta es una gran pregunta y te ofrecemos la siguiente informaci\u00f3n para que la tengas en cuenta: <\/p>\n<ol>\n<li><strong>El gasto<\/strong>: comprar spray para osos puede costarte entre 50 y 60 $ por bote. Nosotros limitamos nuestros alquileres a 28 $, por lo que nunca pagar\u00e1s m\u00e1s que esto con un alquiler (m\u00e1ximo de 28 d\u00edas de alquiler). Nuestros alquileres tambi\u00e9n tienen un precio tal que el coste diario disminuye a medida que aumenta el plazo del alquiler. Las tarifas empiezan en 12 $ al d\u00eda, pero pueden ser tan bajas como 1,00 $ al d\u00eda (para un alquiler de 28 d\u00edas).  <\/li>\n<li><strong>Problemas de viaje<\/strong>: la mayor\u00eda de las personas que visitan Alaska vuelan al estado, lo que supone un problema con el spray para osos, ya que <strong>no est\u00e1 permitido<\/strong> ni en el equipaje facturado ni en el de mano (<a href=\"https:\/\/www.tsa.gov\/travel\/security-screening\/whatcanibring\/items\/bear-spray\" target=\"_blank\" rel=\"noopener\">1<\/a>). Por lo tanto, tendr\u00edas que adquirir (ya sea comprar o alquilar) spray para osos en Alaska y, si lo compras, no podr\u00edas llev\u00e1rtelo contigo. <\/li>\n<li><strong>Caducidad<\/strong>: el spray para osos no dura para siempre. La mayor\u00eda de los botes caducan despu\u00e9s de 3-5 a\u00f1os, por lo que, a menos que lo uses a menudo y de forma continua durante un largo per\u00edodo de tiempo, no tiene sentido financiero poseer un bote de spray para osos. Nosotros mantenemos nuestro inventario y nos aseguramos de que todos los botes que se alquilan est\u00e9n dentro de sus fechas de caducidad.  <\/li>\n<li><strong>El medio ambiente<\/strong>: si compras spray para osos, lo m\u00e1s probable es que lo tires y termine en un vertedero en alg\u00fan momento. Nuestros botes se reutilizan y, al final de su vida \u00fatil, se reciclan. <\/li>\n<\/ol>\n<p>Nuestros botes de spray para osos tambi\u00e9n son muy pr\u00e1cticos. No tienes que buscar spray para osos una vez que llegues a Alaska. El\/los bote(s) que pidas se asignar\u00e1n y estar\u00e1n en el lugar de recogida que hayas especificado. \u00a1Te lo garantizamos! Cuando te marches, tenemos lugares de entrega convenientes para que tampoco tengas que preocuparte por eso. Si seleccionas las opciones de entrega\/recogida personalizadas, nos pondremos en contacto contigo unas dos semanas antes de la fecha para confirmar los detalles.     <\/p>\n<p>Cada bote viene con instrucciones escritas en el bote sobre c\u00f3mo usar eficazmente el spray para osos.<\/p>\n<p>Utilizamos botes fabricados en EE. UU. por trabajadores estadounidenses con materiales estadounidenses.<\/p>\n<p>Pesamos cada bote antes de asignarlo a un pedido. No es necesario \u00abprobar\u00bb un bote para asegurarse de que contiene spray. El uso de botes usados puede resultar en la compra del bote. Consulta los <a href=\"https:\/\/www.alaskabearspray.com\/es\/terminos-y-condiciones-generales\/\">t\u00e9rminos y condiciones<\/a> para obtener m\u00e1s informaci\u00f3n.   <\/p>\n","protected":false},"excerpt":{"rendered":"<p>Nota: para asegurarte de que tu pedido est\u00e1 en el lugar que selecciones, los pedidos deben realizarse con al menos 48 horas de antelaci\u00f3n a la recogida programada. Si necesitas algo antes, ponte en contacto con nosotros. Es posible que podamos ayudarte.  <\/p>\n<p>Nuestra oferta est\u00e1ndar de spray para osos. Los precios empiezan en 12 $ al d\u00eda y se reducen a medida que a\u00f1ades d\u00edas. Nunca pagar\u00e1s una tarifa de alquiler de m\u00e1s de 28 $ por bote.  <\/p>\n<p>Hemos seleccionado el que creemos que es el mejor bote para usar en esta zona. Nuestros botes proporcionan el mayor volumen de salida disponible para que la nube que se crea entre t\u00fa y el oso sea grande y se forme r\u00e1pidamente. <\/p>\n<p><strong>Recomendamos alquilar al menos un bote por adulto en tu grupo.<\/strong><\/p>\n<p>Selecciona tus fechas, el n\u00famero de botes y el lugar de recogida en las opciones siguientes:<\/p>\n","protected":false},"featured_media":4020,"template":"","meta":{"slim_seo":{"title":"Alquiler de spray para osos en Alaska: alquila spray para osos","description":"Nuestra oferta est\u00e1ndar de alquiler de spray para osos. Los precios empiezan en 12 $ al d\u00eda, nunca superan los 28 $ e incluyen una funda para transportar el bote f\u00e1cilmente.","canonical":"https:\/\/www.alaskabearspray.com\/product\/bear-spray-rental\/"}},"product_brand":[],"product_cat":[72],"product_tag":[],"class_list":{"0":"post-4018","1":"product","2":"type-product","3":"status-publish","4":"has-post-thumbnail","6":"product_cat-spray-para-osos","7":"sales-flash-overlay","8":"woocommerce-text-align-center","9":"woocommerce-image-align-center","10":"do-quantity-buttons","12":"first","13":"instock","14":"virtual","15":"sold-individually","16":"purchasable","17":"product-type-phive_booking"},"_links":{"self":[{"href":"https:\/\/www.alaskabearspray.com\/es\/wp-json\/wp\/v2\/product\/4018","targetHints":{"allow":["GET"]}}],"collection":[{"href":"https:\/\/www.alaskabearspray.com\/es\/wp-json\/wp\/v2\/product"}],"about":[{"href":"https:\/\/www.alaskabearspray.com\/es\/wp-json\/wp\/v2\/types\/product"}],"wp:featuredmedia":[{"embeddable":true,"href":"https:\/\/www.alaskabearspray.com\/es\/wp-json\/wp\/v2\/media\/4020"}],"wp:attachment":[{"href":"https:\/\/www.alaskabearspray.com\/es\/wp-json\/wp\/v2\/media?parent=4018"}],"wp:term":[{"taxonomy":"product_brand","embeddable":true,"href":"https:\/\/www.alaskabearspray.com\/es\/wp-json\/wp\/v2\/product_brand?post=4018"},{"taxonomy":"product_cat","embeddable":true,"href":"https:\/\/www.alaskabearspray.com\/es\/wp-json\/wp\/v2\/product_cat?post=4018"},{"taxonomy":"product_tag","embeddable":true,"href":"https:\/\/www.alaskabearspray.com\/es\/wp-json\/wp\/v2\/product_tag?post=4018"}],"curies":[{"name":"wp","href":"https:\/\/api.w.org\/{rel}","templated":true}]}}