{"id":4004,"date":"2024-09-07T23:27:53","date_gmt":"2024-09-08T03:27:53","guid":{"rendered":"https:\/\/www.alaskabearspray.com\/alaska-bear-spray-rental\/"},"modified":"2026-02-02T15:29:51","modified_gmt":"2026-02-02T20:29:51","slug":"alaska-bear-spray-rental","status":"publish","type":"page","link":"https:\/\/www.alaskabearspray.com\/es\/","title":{"rendered":"Alaska Bear Spray Rental"},"content":{"rendered":"\n<div class=\"wp-block-cover alignfull is-light has-custom-content-position is-position-top-center has-text-color has-link-color wp-elements-f4c7f947cd6a527de942e4b4fe889a18 wp-duotone-unset-1\" style=\"color:#0f204a\"><img decoding=\"async\" width=\"1912\" height=\"430\" class=\"wp-block-cover__image-background wp-image-859\" alt=\"Alaska Bear With Cubs\" src=\"https:\/\/www.alaskabearspray.com\/wp-content\/uploads\/2025\/01\/AlaskaBearWithCubs.webp\" data-object-fit=\"cover\" srcset=\"https:\/\/www.alaskabearspray.com\/wp-content\/uploads\/2025\/01\/AlaskaBearWithCubs.webp 1912w, https:\/\/www.alaskabearspray.com\/wp-content\/uploads\/2025\/01\/AlaskaBearWithCubs-300x67.webp 300w, https:\/\/www.alaskabearspray.com\/wp-content\/uploads\/2025\/01\/AlaskaBearWithCubs-1024x230.webp 1024w, https:\/\/www.alaskabearspray.com\/wp-content\/uploads\/2025\/01\/AlaskaBearWithCubs-768x173.webp 768w, https:\/\/www.alaskabearspray.com\/wp-content\/uploads\/2025\/01\/AlaskaBearWithCubs-1536x345.webp 1536w, https:\/\/www.alaskabearspray.com\/wp-content\/uploads\/2025\/01\/AlaskaBearWithCubs-600x135.webp 600w\" sizes=\"(max-width: 1912px) 100vw, 1912px\" \/><span aria-hidden=\"true\" class=\"wp-block-cover__background has-background-dim-10 has-background-dim\"><\/span><div class=\"wp-block-cover__inner-container is-layout-constrained wp-block-cover-is-layout-constrained\"><div class=\"gb-container gb-container-4896f78a alignfull\">\n\n<a class=\"gb-button gb-button-759af5fe gb-button-text\" href=\"https:\/\/www.alaskabearspray.com\/es\/product\/alquiler-de-spray-para-osos\/\">\u00a1Alquile spray para osos!<\/a>\n\n<\/div>\n\n\n<h1 class=\"gb-headline gb-headline-8966fd54 gb-headline-text\"><strong>La empresa original de alquiler de spray para osos de Alaska<\/strong><\/h1>\n<\/div><\/div>\n<div class=\"gb-container gb-container-088835de alignfull\">\n\n<div class=\"wp-block-columns are-vertically-aligned-center is-layout-flex wp-container-core-columns-is-layout-9d6595d7 wp-block-columns-is-layout-flex\">\n<div class=\"wp-block-column is-vertically-aligned-center is-layout-flow wp-block-column-is-layout-flow\" style=\"flex-basis:66.66%\"><div class=\"gb-container gb-container-8d621cae\"><\/div>\n\n\n<h2 class=\"gb-headline gb-headline-2ba3ae7e gb-headline-text\">\u00bfPor qu\u00e9 alquilar spray para osos en Alaska?<\/h2>\n\n\n\n<p class=\"has-text-align-center has-contrast-color has-text-color has-link-color wp-elements-6a53e30f30679945090f69286af4e738\">Es m\u00e1s barato que comprarlo<br\/>Es m\u00e1s c\u00f3modo<br\/>Es mejor para el medio ambiente<br\/>\u00bfHa visto nuestros osos? \u00a1En serio! <\/p>\n<\/div>\n\n\n\n<div class=\"wp-block-column is-vertically-aligned-center is-layout-flow wp-block-column-is-layout-flow\" style=\"flex-basis:33.33%\"><div class=\"gb-container gb-container-bd71ab19\">\n<div class=\"wp-block-image\">\n<figure class=\"aligncenter size-full is-resized\"><img decoding=\"async\" width=\"200\" height=\"260\" src=\"https:\/\/www.alaskabearspray.com\/wp-content\/uploads\/2025\/01\/BearSpray-Transparent.webp\" alt=\"Spray para osos\" class=\"wp-image-853\" style=\"width:200px\"\/><\/figure>\n<\/div>\n<\/div><\/div>\n<\/div>\n\n<div class=\"gb-shapes\"><div class=\"gb-shape gb-shape-1\"><svg xmlns=\"http:\/\/www.w3.org\/2000\/svg\" viewBox=\"0 0 1200 194.3\" preserveAspectRatio=\"none\"><path d=\"M1200 133.3l-50 8.9c-50 8.6-150 26.9-250 31.1-100 4.2-200-4.2-300-26.7S400 89.2 300 62.2C200 35.8 100 17.5 50 8.9L0 0v194.3h1200v-61z\"\/><\/svg><\/div><\/div><\/div><div class=\"gb-container gb-container-15640ad5 alignfull\">\n<div class=\"gb-container gb-container-fb48bd05 alignfull\">\n\n<h2 class=\"gb-headline gb-headline-f4012b7e gb-headline-text\">\u00a1Hacemos que alquilar spray para osos en Alaska sea f\u00e1cil y asequible!<\/h2>\n\n\n\n<p class=\"has-base-color has-text-color has-link-color wp-elements-33792bb9d562899f159476c003c8dfa9\">Las tarifas empiezan en 12 $ y nunca pagar\u00e1 m\u00e1s de 28 $ por bote<br\/>Recogida r\u00e1pida y f\u00e1cil 24\/7 en Anchorage<br\/>Un proceso en l\u00ednea sencillo que <strong>garantiza<\/strong> que un bote le estar\u00e1 esperando cuando llegue a Alaska<\/p>\n\n\n\n<h3 class=\"gb-headline gb-headline-cdf23f1e gb-headline-text\">\u00a1Reserve ahora su spray para osos y tache esta tarea de su lista!<\/h3>\n\n<\/div>\n<\/div><div class=\"gb-container gb-container-fbdd11d8 alignfull\" style=\"--background-image: url(https:\/\/www.alaskabearspray.com\/wp-content\/uploads\/2024\/09\/AlaskaBear.webp);\">\n\n<div class=\"wp-block-columns alignwide is-layout-flex wp-container-core-columns-is-layout-9d6595d7 wp-block-columns-is-layout-flex\">\n<div class=\"wp-block-column is-vertically-aligned-center is-layout-flow wp-block-column-is-layout-flow\" style=\"flex-basis:50%\"><div class=\"gb-container gb-container-093c8be6\">\n\n<h2 class=\"gb-headline gb-headline-e373dc03 gb-headline-text WhatsIncluded\"><strong>\u00bfQu\u00e9 incluye su alquiler?<\/strong><\/h2>\n\n<\/div><\/div>\n\n\n\n<div class=\"wp-block-column is-vertically-aligned-center is-layout-flow wp-block-column-is-layout-flow\" style=\"flex-basis:50%\"><div class=\"gb-container gb-container-8ea74017\">\n\n<h2 class=\"gb-headline gb-headline-02944547 gb-headline-text\"><strong>Cada alquiler incluye:<\/strong><\/h2>\n\n\n\n<p class=\"has-text-align-left has-medium-font-size\">1) Un bote lleno de spray para osos<br\/>2) Una funda\/clip para el cintur\u00f3n para facilitar el acceso<br\/>3) Instrucciones sobre el uso seguro y adecuado del spray para osos<\/p>\n\n<\/div><\/div>\n<\/div>\n\n<div class=\"gb-shapes\"><div class=\"gb-shape gb-shape-1\"><svg xmlns=\"http:\/\/www.w3.org\/2000\/svg\" viewBox=\"0 0 1200 194.3\" preserveAspectRatio=\"none\"><path d=\"M1200 133.3l-50 8.9c-50 8.6-150 26.9-250 31.1-100 4.2-200-4.2-300-26.7S400 89.2 300 62.2C200 35.8 100 17.5 50 8.9L0 0v194.3h1200v-61z\"\/><\/svg><\/div><\/div><\/div><div class=\"gb-container gb-container-c256c2e6 alignfull\">\n\n<h2 class=\"gb-headline gb-headline-4d661f9a gb-headline-text\">Lea nuestras \u00faltimas entradas del blog&#8230;<\/h2>\n\n\n<ul class=\"wp-block-latest-posts__list is-grid columns-3 has-dates has-author wp-block-latest-posts\"><li><div class=\"wp-block-latest-posts__featured-image alignleft\"><a href=\"https:\/\/www.alaskabearspray.com\/es\/necesito-spray-para-osos-en-invierno\/\" aria-label=\"\u00bfNecesito spray para osos en invierno?\"><img decoding=\"async\" width=\"150\" height=\"150\" src=\"https:\/\/www.alaskabearspray.com\/wp-content\/uploads\/2025\/12\/AlaskaBearInWinter-150x150.webp\" class=\"attachment-thumbnail size-thumbnail wp-post-image\" alt=\"Oso de Alaska en invierno\" style=\"max-width:113px;max-height:113px;\" srcset=\"https:\/\/www.alaskabearspray.com\/wp-content\/uploads\/2025\/12\/AlaskaBearInWinter-150x150.webp 150w, https:\/\/www.alaskabearspray.com\/wp-content\/uploads\/2025\/12\/AlaskaBearInWinter-300x300.webp 300w, https:\/\/www.alaskabearspray.com\/wp-content\/uploads\/2025\/12\/AlaskaBearInWinter-100x100.webp 100w\" sizes=\"(max-width: 150px) 100vw, 150px\" \/><\/a><\/div><a class=\"wp-block-latest-posts__post-title\" href=\"https:\/\/www.alaskabearspray.com\/es\/necesito-spray-para-osos-en-invierno\/\">\u00bfNecesito spray para osos en invierno?<\/a><div class=\"wp-block-latest-posts__post-author\">por Ryan<\/div><time datetime=\"2025-12-01T18:09:12-05:00\" class=\"wp-block-latest-posts__post-date\">1 de diciembre de 2025<\/time><div class=\"wp-block-latest-posts__post-excerpt\">Recuerdo que siempre me ense\u00f1aron en la escuela que los osos hibernan en invierno. Por lo tanto, la l\u00f3gica sugerir\u00eda que probablemente no se necesitar\u00eda spray para osos en invierno, &#8230; <a title=\"\u00bfNecesito spray para osos en invierno?\" class=\"read-more\" href=\"https:\/\/www.alaskabearspray.com\/es\/necesito-spray-para-osos-en-invierno\/\" aria-label=\"Leer m\u00e1s sobre \u00bfNecesito spray para osos en invierno?\">Full Story<\/a><\/div><\/li>\n<li><div class=\"wp-block-latest-posts__featured-image alignleft\"><a href=\"https:\/\/www.alaskabearspray.com\/es\/necesitas-espray-para-osos-en-alaska\/\" aria-label=\"\u00bfNecesitas espray para osos en Alaska?\"><img decoding=\"async\" width=\"150\" height=\"150\" src=\"https:\/\/www.alaskabearspray.com\/wp-content\/uploads\/2025\/06\/DoYouNeedBearSprayInAlaska-150x150.webp\" class=\"attachment-thumbnail size-thumbnail wp-post-image\" alt=\"\u00bfNecesitas espray para osos en Alaska?\" style=\"max-width:113px;max-height:113px;\" srcset=\"https:\/\/www.alaskabearspray.com\/wp-content\/uploads\/2025\/06\/DoYouNeedBearSprayInAlaska-150x150.webp 150w, https:\/\/www.alaskabearspray.com\/wp-content\/uploads\/2025\/06\/DoYouNeedBearSprayInAlaska-300x300.webp 300w, https:\/\/www.alaskabearspray.com\/wp-content\/uploads\/2025\/06\/DoYouNeedBearSprayInAlaska-100x100.webp 100w\" sizes=\"(max-width: 150px) 100vw, 150px\" \/><\/a><\/div><a class=\"wp-block-latest-posts__post-title\" href=\"https:\/\/www.alaskabearspray.com\/es\/necesitas-espray-para-osos-en-alaska\/\">\u00bfNecesitas espray para osos en Alaska?<\/a><div class=\"wp-block-latest-posts__post-author\">por Ryan<\/div><time datetime=\"2025-07-01T21:58:51-04:00\" class=\"wp-block-latest-posts__post-date\">1 de julio de 2025<\/time><div class=\"wp-block-latest-posts__post-excerpt\">A menudo, los visitantes de Alaska nos preguntan si necesitan espray para osos. Si bien creemos que es una herramienta valiosa, la decisi\u00f3n de llevarlo depende, en \u00faltima instancia, de &#8230; <a title=\"\u00bfNecesitas espray para osos en Alaska?\" class=\"read-more\" href=\"https:\/\/www.alaskabearspray.com\/es\/necesitas-espray-para-osos-en-alaska\/\" aria-label=\"Leer m\u00e1s sobre \u00bfNecesitas espray para osos en Alaska?\">Full Story<\/a><\/div><\/li>\n<li><div class=\"wp-block-latest-posts__featured-image alignleft\"><a href=\"https:\/\/www.alaskabearspray.com\/es\/como-no-usar-el-spray-para-osos\/\" aria-label=\"C\u00f3mo NO usar el spray para osos&#8230;\"><img decoding=\"async\" width=\"150\" height=\"150\" src=\"https:\/\/www.alaskabearspray.com\/wp-content\/uploads\/2025\/05\/AlaskaBearSprayRental-150x150.webp\" class=\"attachment-thumbnail size-thumbnail wp-post-image\" alt=\"C\u00f3mo NO usar el spray para osos\" style=\"max-width:113px;max-height:113px;\" srcset=\"https:\/\/www.alaskabearspray.com\/wp-content\/uploads\/2025\/05\/AlaskaBearSprayRental-150x150.webp 150w, https:\/\/www.alaskabearspray.com\/wp-content\/uploads\/2025\/05\/AlaskaBearSprayRental-300x300.webp 300w, https:\/\/www.alaskabearspray.com\/wp-content\/uploads\/2025\/05\/AlaskaBearSprayRental-100x100.webp 100w\" sizes=\"(max-width: 150px) 100vw, 150px\" \/><\/a><\/div><a class=\"wp-block-latest-posts__post-title\" href=\"https:\/\/www.alaskabearspray.com\/es\/como-no-usar-el-spray-para-osos\/\">C\u00f3mo NO usar el spray para osos&#8230;<\/a><div class=\"wp-block-latest-posts__post-author\">por Ryan<\/div><time datetime=\"2025-05-23T14:15:36-04:00\" class=\"wp-block-latest-posts__post-date\">23 de mayo de 2025<\/time><div class=\"wp-block-latest-posts__post-excerpt\">Esta pregunta podr\u00eda responderse desde dos perspectivas diferentes: \u00bfCu\u00e1les son las formas en que no se debe usar el spray para osos? O, con un significado m\u00e1s de evitaci\u00f3n, como: &#8230; <a title=\"C\u00f3mo NO usar el spray para osos&#8230;\" class=\"read-more\" href=\"https:\/\/www.alaskabearspray.com\/es\/como-no-usar-el-spray-para-osos\/\" aria-label=\"Leer m\u00e1s sobre C\u00f3mo NO usar el spray para osos&#8230;\">Full Story<\/a><\/div><\/li>\n<\/ul>\n<\/div><div class=\"gb-container gb-container-3ac6029c alignfull\">\n\n<a class=\"gb-button gb-button-b4ee5562 gb-button-text\" href=\"https:\/\/www.alaskabearspray.com\/es\/product\/alquiler-de-spray-para-osos\/\">\u00a1Alquile spray para osos!<\/a>\n\n<\/div>","protected":false},"excerpt":{"rendered":"<p>\u00bfPor qu\u00e9 alquilar spray para osos en Alaska? Es m\u00e1s barato que comprarloEs m\u00e1s c\u00f3modoEs mejor para el medio ambiente\u00bfHa visto nuestros osos? \u00a1En serio! \u00a1Hacemos que alquilar spray para osos en Alaska sea f\u00e1cil y asequible! Las tarifas empiezan en 12 $ y nunca pagar\u00e1 m\u00e1s de 28 $ por boteRecogida r\u00e1pida y f\u00e1cil 24\/7 en AnchorageUn proceso en &#8230; <a title=\"Alaska Bear Spray Rental\" class=\"read-more\" href=\"https:\/\/www.alaskabearspray.com\/es\/\" aria-label=\"Leer m\u00e1s sobre Alaska Bear Spray Rental\">Full Story<\/a><\/p>\n","protected":false},"author":1,"featured_media":0,"parent":0,"menu_order":0,"comment_status":"closed","ping_status":"closed","template":"","meta":{"slim_seo":{"title":"Alaska Bear Spray Rental","description":"\u00a1Hacemos que alquilar spray para osos en Alaska sea f\u00e1cil y asequible! Las tarifas empiezan en 12 $ y nunca pagar\u00e1 m\u00e1s de 28 $ por bote. Puntos de recogida f\u00e1ciles y r\u00e1pidos.","canonical":"https:\/\/www.alaskabearspray.com"},"footnotes":""},"class_list":["post-4004","page","type-page","status-publish"],"_links":{"self":[{"href":"https:\/\/www.alaskabearspray.com\/es\/wp-json\/wp\/v2\/pages\/4004","targetHints":{"allow":["GET"]}}],"collection":[{"href":"https:\/\/www.alaskabearspray.com\/es\/wp-json\/wp\/v2\/pages"}],"about":[{"href":"https:\/\/www.alaskabearspray.com\/es\/wp-json\/wp\/v2\/types\/page"}],"author":[{"embeddable":true,"href":"https:\/\/www.alaskabearspray.com\/es\/wp-json\/wp\/v2\/users\/1"}],"replies":[{"embeddable":true,"href":"https:\/\/www.alaskabearspray.com\/es\/wp-json\/wp\/v2\/comments?post=4004"}],"version-history":[{"count":2,"href":"https:\/\/www.alaskabearspray.com\/es\/wp-json\/wp\/v2\/pages\/4004\/revisions"}],"predecessor-version":[{"id":4022,"href":"https:\/\/www.alaskabearspray.com\/es\/wp-json\/wp\/v2\/pages\/4004\/revisions\/4022"}],"wp:attachment":[{"href":"https:\/\/www.alaskabearspray.com\/es\/wp-json\/wp\/v2\/media?parent=4004"}],"curies":[{"name":"wp","href":"https:\/\/api.w.org\/{rel}","templated":true}]}}