{"id":4001,"date":"2024-09-12T19:41:02","date_gmt":"2024-09-12T23:41:02","guid":{"rendered":"https:\/\/www.alaskabearspray.com\/terminos-y-condiciones-generales\/"},"modified":"2026-02-02T15:28:06","modified_gmt":"2026-02-02T20:28:06","slug":"terminos-y-condiciones-generales","status":"publish","type":"page","link":"https:\/\/www.alaskabearspray.com\/es\/terminos-y-condiciones-generales\/","title":{"rendered":"T\u00e9rminos y condiciones generales"},"content":{"rendered":"\n<p>Todos los pedidos realizados en Alaska Bear Spray Rentals est\u00e1n sujetos a los siguientes t\u00e9rminos y condiciones:<\/p>\n\n<ul class=\"wp-block-list\">\n<li>Los d\u00edas de alquiler se definen como un d\u00eda espec\u00edfico (por ejemplo, el viernes) y no como un per\u00edodo de 24 horas. Por ejemplo, si recoge su spray para osos un viernes y lo devuelve un s\u00e1bado, esto se considerar\u00eda un alquiler de dos d\u00edas. <\/li>\n\n\n\n<li>No se realizar\u00e1n reembolsos por cancelaciones realizadas dentro de los 7 d\u00edas anteriores a la fecha de su reserva. Las cancelaciones realizadas antes de esa fecha se reembolsar\u00e1n el precio del alquiler menos el 3,5%, que es necesario para cubrir las comisiones de la tarjeta de cr\u00e9dito que no se nos reembolsan. <\/li>\n\n\n\n<li>Si no se devuelve un alquiler en la fecha de vencimiento, se comprar\u00e1 autom\u00e1ticamente el bote a un precio de 75,00 $.<\/li>\n\n\n\n<li>Un bote da\u00f1ado resultar\u00e1 en la compra autom\u00e1tica del bote a un precio de 75,00 $.<\/li>\n\n\n\n<li>Un bote usado <strong>(se dispensa cualquier cantidad de spray)<\/strong> resultar\u00e1 en la compra autom\u00e1tica del bote a un precio de 75,00 $.<\/li>\n\n\n\n<li>Un bote al que le falta su clip de seguridad se considera no retornable y se le cobrar\u00e1 el precio de compra de 75,00 $. Por favor, no devuelva los botes a los que les falta el clip de seguridad, ya que estos ser\u00e1n rechazados y no aceptados. <\/li>\n\n\n\n<li>Los estuches de spray para osos da\u00f1ados o no devueltos resultar\u00e1n en la compra del estuche a un precio de 20,00 $.<\/li>\n\n\n\n<li>El uso de nuestro sitio web o aplicaciones (el \u00abServicio\u00bb) se proporciona \u00abtal cual\u00bb con todos sus defectos, y no expresa ninguna representaci\u00f3n o garant\u00eda, de ning\u00fan tipo relacionada con el Servicio o los materiales contenidos en el Servicio. Adem\u00e1s, nada de lo contenido en el Servicio se interpretar\u00e1 como un consejo para usted. <\/li>\n<\/ul>\n\n<p>Adem\u00e1s, en consideraci\u00f3n a los servicios de Alaska Bear Spray Rental LLC, sus propietarios, agentes, empleados y todas las dem\u00e1s personas o entidades asociadas al negocio (en adelante, denominados colectivamente \u00abAlaska Bear Spray Rental\u00bb), usted, el cliente y todos los miembros de su grupo a los que pueda autorizar a utilizar su alquiler de spray para osos (en adelante, denominados \u00abCliente\u00bb), reconocen y aceptan lo siguiente:<\/p>\n\n<ul class=\"wp-block-list\">\n<li>El Cliente se compromete a estar informado sobre el uso adecuado del spray para osos y las mejores pr\u00e1cticas para estar al aire libre en territorio de osos. Esto incluye, como m\u00ednimo, leer y ver los v\u00eddeos y documentos que se enumeran en la secci\u00f3n \u00abLo esencial\u00bb de nuestra p\u00e1gina web \u00ab<a data-type=\"page\" data-id=\"510\" href=\"https:\/\/www.alaskabearspray.com\/es\/como-usar-el-spray-para-osos\/\">C\u00f3mo usar el spray para osos<\/a>\u00ab. <\/li>\n\n\n\n<li>El Cliente reconoce que Alaska Bear Spray Rental ha tomado medidas razonables para proporcionarme el equipo y las instrucciones adecuadas para que el cliente utilice y opere correctamente este equipo.<\/li>\n\n\n\n<li>El Cliente reconoce que el spray para osos es un elemento disuasorio y no es 100% efectivo.<\/li>\n\n\n\n<li>El Cliente reconoce que viajar en territorio de osos tiene riesgos inherentes que no se eliminan llevando spray para osos. Estos riesgos pueden causar lesiones graves o incluso la muerte en casos extremos. <\/li>\n\n\n\n<li>El Cliente asume y acepta toda la responsabilidad por los riesgos inherentes identificados en este acuerdo y aquellos riesgos que no est\u00e1n espec\u00edficamente identificados. La participaci\u00f3n de los clientes en actividades que requieren spray para osos junto con el alquiler de spray para osos y la decisi\u00f3n de llevar spray para osos es puramente voluntaria y nadie est\u00e1 obligando al cliente a participar, alquilar spray para osos o llevarlo. <\/li>\n\n\n\n<li>El Cliente acepta que es capaz de llevar de forma responsable el spray para osos y utilizarlo correctamente en caso de que sea necesario.<\/li>\n\n\n\n<li>El Cliente se compromete a mantener seguros los botes de spray para osos que haya alquilado a Alaska Bear Spray Rental, a mantenerlos alejados de cualquier ni\u00f1o, menor o cualquier otra persona que no pueda utilizar con seguridad o estar cerca de un bote sin supervisi\u00f3n.<\/li>\n\n\n\n<li>El Cliente se compromete a indemnizar, defender y eximir de responsabilidad a Alaska Bear Spray Rental de cualquier reclamaci\u00f3n, responsabilidad, da\u00f1o, p\u00e9rdida, coste y gasto (incluidos los honorarios razonables de los abogados) que surjan de o resulten del uso, ya sea intencionado o accidental, del spray para osos alquilado a Alaska Bear Spray Rental o del uso del Servicio, excepto en la medida en que dichas reclamaciones, responsabilidades, da\u00f1os, p\u00e9rdidas, costes y gastos sean causados por la negligencia exclusiva o la mala conducta intencionada de Alaska Bear Spray Rental.<\/li>\n\n\n\n<li>El Cliente se compromete a notificar inmediatamente a Alaska Bear Spray Rental en caso de que se utilice o descargue un bote (ya sea intencionadamente o accidentalmente).<\/li>\n<\/ul>\n","protected":false},"excerpt":{"rendered":"<p>Todos los pedidos realizados en Alaska Bear Spray Rentals est\u00e1n sujetos a los siguientes t\u00e9rminos y condiciones: Adem\u00e1s, en consideraci\u00f3n a los servicios de Alaska Bear Spray Rental LLC, sus propietarios, agentes, empleados y todas las dem\u00e1s personas o entidades asociadas al negocio (en adelante, denominados colectivamente \u00abAlaska Bear Spray Rental\u00bb), usted, el cliente y todos los miembros de su &#8230; <a title=\"T\u00e9rminos y condiciones generales\" class=\"read-more\" href=\"https:\/\/www.alaskabearspray.com\/es\/terminos-y-condiciones-generales\/\" aria-label=\"Leer m\u00e1s sobre T\u00e9rminos y condiciones generales\">Full Story<\/a><\/p>\n","protected":false},"author":1,"featured_media":0,"parent":0,"menu_order":0,"comment_status":"closed","ping_status":"closed","template":"","meta":{"slim_seo":{"title":"Alaska Bear Spray Rental - T\u00e9rminos y condiciones generales","description":"T\u00e9rminos y condiciones generales para los pedidos realizados en Alaska Bear Spray Rental. Todos los pedidos realizados en Alaska Bear Spray Rental est\u00e1n sujetos a estos t\u00e9rminos.","canonical":"https:\/\/www.alaskabearspray.com\/general-terms-and-conditions\/"},"footnotes":""},"class_list":["post-4001","page","type-page","status-publish"],"_links":{"self":[{"href":"https:\/\/www.alaskabearspray.com\/es\/wp-json\/wp\/v2\/pages\/4001","targetHints":{"allow":["GET"]}}],"collection":[{"href":"https:\/\/www.alaskabearspray.com\/es\/wp-json\/wp\/v2\/pages"}],"about":[{"href":"https:\/\/www.alaskabearspray.com\/es\/wp-json\/wp\/v2\/types\/page"}],"author":[{"embeddable":true,"href":"https:\/\/www.alaskabearspray.com\/es\/wp-json\/wp\/v2\/users\/1"}],"replies":[{"embeddable":true,"href":"https:\/\/www.alaskabearspray.com\/es\/wp-json\/wp\/v2\/comments?post=4001"}],"version-history":[{"count":1,"href":"https:\/\/www.alaskabearspray.com\/es\/wp-json\/wp\/v2\/pages\/4001\/revisions"}],"predecessor-version":[{"id":4002,"href":"https:\/\/www.alaskabearspray.com\/es\/wp-json\/wp\/v2\/pages\/4001\/revisions\/4002"}],"wp:attachment":[{"href":"https:\/\/www.alaskabearspray.com\/es\/wp-json\/wp\/v2\/media?parent=4001"}],"curies":[{"name":"wp","href":"https:\/\/api.w.org\/{rel}","templated":true}]}}