{"id":3998,"date":"2024-09-15T14:00:38","date_gmt":"2024-09-15T18:00:38","guid":{"rendered":"https:\/\/www.alaskabearspray.com\/afiliados\/"},"modified":"2026-02-02T15:28:06","modified_gmt":"2026-02-02T20:28:06","slug":"afiliados","status":"publish","type":"page","link":"https:\/\/www.alaskabearspray.com\/es\/afiliados\/","title":{"rendered":"Afiliados"},"content":{"rendered":"\n<h1 class=\"gb-headline gb-headline-c72b5146 gb-headline-text\">\u00a1S\u00e9 afiliado de Alaska Bear Spray!<\/h1>\n\n<p>\u00bfTe interesa convertirte en un sitio afiliado proporcionando un lugar de recogida\/entrega para Alaska Bear Spray Rental? Estamos trabajando para expandir r\u00e1pidamente nuestras operaciones y ofertas a todos los rincones del estado y necesitamos sitios afiliados que compartan nuestra visi\u00f3n de proporcionar un producto muy necesario con el mejor servicio posible a los visitantes de nuestro hermoso y grandioso estado. <\/p>\n\n<div style=\"height:20px\" aria-hidden=\"true\" class=\"wp-block-spacer\"><\/div>\n\n<h2 class=\"wp-block-heading\"> Lo que ofrecemos&#8230;<\/h2>\n\n<p>Llevamos clientes a tu establecimiento. Nuestro sencillo sistema de reservas online requiere que los clientes alquilen su bote de spray para osos con antelaci\u00f3n durante un per\u00edodo espec\u00edfico, con recogida\/entrega en un lugar espec\u00edfico. Con estos datos, podemos informar con precisi\u00f3n tanto de la fecha como del n\u00famero de personas que llegar\u00e1n a recoger su alquiler. Dado que muchos de nuestros clientes est\u00e1n de vacaciones desde fuera del estado, es probable que recojan el spray para osos poco despu\u00e9s de su llegada y lo devuelvan antes de partir. Estas son excelentes oportunidades para ventas adicionales, ya que es probable que el cliente est\u00e9 buscando otros bienes y servicios.    <\/p>\n\n<div style=\"height:20px\" aria-hidden=\"true\" class=\"wp-block-spacer\"><\/div>\n\n<h2 class=\"wp-block-heading\">\u00a1Pero espera, hay m\u00e1s!<\/h2>\n\n<p>Adem\u00e1s de llevar clientes a tu ubicaci\u00f3n que probablemente compren bienes y servicios adicionales, tambi\u00e9n ofrecemos una comisi\u00f3n de afiliado por cada alquiler que se recoja y se entregue en tu ubicaci\u00f3n. \u00bfSuena demasiado bueno para ser verdad? Espera, que esto no ha hecho m\u00e1s que empezar&#8230;  <\/p>\n\n<div style=\"height:20px\" aria-hidden=\"true\" class=\"wp-block-spacer\"><\/div>\n\n<h2 class=\"wp-block-heading\">Tambi\u00e9n suministramos el stock y la transacci\u00f3n<\/h2>\n\n<p>Nuestros sistemas y procesos gestionan lo que se necesita. Sabemos d\u00f3nde y cu\u00e1ndo se necesitan los botes y nos aseguramos de que nuestros afiliados tengan existencias adecuadas para abastecer al cliente cuando llegue a recoger su alquiler.  <\/p>\n\n<p>Dado que todo se gestiona online antes de que llegue el cliente, el proceso de entrada\/salida es sencillo y r\u00e1pido. No ser\u00e1 una carga ni para tu personal ni, lo que es m\u00e1s importante, para el cliente, que podr\u00e1 recorrer tu tienda en busca de otros art\u00edculos que probablemente necesite en su viaje o en el vuelo de regreso a casa. <\/p>\n\n<div style=\"height:20px\" aria-hidden=\"true\" class=\"wp-block-spacer\"><\/div>\n\n<h2 class=\"wp-block-heading\">\u00a1Un acuerdo beneficioso para todos!<\/h2>\n\n<p>Todo el mundo, incluido el cliente, gana con este acuerdo. Adem\u00e1s, hay otros \u00abganadores\u00bb a tener en cuenta, ya que hay un suministro f\u00e1cil de botes de spray para osos disponibles para las personas que visitan Alaska. Dado que no se permite volar con spray para osos, habr\u00e1 menos botes \u00abcomprados\u00bb que terminen en los vertederos cuando la gente tenga que deshacerse de ellos antes de irse. Tambi\u00e9n es mejor para nuestra poblaci\u00f3n de osos que se utilicen disuasorios no letales para controlar a los osos agresivos ocasionales. Tener spray para osos f\u00e1cilmente disponible o m\u00e1s asequible aumentar\u00e1 el n\u00famero de personas que est\u00e9n preparadas para responder adecuadamente a una situaci\u00f3n cr\u00edtica. Esto, en \u00faltima instancia, ayuda a la imagen de nuestro estado, ya que a nadie le gusta leer en las noticias sobre encuentros entre humanos y osos que terminan con una fatalidad. Hay muchos \u00abganadores\u00bb con esto y queremos que formes parte de ello.      <\/p>\n\n<div style=\"height:20px\" aria-hidden=\"true\" class=\"wp-block-spacer\"><\/div>\n\n<p>Ponte en contacto con nosotros mediante el siguiente formulario y nos pondremos en contacto contigo lo antes posible para hablar m\u00e1s a fondo:<\/p>\n<style id=\"wpforms-css-vars-484-block-21896081-9a95-4acc-b8a9-e6ceeea47f7a\">\n\t\t\t\t#wpforms-484.wpforms-block-21896081-9a95-4acc-b8a9-e6ceeea47f7a {\n\t\t\t\t--wpforms-label-color: var(--base);\n--wpforms-label-sublabel-color: var(--base);\n--wpforms-field-background-color: var(--base);\n--wpforms-field-border-color: var(--contrast-2);\n--wpforms-field-border-color-spare: var(--contrast-2);\n--wpforms-field-text-color: var(--contrast);\n--wpforms-field-menu-color: var(--base);\n--wpforms-button-background-color: var(--accent);\n--wpforms-button-text-color: var(--contrast);\n--wpforms-field-size-input-height: 43px;\n--wpforms-field-size-input-spacing: 15px;\n--wpforms-field-size-font-size: 16px;\n--wpforms-field-size-line-height: 19px;\n--wpforms-field-size-padding-h: 14px;\n--wpforms-field-size-checkbox-size: 16px;\n--wpforms-field-size-sublabel-spacing: 5px;\n--wpforms-field-size-icon-size: 1;\n--wpforms-label-size-font-size: 18px;\n--wpforms-label-size-line-height: 21px;\n--wpforms-label-size-sublabel-font-size: 16px;\n--wpforms-label-size-sublabel-line-height: 19px;\n--wpforms-button-size-font-size: 17px;\n--wpforms-button-size-height: 41px;\n--wpforms-button-size-padding-h: 15px;\n--wpforms-button-size-margin-top: 10px;\n--wpforms-container-shadow-size-box-shadow: none;\n\t\t\t}\n\t\t\t<\/style><div class=\"wpforms-container wpforms-container-full wpforms-block wpforms-block-21896081-9a95-4acc-b8a9-e6ceeea47f7a wpforms-render-modern\" id=\"wpforms-484\"><form id=\"wpforms-form-484\" class=\"wpforms-validate wpforms-form wpforms-ajax-form\" data-formid=\"484\" method=\"post\" enctype=\"multipart\/form-data\" action=\"\/es\/wp-json\/wp\/v2\/pages\/3998\" data-token=\"aee6dd7594d5098adfd66041ac208e8e\" data-token-time=\"1777497456\"><noscript class=\"wpforms-error-noscript\">Por favor, activa JavaScript en tu navegador para completar este formulario.<\/noscript><div id=\"wpforms-error-noscript\" style=\"display: none;\">Por favor, activa JavaScript en tu navegador para completar este formulario.<\/div><div class=\"wpforms-field-container\"><div id=\"wpforms-484-field_0-container\" class=\"wpforms-field wpforms-field-name\" data-field-id=\"0\"><fieldset><legend class=\"wpforms-field-label\">Name <span class=\"wpforms-required-label\" aria-hidden=\"true\">*<\/span><\/legend><div class=\"wpforms-field-row wpforms-field-medium\"><div class=\"wpforms-field-row-block wpforms-first wpforms-one-half\"><input type=\"text\" id=\"wpforms-484-field_0\" class=\"wpforms-field-name-first wpforms-field-required\" name=\"wpforms[fields][0][first]\" aria-errormessage=\"wpforms-484-field_0-error\" required><label for=\"wpforms-484-field_0\" class=\"wpforms-field-sublabel after\">Nombre<\/label><\/div><div class=\"wpforms-field-row-block wpforms-one-half\"><input type=\"text\" id=\"wpforms-484-field_0-last\" class=\"wpforms-field-name-last wpforms-field-required\" name=\"wpforms[fields][0][last]\" aria-errormessage=\"wpforms-484-field_0-last-error\" required><label for=\"wpforms-484-field_0-last\" class=\"wpforms-field-sublabel after\">Apellidos<\/label><\/div><\/div><\/fieldset><\/div><div id=\"wpforms-484-field_3-container\" class=\"wpforms-field wpforms-field-text\" data-field-id=\"3\"><label class=\"wpforms-field-label\" for=\"wpforms-484-field_3\">Company Name <span class=\"wpforms-required-label\" aria-hidden=\"true\">*<\/span><\/label><input type=\"text\" id=\"wpforms-484-field_3\" class=\"wpforms-field-medium wpforms-field-required\" name=\"wpforms[fields][3]\" aria-errormessage=\"wpforms-484-field_3-error\" required><\/div><div id=\"wpforms-484-field_1-container\" class=\"wpforms-field wpforms-field-email\" data-field-id=\"1\"><label class=\"wpforms-field-label\" for=\"wpforms-484-field_1\">Email <span class=\"wpforms-required-label\" aria-hidden=\"true\">*<\/span><\/label><input type=\"email\" id=\"wpforms-484-field_1\" class=\"wpforms-field-medium wpforms-field-required\" name=\"wpforms[fields][1]\" spellcheck=\"false\" aria-errormessage=\"wpforms-484-field_1-error\" required><\/div><div id=\"wpforms-484-field_4-container\" class=\"wpforms-field wpforms-field-phone\" data-field-id=\"4\"><label class=\"wpforms-field-label\" for=\"wpforms-484-field_4\">Phone <span class=\"wpforms-required-label\" aria-hidden=\"true\">*<\/span><\/label><input type=\"tel\" id=\"wpforms-484-field_4\" class=\"wpforms-field-medium wpforms-field-required wpforms-smart-phone-field\" data-rule-smart-phone-field=\"true\" name=\"wpforms[fields][4]\" aria-label=\"Phone\" aria-errormessage=\"wpforms-484-field_4-error\" required><\/div><div id=\"wpforms-484-field_5-container\" class=\"wpforms-field wpforms-field-text\" data-field-id=\"5\"><label class=\"wpforms-field-label\" for=\"wpforms-484-field_5\">Location(s) <span class=\"wpforms-required-label\" aria-hidden=\"true\">*<\/span><\/label><input type=\"text\" id=\"wpforms-484-field_5\" class=\"wpforms-field-medium wpforms-field-required\" name=\"wpforms[fields][5]\" aria-errormessage=\"wpforms-484-field_5-error\" aria-describedby=\"wpforms-484-field_5-description\" required><div id=\"wpforms-484-field_5-description\" class=\"wpforms-field-description\">What cities inside Alaska do you operate?<\/div><\/div><div id=\"wpforms-484-field_2-container\" class=\"wpforms-field wpforms-field-textarea\" data-field-id=\"2\"><label class=\"wpforms-field-label\" for=\"wpforms-484-field_2\">Comment or Message<\/label><textarea id=\"wpforms-484-field_2\" class=\"wpforms-field-medium\" name=\"wpforms[fields][2]\" aria-errormessage=\"wpforms-484-field_2-error\" ><\/textarea><\/div><div id=\"wpforms-484-field_6-container\" class=\"wpforms-field wpforms-field-captcha\" data-field-id=\"6\"><label class=\"wpforms-field-label\" for=\"wpforms-484-field_6\">Are You a Human? <span class=\"wpforms-required-label\" aria-hidden=\"true\">*<\/span><\/label><p id=\"wpforms-484-field_6-question\" class=\"wpforms-captcha-question\">What is one plus one? (type the word)<\/p>\n\t\t<input type=\"text\" id=\"wpforms-484-field_6\" class=\"wpforms-field-medium wpforms-field-required a\" data-rule-wpf-captcha=\"qa\" data-is-wrapped-field=\"1\" data-a=\"two\" name=\"wpforms[fields][6][a]\" aria-errormessage=\"wpforms-484-field_6-error\" aria-describedby=\"wpforms-484-field_6-question\" required>\n\t\t<input type=\"hidden\" name=\"wpforms[fields][6][q]\" value=\"1\">\n\n\t\t<\/div><\/div><!-- .wpforms-field-container --><div class=\"wpforms-submit-container\" ><input type=\"hidden\" name=\"wpforms[id]\" value=\"484\"><input type=\"hidden\" name=\"page_title\" value=\"\"><input type=\"hidden\" name=\"page_url\" value=\"https:\/\/www.alaskabearspray.com\/es\/wp-json\/wp\/v2\/pages\/3998\"><input type=\"hidden\" name=\"url_referer\" value=\"\"><button type=\"submit\" name=\"wpforms[submit]\" id=\"wpforms-submit-484\" class=\"wpforms-submit\" data-alt-text=\"Sending...\" data-submit-text=\"Submit\" aria-live=\"assertive\" value=\"wpforms-submit\">Submit<\/button><img decoding=\"async\" src=\"https:\/\/www.alaskabearspray.com\/wp-content\/plugins\/wpforms\/assets\/images\/submit-spin.svg\" class=\"wpforms-submit-spinner\" style=\"display: none;\" width=\"26\" height=\"26\" alt=\"Cargando\"><\/div><\/form><\/div>  <!-- .wpforms-container -->","protected":false},"excerpt":{"rendered":"<p>\u00a1S\u00e9 afiliado de Alaska Bear Spray! \u00bfTe interesa convertirte en un sitio afiliado proporcionando un lugar de recogida\/entrega para Alaska Bear Spray Rental? Estamos trabajando para expandir r\u00e1pidamente nuestras operaciones y ofertas a todos los rincones del estado y necesitamos sitios afiliados que compartan nuestra visi\u00f3n de proporcionar un producto muy necesario con el mejor servicio posible a los visitantes &#8230; <a title=\"Afiliados\" class=\"read-more\" href=\"https:\/\/www.alaskabearspray.com\/es\/afiliados\/\" aria-label=\"Leer m\u00e1s sobre Afiliados\">Full Story<\/a><\/p>\n","protected":false},"author":1,"featured_media":0,"parent":0,"menu_order":0,"comment_status":"closed","ping_status":"closed","template":"","meta":{"slim_seo":{"title":"Alaska Bear Spray Rental: hazte afiliado","description":"\u00bfTe interesa convertirte en un sitio afiliado proporcionando un lugar de recogida\/entrega para Alaska Bear Spray Rental? \u00a1Queremos colaborar contigo!","canonical":"https:\/\/www.alaskabearspray.com\/affiliates\/"},"footnotes":""},"class_list":["post-3998","page","type-page","status-publish"],"_links":{"self":[{"href":"https:\/\/www.alaskabearspray.com\/es\/wp-json\/wp\/v2\/pages\/3998","targetHints":{"allow":["GET"]}}],"collection":[{"href":"https:\/\/www.alaskabearspray.com\/es\/wp-json\/wp\/v2\/pages"}],"about":[{"href":"https:\/\/www.alaskabearspray.com\/es\/wp-json\/wp\/v2\/types\/page"}],"author":[{"embeddable":true,"href":"https:\/\/www.alaskabearspray.com\/es\/wp-json\/wp\/v2\/users\/1"}],"replies":[{"embeddable":true,"href":"https:\/\/www.alaskabearspray.com\/es\/wp-json\/wp\/v2\/comments?post=3998"}],"version-history":[{"count":1,"href":"https:\/\/www.alaskabearspray.com\/es\/wp-json\/wp\/v2\/pages\/3998\/revisions"}],"predecessor-version":[{"id":3999,"href":"https:\/\/www.alaskabearspray.com\/es\/wp-json\/wp\/v2\/pages\/3998\/revisions\/3999"}],"wp:attachment":[{"href":"https:\/\/www.alaskabearspray.com\/es\/wp-json\/wp\/v2\/media?parent=3998"}],"curies":[{"name":"wp","href":"https:\/\/api.w.org\/{rel}","templated":true}]}}