{"id":3991,"date":"2024-09-08T01:31:26","date_gmt":"2024-09-08T05:31:26","guid":{"rendered":"https:\/\/www.alaskabearspray.com\/acerca-de-alaska-bear-spray-rental\/"},"modified":"2026-02-02T15:28:06","modified_gmt":"2026-02-02T20:28:06","slug":"acerca-de-alaska-bear-spray-rental","status":"publish","type":"page","link":"https:\/\/www.alaskabearspray.com\/es\/acerca-de-alaska-bear-spray-rental\/","title":{"rendered":"Acerca de Alaska Bear Spray Rental&#8230;"},"content":{"rendered":"\n<p>Alaska Bear Spray Rental fue fundada por Alex despu\u00e9s de completar su servicio en la Infanter\u00eda de Marina y regresar a su estado natal de Alaska. Con la ayuda de su esposa, Amanda, ambos se propusieron crear un negocio para proporcionar un servicio muy necesario en Alaska con un servicio de atenci\u00f3n al cliente de primera categor\u00eda. En 2024, se form\u00f3 Alaska Bear Spray Rental y seguir\u00e1 creciendo y atendiendo las necesidades de los visitantes que vienen a Alaska y que necesitan y\/o desean spray para osos.  <\/p>\n<div class=\"gb-container gb-container-cfbe983d alignfull\">\n\n<div class=\"wp-block-columns is-layout-flex wp-container-core-columns-is-layout-9d6595d7 wp-block-columns-is-layout-flex\">\n<div class=\"wp-block-column is-layout-flow wp-block-column-is-layout-flow\"><\/div>\n\n\n\n<div class=\"wp-block-column is-layout-flow wp-block-column-is-layout-flow\"><div class=\"wp-block-image\">\n<figure class=\"aligncenter size-medium is-resized\"><img decoding=\"async\" width=\"300\" height=\"300\" src=\"https:\/\/www.alaskabearspray.com\/wp-content\/uploads\/2024\/09\/Alex-300x300.jpg\" alt=\"Alex\" class=\"wp-image-201\" style=\"object-fit:cover;width:250px;height:250px\" srcset=\"https:\/\/www.alaskabearspray.com\/wp-content\/uploads\/2024\/09\/Alex-300x300.jpg 300w, https:\/\/www.alaskabearspray.com\/wp-content\/uploads\/2024\/09\/Alex-150x150.jpg 150w, https:\/\/www.alaskabearspray.com\/wp-content\/uploads\/2024\/09\/Alex-100x100.jpg 100w, https:\/\/www.alaskabearspray.com\/wp-content\/uploads\/2024\/09\/Alex-400x400.jpg 400w\" sizes=\"(max-width: 300px) 100vw, 300px\" \/><figcaption class=\"wp-element-caption\">Alex<\/figcaption><\/figure>\n<\/div><\/div>\n\n\n\n<div class=\"wp-block-column is-layout-flow wp-block-column-is-layout-flow\"><div class=\"wp-block-image\">\n<figure class=\"aligncenter size-medium is-resized\"><img decoding=\"async\" width=\"300\" height=\"300\" src=\"https:\/\/www.alaskabearspray.com\/wp-content\/uploads\/2024\/09\/Amanda-300x300.jpg\" alt=\"Amanda\" class=\"wp-image-203\" style=\"object-fit:cover;width:250px;height:250px\" srcset=\"https:\/\/www.alaskabearspray.com\/wp-content\/uploads\/2024\/09\/Amanda-300x300.jpg 300w, https:\/\/www.alaskabearspray.com\/wp-content\/uploads\/2024\/09\/Amanda-150x150.jpg 150w, https:\/\/www.alaskabearspray.com\/wp-content\/uploads\/2024\/09\/Amanda-100x100.jpg 100w, https:\/\/www.alaskabearspray.com\/wp-content\/uploads\/2024\/09\/Amanda-400x400.jpg 400w\" sizes=\"(max-width: 300px) 100vw, 300px\" \/><figcaption class=\"wp-element-caption\">Amanda<\/figcaption><\/figure>\n<\/div><\/div>\n\n\n\n<div class=\"wp-block-column is-layout-flow wp-block-column-is-layout-flow\"><\/div>\n<\/div>\n\n<\/div>\n<p>Tanto Alex como Amanda aman la naturaleza y se consideran afortunados de llamar hogar a Alaska. Frecuentan los senderos en Anchorage y sus alrededores, y les encanta viajar por el estado y visitar otras zonas. <\/p>\n\n<div style=\"height:20px\" aria-hidden=\"true\" class=\"wp-block-spacer\"><\/div>\n<div class=\"wp-block-image\">\n<figure class=\"aligncenter size-large is-resized\"><img decoding=\"async\" width=\"1024\" height=\"815\" src=\"https:\/\/www.alaskabearspray.com\/wp-content\/uploads\/2024\/09\/AlaskaOutline-1-1024x815.webp\" alt=\"Alaska\" class=\"wp-image-458\" style=\"width:485px;height:auto\" srcset=\"https:\/\/www.alaskabearspray.com\/wp-content\/uploads\/2024\/09\/AlaskaOutline-1-1024x815.webp 1024w, https:\/\/www.alaskabearspray.com\/wp-content\/uploads\/2024\/09\/AlaskaOutline-1-300x239.webp 300w, https:\/\/www.alaskabearspray.com\/wp-content\/uploads\/2024\/09\/AlaskaOutline-1-768x611.webp 768w, https:\/\/www.alaskabearspray.com\/wp-content\/uploads\/2024\/09\/AlaskaOutline-1-1536x1223.webp 1536w, https:\/\/www.alaskabearspray.com\/wp-content\/uploads\/2024\/09\/AlaskaOutline-1-2048x1630.webp 2048w, https:\/\/www.alaskabearspray.com\/wp-content\/uploads\/2024\/09\/AlaskaOutline-1-600x478.webp 600w\" sizes=\"(max-width: 1024px) 100vw, 1024px\" \/><\/figure>\n<\/div>\n<div style=\"height:50px\" aria-hidden=\"true\" class=\"wp-block-spacer\"><\/div>\n\n<p>Algunos de sus lugares favoritos para ver osos en Alaska son:<\/p>\n\n<h4 class=\"wp-block-heading has-text-align-center\">El Centro de Naturaleza de Eagle River<\/h4>\n\n<h4 class=\"wp-block-heading has-text-align-center\">Glaciar Portage<\/h4>\n\n<h4 class=\"wp-block-heading has-text-align-center\">Seward<\/h4>\n\n<div style=\"height:20px\" aria-hidden=\"true\" class=\"wp-block-spacer\"><\/div>\n\n<p>Si te encuentras con Alex y Amanda en alg\u00fan lugar de Alaska, probablemente los ver\u00e1s llevando un bote de spray para osos. Es un m\u00e9todo eficaz, econ\u00f3mico y no letal para protegerse de un oso agresivo. S\u00ed, incluso los lugare\u00f1os llevan <a href=\"https:\/\/www.alaskabearspray.com\/product\/bear-spray-rental\/\" data-type=\"product\" data-id=\"185\">spray para osos<\/a>.  <\/p>\n","protected":false},"excerpt":{"rendered":"<p>Alaska Bear Spray Rental fue fundada por Alex despu\u00e9s de completar su servicio en la Infanter\u00eda de Marina y regresar a su estado natal de Alaska. Con la ayuda de su esposa, Amanda, ambos se propusieron crear un negocio para proporcionar un servicio muy necesario en Alaska con un servicio de atenci\u00f3n al cliente de primera categor\u00eda. En 2024, se &#8230; <a title=\"Acerca de Alaska Bear Spray Rental&#8230;\" class=\"read-more\" href=\"https:\/\/www.alaskabearspray.com\/es\/acerca-de-alaska-bear-spray-rental\/\" aria-label=\"Leer m\u00e1s sobre Acerca de Alaska Bear Spray Rental&#8230;\">Full Story<\/a><\/p>\n","protected":false},"author":1,"featured_media":0,"parent":0,"menu_order":0,"comment_status":"closed","ping_status":"closed","template":"","meta":{"slim_seo":{"title":"Alaska Bear Spray Rental - Sobre nosotros","description":"Alaska Bear Spray Rental fue fundada por Alex Watts, veterano local de Alaska y del USMC. Junto con su esposa Amanda, quer\u00edan facilitar la adquisici\u00f3n de spray para osos.","canonical":"https:\/\/www.alaskabearspray.com\/about\/"},"footnotes":""},"class_list":["post-3991","page","type-page","status-publish"],"_links":{"self":[{"href":"https:\/\/www.alaskabearspray.com\/es\/wp-json\/wp\/v2\/pages\/3991","targetHints":{"allow":["GET"]}}],"collection":[{"href":"https:\/\/www.alaskabearspray.com\/es\/wp-json\/wp\/v2\/pages"}],"about":[{"href":"https:\/\/www.alaskabearspray.com\/es\/wp-json\/wp\/v2\/types\/page"}],"author":[{"embeddable":true,"href":"https:\/\/www.alaskabearspray.com\/es\/wp-json\/wp\/v2\/users\/1"}],"replies":[{"embeddable":true,"href":"https:\/\/www.alaskabearspray.com\/es\/wp-json\/wp\/v2\/comments?post=3991"}],"version-history":[{"count":1,"href":"https:\/\/www.alaskabearspray.com\/es\/wp-json\/wp\/v2\/pages\/3991\/revisions"}],"predecessor-version":[{"id":3996,"href":"https:\/\/www.alaskabearspray.com\/es\/wp-json\/wp\/v2\/pages\/3991\/revisions\/3996"}],"wp:attachment":[{"href":"https:\/\/www.alaskabearspray.com\/es\/wp-json\/wp\/v2\/media?parent=3991"}],"curies":[{"name":"wp","href":"https:\/\/api.w.org\/{rel}","templated":true}]}}