{"id":3990,"date":"2024-09-16T13:28:48","date_gmt":"2024-09-16T17:28:48","guid":{"rendered":"https:\/\/www.alaskabearspray.com\/como-usar-el-spray-para-osos\/"},"modified":"2026-02-02T15:28:07","modified_gmt":"2026-02-02T20:28:07","slug":"como-usar-el-spray-para-osos","status":"publish","type":"page","link":"https:\/\/www.alaskabearspray.com\/es\/como-usar-el-spray-para-osos\/","title":{"rendered":"C\u00f3mo usar el spray para osos"},"content":{"rendered":"\n<p>Si est\u00e1 leyendo esto, lo m\u00e1s probable es que nos haya alquilado un spray para osos y haya sido remitido a esta p\u00e1gina en la confirmaci\u00f3n de su pedido. Felicitaciones por ser proactivo y tomarse el tiempo para aprender el uso adecuado del spray para osos. Prometemos ser breves para que pueda seguir disfrutando de nuestro hermoso estado. Ya hay tanta informaci\u00f3n buena en l\u00ednea que vamos a remitirle a algunos de estos documentos\/v\u00eddeos. Espec\u00edficamente, informaci\u00f3n que ha sido publicada por el Departamento de Pesca y Caza de Alaska, a quien considerar\u00edamos el experto en la materia sobre los osos de Alaska. Le recomendamos que lea\/vea, como m\u00ednimo, los enlaces que hemos proporcionado en la secci\u00f3n \u00abLo esencial\u00bb que se enumera a continuaci\u00f3n. Si desea m\u00e1s informaci\u00f3n, tenemos recursos adicionales para que consulte en la secci\u00f3n \u00abM\u00e1s informaci\u00f3n\u00bb. Empecemos&#8230;       <\/p>\n\n<div style=\"height:20px\" aria-hidden=\"true\" class=\"wp-block-spacer\"><\/div>\n\n<h2 class=\"wp-block-heading\">Usando el spray para osos&#8230; Lo esencial<\/h2>\n\n<p>Antes de comenzar con los enlaces a continuaci\u00f3n, es importante tener en cuenta que el spray para osos es un elemento disuasorio y no un repelente. No se lo roc\u00eda sobre s\u00ed mismo, como lo har\u00eda con un repelente de mosquitos, antes de dirigirse al territorio de los osos. El spray para osos es un elemento disuasorio que, en la mayor\u00eda de los casos, se nos devolver\u00e1 completamente sin usar. Ahora que hemos aclarado eso, revise los siguientes v\u00eddeos y documentos.   <\/p>\n\n<p>En primer lugar, utilizamos el disuasorio para osos UDAP \u00abPepper Power\u00bb. Las instrucciones proporcionadas por el fabricante se encuentran en cada bote y le recomendamos encarecidamente que las lea. Tambi\u00e9n puede leer\/revisar la etiqueta del bote haciendo clic <a href=\"https:\/\/www.udap.com\/bearlabel.pdf\" target=\"_blank\" rel=\"noopener\" title=\"\">aqu\u00ed<\/a>.  <\/p>\n\n<p><a href=\"https:\/\/www.youtube.com\/watch?v=pbTsK8rZZEg\" data-type=\"link\" data-id=\"https:\/\/www.youtube.com\/watch?v=pbTsK8rZZEg\" target=\"_blank\" rel=\"noreferrer noopener\">Tenga cuidado: Senderismo en territorio de osos<\/a> &#8211; V\u00eddeo (1 minuto 57 segundos)<\/p>\n\n<p><a href=\"https:\/\/www.adfg.alaska.gov\/static\/species\/livingwithwildlife\/bears\/pdfs\/bear_spray_what_you_should_know.pdf\" data-type=\"link\" data-id=\"https:\/\/www.adfg.alaska.gov\/static\/species\/livingwithwildlife\/bears\/pdfs\/bear_spray_what_you_should_know.pdf\" target=\"_blank\" rel=\"noreferrer noopener\">Lo que debe saber sobre el spray para osos<\/a> &#8211; Documento PDF (folleto de 2 p\u00e1ginas)<\/p>\n\n<p><a href=\"https:\/\/vimeo.com\/430177258\" data-type=\"link\" data-id=\"https:\/\/vimeo.com\/430177258\">Demostraci\u00f3n del spray para osos<\/a> &#8211; V\u00eddeo (1 minuto 30 segundos)<\/p>\n\n<p><a href=\"https:\/\/vimeo.com\/79843427\" data-type=\"link\" data-id=\"https:\/\/vimeo.com\/79843427\">Demostraci\u00f3n del spray para osos para cazadores<\/a> &#8211; V\u00eddeo (1 minuto 2 segundos) <\/p>\n\n<p>Por favor, h\u00e1gase un favor y haga clic en todos los enlaces anteriores y lea\/vea todo. Deber\u00eda tomar menos de 10 minutos y la informaci\u00f3n es invaluable.  <\/p>\n\n<div style=\"height:20px\" aria-hidden=\"true\" class=\"wp-block-spacer\"><\/div>\n\n<h2 class=\"wp-block-heading\">Usando el spray para osos&#8230; M\u00e1s informaci\u00f3n<\/h2>\n\n<p>Si desea a\u00fan m\u00e1s informaci\u00f3n o tiene un poco m\u00e1s de tiempo para profundizar en los osos de Alaska, el spray para osos y otros asuntos relacionados, le recomendamos que consulte los siguientes enlaces:<\/p>\n\n<p><a href=\"https:\/\/www.adfg.alaska.gov\/index.cfm?adfg=livingwithbears.main\" data-type=\"link\" data-id=\"https:\/\/www.adfg.alaska.gov\/index.cfm?adfg=livingwithbears.main\" target=\"_blank\" rel=\"noreferrer noopener\">Departamento de Pesca y Caza de Alaska &#8211; Viviendo con osos<\/a> (sitio web)<\/p>\n\n<p><a href=\"https:\/\/youtu.be\/nosOlcx-WmM?si=T8eyAUFCCgz4Erwg\" data-type=\"link\" data-id=\"https:\/\/youtu.be\/nosOlcx-WmM?si=T8eyAUFCCgz4Erwg\" target=\"_blank\" rel=\"noreferrer noopener\">Bear Aware &#8211; Pesca en territorio de osos<\/a> &#8211; V\u00eddeo (1 minuto 3 segundos)<\/p>\n\n<p><a href=\"https:\/\/www.muni.org\/Departments\/parks\/Pages\/Wildlife.aspx\" data-type=\"link\" data-id=\"https:\/\/www.muni.org\/Departments\/parks\/Pages\/Wildlife.aspx\" rel=\"nofollow\">Vida silvestre en Anchorage<\/a> (sitio web)<\/p>\n\n<p><a href=\"https:\/\/www.adfg.alaska.gov\/?adfg=livingwithbears.bearcountry\" data-type=\"link\" data-id=\"https:\/\/www.adfg.alaska.gov\/?adfg=livingwithbears.bearcountry\" target=\"_blank\" rel=\"noreferrer noopener\">Lo esencial para viajar en territorio de osos de Alaska<\/a> (sitio web)<\/p>\n\n<p><a href=\"https:\/\/www.nps.gov\/anch\/learn\/nature\/bear-safety-in-alaska.htm\" data-type=\"link\" data-id=\"https:\/\/www.nps.gov\/anch\/learn\/nature\/bear-safety-in-alaska.htm\" target=\"_blank\" rel=\"noreferrer noopener\">Seguridad contra osos en Alaska<\/a> (sitio web)<\/p>\n\n<div style=\"height:20px\" aria-hidden=\"true\" class=\"wp-block-spacer\"><\/div>\n\n<p>\u00a1Recuerde estar seguro y ser consciente de los osos!<\/p>\n\n<p><\/p>\n","protected":false},"excerpt":{"rendered":"<p>Si est\u00e1 leyendo esto, lo m\u00e1s probable es que nos haya alquilado un spray para osos y haya sido remitido a esta p\u00e1gina en la confirmaci\u00f3n de su pedido. Felicitaciones por ser proactivo y tomarse el tiempo para aprender el uso adecuado del spray para osos. Prometemos ser breves para que pueda seguir disfrutando de nuestro hermoso estado. Ya hay &#8230; <a title=\"C\u00f3mo usar el spray para osos\" class=\"read-more\" href=\"https:\/\/www.alaskabearspray.com\/es\/como-usar-el-spray-para-osos\/\" aria-label=\"Leer m\u00e1s sobre C\u00f3mo usar el spray para osos\">Full Story<\/a><\/p>\n","protected":false},"author":1,"featured_media":0,"parent":0,"menu_order":0,"comment_status":"closed","ping_status":"closed","template":"","meta":{"slim_seo":{"title":"Alaska Bear Spray Rental - C\u00f3mo usar el spray para osos","description":"Instrucciones en l\u00ednea sobre c\u00f3mo usar el spray para osos durante su visita a Alaska, que incluyen enlaces a otros sitios autorizados que brindan informaci\u00f3n adicional.","canonical":"https:\/\/www.alaskabearspray.com\/how-to-use-bear-spray\/"},"footnotes":""},"class_list":["post-3990","page","type-page","status-publish"],"_links":{"self":[{"href":"https:\/\/www.alaskabearspray.com\/es\/wp-json\/wp\/v2\/pages\/3990","targetHints":{"allow":["GET"]}}],"collection":[{"href":"https:\/\/www.alaskabearspray.com\/es\/wp-json\/wp\/v2\/pages"}],"about":[{"href":"https:\/\/www.alaskabearspray.com\/es\/wp-json\/wp\/v2\/types\/page"}],"author":[{"embeddable":true,"href":"https:\/\/www.alaskabearspray.com\/es\/wp-json\/wp\/v2\/users\/1"}],"replies":[{"embeddable":true,"href":"https:\/\/www.alaskabearspray.com\/es\/wp-json\/wp\/v2\/comments?post=3990"}],"version-history":[{"count":1,"href":"https:\/\/www.alaskabearspray.com\/es\/wp-json\/wp\/v2\/pages\/3990\/revisions"}],"predecessor-version":[{"id":3995,"href":"https:\/\/www.alaskabearspray.com\/es\/wp-json\/wp\/v2\/pages\/3990\/revisions\/3995"}],"wp:attachment":[{"href":"https:\/\/www.alaskabearspray.com\/es\/wp-json\/wp\/v2\/media?parent=3990"}],"curies":[{"name":"wp","href":"https:\/\/api.w.org\/{rel}","templated":true}]}}