{"id":3986,"date":"2024-09-08T01:30:40","date_gmt":"2024-09-08T05:30:40","guid":{"rendered":"https:\/\/www.alaskabearspray.com\/ubicaciones\/"},"modified":"2026-02-02T15:28:06","modified_gmt":"2026-02-02T20:28:06","slug":"ubicaciones","status":"publish","type":"page","link":"https:\/\/www.alaskabearspray.com\/es\/ubicaciones\/","title":{"rendered":"Ubicaciones"},"content":{"rendered":"\n<p>Puedes recoger\/devolver nuestros productos en cualquiera de las siguientes ubicaciones:<\/p>\n\n<figure class=\"wp-block-image size-full\"><img decoding=\"async\" width=\"600\" height=\"338\" src=\"https:\/\/www.alaskabearspray.com\/wp-content\/uploads\/2024\/09\/Anchorage.webp\" alt=\"Anchorage, Alaska\" class=\"wp-image-293\" srcset=\"https:\/\/www.alaskabearspray.com\/wp-content\/uploads\/2024\/09\/Anchorage.webp 600w, https:\/\/www.alaskabearspray.com\/wp-content\/uploads\/2024\/09\/Anchorage-300x169.webp 300w\" sizes=\"(max-width: 600px) 100vw, 600px\" \/><\/figure>\n\n<h2 class=\"gb-headline gb-headline-2e53a9f3 gb-headline-text\"><strong>Anchorage<\/strong><\/h2>\n<div class=\"gb-container gb-container-d7edcbcf\">\n\n<h3 class=\"gb-headline gb-headline-df3b923c gb-headline-text\"><strong>Boom! Coffee <\/strong><\/h3>\n\n\n\n<p>Convenientemente ubicado a pocos minutos del aeropuerto de Anchorage y abierto las 24 horas del d\u00eda. No solo puedes recoger\/devolver tu spray para osos en Boom! Coffee, sino que tambi\u00e9n puedes tomar excelentes bebidas fr\u00edas\/calientes, adem\u00e1s de algunas opciones de comida. \u00a1Boom! Coffee tambi\u00e9n tiene un servicio de autoservicio, por lo que ni siquiera tienes que salir de tu veh\u00edculo.    <\/p>\n\n\n\n<p>\u00a1Boom! Coffee est\u00e1 ubicado en <a href=\"https:\/\/maps.app.goo.gl\/1x4jMyF6nH7XLBvU7\" target=\"_blank\" rel=\"noopener\" title=\"815 W International Airport Rd.\">815 W International Airport Rd.<\/a> <\/p>\n\n\n\n<p class=\"has-text-align-center\"><strong>*** Los pedidos deben realizarse en l\u00ednea ***<\/strong><br\/>Por favor, no vayas directamente a Boom Coffee sin realizar un pedido primero.<\/p>\n\n<\/div><div class=\"gb-container gb-container-054e3a85\">\n\n<h3 class=\"gb-headline gb-headline-0dd96e47 gb-headline-text\"><strong><strong>Entrega a domicilio (20 $\/cargo)<\/strong><\/strong><\/h3>\n\n\n\n<p>Por una peque\u00f1a tarifa (20 $), te entregaremos tu alquiler directamente en tu hotel, alquiler o dondequiera que te alojes en el \u00e1rea de Anchorage. Cuando hayas terminado y est\u00e9s listo para devolverlo, iremos a recogerlo o puedes devolverlo a una ubicaci\u00f3n. <\/p>\n\n\n\n<p>Si seleccionas esta opci\u00f3n, nos pondremos en contacto contigo antes de la fecha seleccionada para confirmar los detalles.<\/p>\n\n<\/div>","protected":false},"excerpt":{"rendered":"<p>Puedes recoger\/devolver nuestros productos en cualquiera de las siguientes ubicaciones: Anchorage Boom! Coffee Convenientemente ubicado a pocos minutos del aeropuerto de Anchorage y abierto las 24 horas del d\u00eda. No solo puedes recoger\/devolver tu spray para osos en Boom! Coffee, sino que tambi\u00e9n puedes tomar excelentes bebidas fr\u00edas\/calientes, adem\u00e1s de algunas opciones de comida. \u00a1Boom! Coffee tambi\u00e9n tiene un servicio &#8230; <a title=\"Ubicaciones\" class=\"read-more\" href=\"https:\/\/www.alaskabearspray.com\/es\/ubicaciones\/\" aria-label=\"Leer m\u00e1s sobre Ubicaciones\">Full Story<\/a><\/p>\n","protected":false},"author":1,"featured_media":0,"parent":0,"menu_order":0,"comment_status":"closed","ping_status":"closed","template":"","meta":{"slim_seo":{"title":"Alaska Bear Spray Rental - Ubicaciones de alquiler","description":"Ubicaciones donde puedes recoger y devolver los botes de spray para osos que has alquilado en Alaska Bear Spray Rental.","canonical":"https:\/\/www.alaskabearspray.com\/locations\/"},"footnotes":""},"class_list":["post-3986","page","type-page","status-publish"],"_links":{"self":[{"href":"https:\/\/www.alaskabearspray.com\/es\/wp-json\/wp\/v2\/pages\/3986","targetHints":{"allow":["GET"]}}],"collection":[{"href":"https:\/\/www.alaskabearspray.com\/es\/wp-json\/wp\/v2\/pages"}],"about":[{"href":"https:\/\/www.alaskabearspray.com\/es\/wp-json\/wp\/v2\/types\/page"}],"author":[{"embeddable":true,"href":"https:\/\/www.alaskabearspray.com\/es\/wp-json\/wp\/v2\/users\/1"}],"replies":[{"embeddable":true,"href":"https:\/\/www.alaskabearspray.com\/es\/wp-json\/wp\/v2\/comments?post=3986"}],"version-history":[{"count":1,"href":"https:\/\/www.alaskabearspray.com\/es\/wp-json\/wp\/v2\/pages\/3986\/revisions"}],"predecessor-version":[{"id":3987,"href":"https:\/\/www.alaskabearspray.com\/es\/wp-json\/wp\/v2\/pages\/3986\/revisions\/3987"}],"wp:attachment":[{"href":"https:\/\/www.alaskabearspray.com\/es\/wp-json\/wp\/v2\/media?parent=3986"}],"curies":[{"name":"wp","href":"https:\/\/api.w.org\/{rel}","templated":true}]}}