{"id":3983,"date":"2024-09-15T12:22:48","date_gmt":"2024-09-15T16:22:48","guid":{"rendered":"https:\/\/www.alaskabearspray.com\/contactenos\/"},"modified":"2026-02-02T15:27:55","modified_gmt":"2026-02-02T20:27:55","slug":"contactenos","status":"publish","type":"page","link":"https:\/\/www.alaskabearspray.com\/es\/contactenos\/","title":{"rendered":"Cont\u00e1ctenos"},"content":{"rendered":"\n<p>\u00bfTiene alguna pregunta? \u00a1Tenemos las respuestas!<\/p>\n\n<p>Por favor, rellene el siguiente formulario con cualquier pregunta que tenga y alguien le responder\u00e1 lo antes posible.<\/p>\n<style id=\"wpforms-css-vars-438-block-2d608f0d-9eb3-4fc4-94e2-888f99c0b54a\">\n\t\t\t\t#wpforms-438.wpforms-block-2d608f0d-9eb3-4fc4-94e2-888f99c0b54a {\n\t\t\t\t--wpforms-label-color: var(--base);\n--wpforms-label-sublabel-color: var(--base);\n--wpforms-field-background-color: var(--base);\n--wpforms-field-border-color: var(--contrast-2);\n--wpforms-field-border-color-spare: var(--contrast-2);\n--wpforms-field-text-color: var(--contrast);\n--wpforms-field-menu-color: var(--base);\n--wpforms-button-background-color: var(--accent);\n--wpforms-button-text-color: var(--contrast);\n--wpforms-field-size-input-height: 43px;\n--wpforms-field-size-input-spacing: 15px;\n--wpforms-field-size-font-size: 16px;\n--wpforms-field-size-line-height: 19px;\n--wpforms-field-size-padding-h: 14px;\n--wpforms-field-size-checkbox-size: 16px;\n--wpforms-field-size-sublabel-spacing: 5px;\n--wpforms-field-size-icon-size: 1;\n--wpforms-label-size-font-size: 18px;\n--wpforms-label-size-line-height: 21px;\n--wpforms-label-size-sublabel-font-size: 16px;\n--wpforms-label-size-sublabel-line-height: 19px;\n--wpforms-button-size-font-size: 17px;\n--wpforms-button-size-height: 41px;\n--wpforms-button-size-padding-h: 15px;\n--wpforms-button-size-margin-top: 10px;\n--wpforms-container-shadow-size-box-shadow: none;\n\t\t\t}\n\t\t\t<\/style><div class=\"wpforms-container wpforms-container-full wpforms-block wpforms-block-2d608f0d-9eb3-4fc4-94e2-888f99c0b54a wpforms-render-modern\" id=\"wpforms-438\"><form id=\"wpforms-form-438\" class=\"wpforms-validate wpforms-form wpforms-ajax-form\" data-formid=\"438\" method=\"post\" enctype=\"multipart\/form-data\" action=\"\/es\/wp-json\/wp\/v2\/pages\/3983\" data-token=\"f0bf292eb3b48da11891cf8fd6a2c4e1\" data-token-time=\"1778692167\"><noscript class=\"wpforms-error-noscript\">Por favor, activa JavaScript en tu navegador para completar este formulario.<\/noscript><div id=\"wpforms-error-noscript\" style=\"display: none;\">Por favor, activa JavaScript en tu navegador para completar este formulario.<\/div><div class=\"wpforms-field-container\"><div id=\"wpforms-438-field_0-container\" class=\"wpforms-field wpforms-field-name\" data-field-id=\"0\"><fieldset><legend class=\"wpforms-field-label\">Nombre <span class=\"wpforms-required-label\" aria-hidden=\"true\">*<\/span><\/legend><div class=\"wpforms-field-row wpforms-field-medium\"><div class=\"wpforms-field-row-block wpforms-first wpforms-one-half\"><input type=\"text\" id=\"wpforms-438-field_0\" class=\"wpforms-field-name-first wpforms-field-required\" name=\"wpforms[fields][0][first]\" aria-errormessage=\"wpforms-438-field_0-error\" required><label for=\"wpforms-438-field_0\" class=\"wpforms-field-sublabel after\">Nombre<\/label><\/div><div class=\"wpforms-field-row-block wpforms-one-half\"><input type=\"text\" id=\"wpforms-438-field_0-last\" class=\"wpforms-field-name-last wpforms-field-required\" name=\"wpforms[fields][0][last]\" aria-errormessage=\"wpforms-438-field_0-last-error\" required><label for=\"wpforms-438-field_0-last\" class=\"wpforms-field-sublabel after\">Apellido<\/label><\/div><\/div><\/fieldset><\/div><div id=\"wpforms-438-field_1-container\" class=\"wpforms-field wpforms-field-email\" data-field-id=\"1\"><label class=\"wpforms-field-label\" for=\"wpforms-438-field_1\">Correo electr\u00f3nico <span class=\"wpforms-required-label\" aria-hidden=\"true\">*<\/span><\/label><input type=\"email\" id=\"wpforms-438-field_1\" class=\"wpforms-field-medium wpforms-field-required\" name=\"wpforms[fields][1]\" spellcheck=\"false\" aria-errormessage=\"wpforms-438-field_1-error\" required><\/div><div id=\"wpforms-438-field_3-container\" class=\"wpforms-field wpforms-field-phone\" data-field-id=\"3\"><label class=\"wpforms-field-label\" for=\"wpforms-438-field_3\">Tel\u00e9fono<\/label><input type=\"tel\" id=\"wpforms-438-field_3\" class=\"wpforms-field-medium wpforms-smart-phone-field\" data-rule-smart-phone-field=\"true\" name=\"wpforms[fields][3]\" aria-label=\"Tel\u00e9fono\" aria-errormessage=\"wpforms-438-field_3-error\" ><\/div><div id=\"wpforms-438-field_7-container\" class=\"wpforms-field wpforms-field-select wpforms-field-select-style-classic\" data-field-id=\"7\"><label class=\"wpforms-field-label\" for=\"wpforms-438-field_7\">\u00bfPodemos responderte por mensaje de texto?<\/label><select id=\"wpforms-438-field_7\" class=\"wpforms-field-medium\" name=\"wpforms[fields][7]\"><option value=\"No\"  class=\"choice-1 depth-1\"  >No<\/option><option value=\"S\u00ed\"  class=\"choice-2 depth-1\"  >S\u00ed<\/option><\/select><div id=\"wpforms-438-field_7-description\" class=\"wpforms-field-description\">Si respondes \u00abs\u00ed\u00bb, aceptas recibir mensajes de texto de Alaska Bear Spray Rental en el n\u00famero de tel\u00e9fono proporcionado anteriormente. Estos no ser\u00edan mensajes de marketing y solo responder\u00edan a tu consulta. Se pueden aplicar tarifas de mensajes y datos. Puedes darte de baja en cualquier momento respondiendo &#8216;STOP&#8217;. Para obtener m\u00e1s informaci\u00f3n, consulta nuestra <a href=\"https:\/\/www.alaskabearspray.com\/es\/politica-de-privacidad\/\">Pol\u00edtica de privacidad<\/a>.    <\/div><\/div><div id=\"wpforms-438-field_2-container\" class=\"wpforms-field wpforms-field-textarea\" data-field-id=\"2\"><label class=\"wpforms-field-label\" for=\"wpforms-438-field_2\">Comentario o mensaje<\/label><textarea id=\"wpforms-438-field_2\" class=\"wpforms-field-medium\" name=\"wpforms[fields][2]\" aria-errormessage=\"wpforms-438-field_2-error\" ><\/textarea><\/div><div id=\"wpforms-438-field_4-container\" class=\"wpforms-field wpforms-field-captcha\" data-field-id=\"4\"><label class=\"wpforms-field-label\" for=\"wpforms-438-field_4\">\u00bfEres una persona real? <span class=\"wpforms-required-label\" aria-hidden=\"true\">*<\/span><\/label><p id=\"wpforms-438-field_4-question\" class=\"wpforms-captcha-question\">\u00bfUno m\u00e1s uno es igual a? (escribe la palabra, por favor) <\/p>\n\t\t<input type=\"text\" id=\"wpforms-438-field_4\" class=\"wpforms-field-medium wpforms-field-required a\" data-rule-wpf-captcha=\"qa\" data-is-wrapped-field=\"1\" data-a=\"dos\" name=\"wpforms[fields][4][a]\" aria-errormessage=\"wpforms-438-field_4-error\" aria-describedby=\"wpforms-438-field_4-question\" required>\n\t\t<input type=\"hidden\" name=\"wpforms[fields][4][q]\" value=\"1\">\n\n\t\t<\/div><\/div><!-- .wpforms-field-container --><div class=\"wpforms-recaptcha-container wpforms-is-recaptcha wpforms-is-recaptcha-type-v2\" ><div class=\"g-recaptcha\" data-sitekey=\"6LdpxkQqAAAAABMQA7aH7zUN7Gp-agdx-j0XIbaP\"><\/div><input type=\"text\" name=\"g-recaptcha-hidden\" class=\"wpforms-recaptcha-hidden\" style=\"position:absolute!important;clip:rect(0,0,0,0)!important;height:1px!important;width:1px!important;border:0!important;overflow:hidden!important;padding:0!important;margin:0!important;\" data-rule-recaptcha=\"1\"><\/div><div class=\"wpforms-submit-container\" ><input type=\"hidden\" name=\"wpforms[id]\" value=\"438\"><input type=\"hidden\" name=\"page_title\" value=\"\"><input type=\"hidden\" name=\"page_url\" value=\"https:\/\/www.alaskabearspray.com\/es\/wp-json\/wp\/v2\/pages\/3983\"><input type=\"hidden\" name=\"url_referer\" value=\"\"><button type=\"submit\" name=\"wpforms[submit]\" id=\"wpforms-submit-438\" class=\"wpforms-submit\" data-alt-text=\"Enviando...\" data-submit-text=\"Enviar\" aria-live=\"assertive\" value=\"wpforms-submit\">Enviar<\/button><img decoding=\"async\" src=\"https:\/\/www.alaskabearspray.com\/wp-content\/plugins\/wpforms\/assets\/images\/submit-spin.svg\" class=\"wpforms-submit-spinner\" style=\"display: none;\" width=\"26\" height=\"26\" alt=\"Cargando\"><\/div><\/form><\/div>  <!-- .wpforms-container -->","protected":false},"excerpt":{"rendered":"<p>\u00bfTiene alguna pregunta? \u00a1Tenemos las respuestas! Por favor, rellene el siguiente formulario con cualquier pregunta que tenga y alguien le responder\u00e1 lo antes posible.<\/p>\n","protected":false},"author":1,"featured_media":0,"parent":0,"menu_order":0,"comment_status":"closed","ping_status":"closed","template":"","meta":{"slim_seo":{"title":"Alaska Bear Spray Rental - Contacto","description":"\u00bfTiene alguna pregunta? \u00a1Tenemos las respuestas! Nos encanta saber de gente interesada en Alaska, el spray para osos o cualquier pregunta que tenga sobre el alquiler de spray para osos.","canonical":"https:\/\/www.alaskabearspray.com\/contact-us\/"},"footnotes":""},"class_list":["post-3983","page","type-page","status-publish"],"_links":{"self":[{"href":"https:\/\/www.alaskabearspray.com\/es\/wp-json\/wp\/v2\/pages\/3983","targetHints":{"allow":["GET"]}}],"collection":[{"href":"https:\/\/www.alaskabearspray.com\/es\/wp-json\/wp\/v2\/pages"}],"about":[{"href":"https:\/\/www.alaskabearspray.com\/es\/wp-json\/wp\/v2\/types\/page"}],"author":[{"embeddable":true,"href":"https:\/\/www.alaskabearspray.com\/es\/wp-json\/wp\/v2\/users\/1"}],"replies":[{"embeddable":true,"href":"https:\/\/www.alaskabearspray.com\/es\/wp-json\/wp\/v2\/comments?post=3983"}],"version-history":[{"count":1,"href":"https:\/\/www.alaskabearspray.com\/es\/wp-json\/wp\/v2\/pages\/3983\/revisions"}],"predecessor-version":[{"id":3984,"href":"https:\/\/www.alaskabearspray.com\/es\/wp-json\/wp\/v2\/pages\/3983\/revisions\/3984"}],"wp:attachment":[{"href":"https:\/\/www.alaskabearspray.com\/es\/wp-json\/wp\/v2\/media?parent=3983"}],"curies":[{"name":"wp","href":"https:\/\/api.w.org\/{rel}","templated":true}]}}