{"id":3978,"date":"2025-07-31T20:38:24","date_gmt":"2025-08-01T00:38:24","guid":{"rendered":"https:\/\/www.alaskabearspray.com\/salvando-botes-de-los-vertederos\/"},"modified":"2026-02-02T15:27:54","modified_gmt":"2026-02-02T20:27:54","slug":"salvando-botes-de-los-vertederos","status":"publish","type":"page","link":"https:\/\/www.alaskabearspray.com\/es\/salvando-botes-de-los-vertederos\/","title":{"rendered":"Salvando botes de los vertederos"},"content":{"rendered":"\n<p>Mantenemos una estad\u00edstica divertida en la parte inferior de nuestro sitio web que quiz\u00e1s haya notado. Es un n\u00famero que muestra el total de botes que hemos salvado de entrar en el vertedero local desde nuestro primer pedido a principios de 2025. El n\u00famero se actualiza en tiempo real e incluso puede verlo incrementarse despu\u00e9s de realizar un pedido con nosotros:  <\/p>\n\n<div style=\"height:20px\" aria-hidden=\"true\" class=\"wp-block-spacer\"><\/div>\n\n<h2 class=\"gb-headline gb-headline-f3ce1b2a gb-headline-text\">Botes actuales salvados del vertedero: 1625<\/h2>\n\n<div style=\"height:20px\" aria-hidden=\"true\" class=\"wp-block-spacer\"><\/div>\n\n<p><strong>\u00bfQu\u00e9 significa esto exactamente?<\/strong> Bueno, la mayor\u00eda de los 3 millones de personas que visitan Alaska llegan aqu\u00ed en avi\u00f3n o barco. Dado que no puede llevar consigo spray para osos cuando se va (o traerlo consigo cuando llega), ya que los botes no est\u00e1n permitidos en aviones o barcos. Antes de tener una forma f\u00e1cil y rentable de alquilar spray para osos, la mayor\u00eda de la gente lo compraba y terminaba tir\u00e1ndolo cuando se iba. Estos eventualmente terminar\u00edan en nuestros vertederos locales. No solo es esto completamente innecesario, sino que tambi\u00e9n es caro comprar spray para osos solo para tirarlo despu\u00e9s de que haya terminado de necesitarlo. Necesitaba haber una mejor manera y ahora, afortunadamente, hay una mejor manera&#8230;     <\/p>\n\n<div style=\"height:20px\" aria-hidden=\"true\" class=\"wp-block-spacer\"><\/div>\n\n<h3 class=\"gb-headline gb-headline-f6aeceec gb-headline-text\">\u00a1Alquila, no compres!<\/h3>\n\n<div style=\"height:20px\" aria-hidden=\"true\" class=\"wp-block-spacer\"><\/div>\n\n<p>Ay\u00fadanos a ayudar a nuestros vertederos alquilando spray para osos y no compr\u00e1ndolo. \u00a1Juntos podemos hacer una mejora, un bote a la vez! <\/p>\n\n<div style=\"height:20px\" aria-hidden=\"true\" class=\"wp-block-spacer\"><\/div>\n\n<h3 class=\"gb-headline gb-headline-2d18392a gb-headline-text\">\u00a1Juega seguro y lleva spray para osos cuando visites Alaska!<br>\u00a1Juega inteligentemente y alqu\u00edlalo en Alaska Bear Spray Rental!<\/h3>\n","protected":false},"excerpt":{"rendered":"<p>Mantenemos una estad\u00edstica divertida en la parte inferior de nuestro sitio web que quiz\u00e1s haya notado. Es un n\u00famero que muestra el total de botes que hemos salvado de entrar en el vertedero local desde nuestro primer pedido a principios de 2025. El n\u00famero se actualiza en tiempo real e incluso puede verlo incrementarse despu\u00e9s de realizar un pedido con &#8230; <a title=\"Salvando botes de los vertederos\" class=\"read-more\" href=\"https:\/\/www.alaskabearspray.com\/es\/salvando-botes-de-los-vertederos\/\" aria-label=\"Leer m\u00e1s sobre Salvando botes de los vertederos\">Full Story<\/a><\/p>\n","protected":false},"author":1,"featured_media":0,"parent":0,"menu_order":0,"comment_status":"closed","ping_status":"closed","template":"","meta":{"slim_seo":{"title":"Salvando botes de los vertederos - Alaska Bear Spray Rental","description":"Mantenemos una estad\u00edstica divertida en la parte inferior de nuestro sitio web que quiz\u00e1s haya notado. Es un n\u00famero que muestra el total de botes que hemos salv"},"footnotes":""},"class_list":["post-3978","page","type-page","status-publish"],"_links":{"self":[{"href":"https:\/\/www.alaskabearspray.com\/es\/wp-json\/wp\/v2\/pages\/3978","targetHints":{"allow":["GET"]}}],"collection":[{"href":"https:\/\/www.alaskabearspray.com\/es\/wp-json\/wp\/v2\/pages"}],"about":[{"href":"https:\/\/www.alaskabearspray.com\/es\/wp-json\/wp\/v2\/types\/page"}],"author":[{"embeddable":true,"href":"https:\/\/www.alaskabearspray.com\/es\/wp-json\/wp\/v2\/users\/1"}],"replies":[{"embeddable":true,"href":"https:\/\/www.alaskabearspray.com\/es\/wp-json\/wp\/v2\/comments?post=3978"}],"version-history":[{"count":1,"href":"https:\/\/www.alaskabearspray.com\/es\/wp-json\/wp\/v2\/pages\/3978\/revisions"}],"predecessor-version":[{"id":3980,"href":"https:\/\/www.alaskabearspray.com\/es\/wp-json\/wp\/v2\/pages\/3978\/revisions\/3980"}],"wp:attachment":[{"href":"https:\/\/www.alaskabearspray.com\/es\/wp-json\/wp\/v2\/media?parent=3978"}],"curies":[{"name":"wp","href":"https:\/\/api.w.org\/{rel}","templated":true}]}}