{"id":3892,"date":"2024-09-10T14:54:21","date_gmt":"2024-09-10T18:54:21","guid":{"rendered":"https:\/\/www.alaskabearspray.com\/product\/baerenspray-verleih\/"},"modified":"2024-09-10T14:54:21","modified_gmt":"2024-09-10T18:54:21","slug":"baerenspray-verleih","status":"publish","type":"product","link":"https:\/\/www.alaskabearspray.com\/de\/product\/baerenspray-verleih\/","title":{"rendered":"B\u00e4renspray-Verleih"},"content":{"rendered":"<p>Warum B\u00e4renspray mieten, anstatt es zu kaufen? Das ist eine gute Frage, und wir bieten die folgenden Informationen zur \u00dcberlegung an: <\/p>\n<ol>\n<li><strong>Die Kosten<\/strong> \u2013 Der Kauf von B\u00e4renspray kann dich 50 bis 60 $ pro Dose kosten. Wir begrenzen unsere Mieten auf 28 $, sodass du mit einer Miete nie mehr als das bezahlst (max. 28 Tage Miete). Unsere Mieten sind auch so kalkuliert, dass die t\u00e4glichen Kosten sinken, je l\u00e4nger deine Mietdauer ist. Die Preise beginnen bei 12 $\/Tag, k\u00f6nnen aber bis zu 1,00 $\/Tag betragen (bei einer 28-Tage-Miete).  <\/li>\n<li><strong>Reiseherausforderungen<\/strong> \u2013 Die meisten Leute, die Alaska besuchen, fliegen in den Bundesstaat, was eine Herausforderung mit B\u00e4renspray darstellt, da B\u00e4renspray weder im aufgegebenen noch im Handgep\u00e4ck <strong>erlaubt ist<\/strong> (<a href=\"https:\/\/www.tsa.gov\/travel\/security-screening\/whatcanibring\/items\/bear-spray\" target=\"_blank\" rel=\"noopener\">1<\/a>). Du m\u00fcsstest also B\u00e4renspray in Alaska erwerben (entweder kaufen oder mieten) und, falls gekauft, d\u00fcrftest du es nicht mitnehmen. <\/li>\n<li><strong>Ablaufdatum<\/strong> \u2013 B\u00e4renspray h\u00e4lt nicht ewig. Die meisten Dosen laufen nach 3\u20135 Jahren ab. Wenn du es also nicht oft und kontinuierlich \u00fcber einen langen Zeitraum verwendest, ist es finanziell einfach nicht sinnvoll, eine Dose B\u00e4renspray zu besitzen. Wir pflegen unser Inventar und stellen sicher, dass alle gemieteten Dosen innerhalb ihres Verfallsdatums liegen.  <\/li>\n<li><strong>Die Umwelt<\/strong> \u2013 Wenn du B\u00e4renspray kaufst, wird es h\u00f6chstwahrscheinlich weggeworfen und landet irgendwann auf einer M\u00fclldeponie. Unsere Dosen werden wiederverwendet und am Ende ihrer Lebensdauer recycelt. <\/li>\n<\/ol>\n<p>Unsere B\u00e4renspraydosen sind auch sehr praktisch. Du musst nach deiner Ankunft in Alaska nicht nach B\u00e4renspray suchen. Die von dir bestellte(n) Dose(n) wird\/werden zugewiesen und an dem von dir angegebenen Abholort bereitgestellt. Wir garantieren es! Bei deiner Abreise haben wir bequeme Abgabestellen, sodass du auch damit nicht belastet wirst. Wenn du die Option der individuellen Lieferung\/Abholung w\u00e4hlst, werden wir dich etwa zwei Wochen vor deinem Termin kontaktieren, um die Details zu best\u00e4tigen.     <\/p>\n<p>Jede Dose enth\u00e4lt eine schriftliche Anleitung auf der Dose, wie man B\u00e4renspray effektiv einsetzt.<\/p>\n<p>Wir verwenden Dosen, die in den USA von amerikanischen Arbeitern mit amerikanischen Materialien hergestellt werden.<\/p>\n<p>Wir wiegen jede Dose, bevor wir sie einer Bestellung zuweisen. Es ist nicht n\u00f6tig, eine Dose zu \u201etesten\u201c, um sicherzustellen, dass sie Spray enth\u00e4lt. Die Verwendung gebrauchter Dosen kann zum Kauf der Dose f\u00fchren. Weitere Informationen findest du in den <a href=\"https:\/\/www.alaskabearspray.com\/de\/allgemeine-geschaeftsbedingungen\/\">Allgemeinen Gesch\u00e4ftsbedingungen<\/a>.   <\/p>\n","protected":false},"excerpt":{"rendered":"<p>Hinweis: Um sicherzustellen, dass deine Bestellung an dem von dir gew\u00e4hlten Ort verf\u00fcgbar ist, m\u00fcssen Bestellungen mindestens 48 Stunden vor dem geplanten Abholtermin aufgegeben werden. Wenn du etwas fr\u00fcher ben\u00f6tigst, kontaktiere uns bitte. Wir k\u00f6nnen dich m\u00f6glicherweise unterbringen.  <\/p>\n<p>Unser Standard-B\u00e4renspray-Angebot. Die Preise beginnen bei 12 $\/Tag und sinken, je mehr Tage du hinzuf\u00fcgst. Du zahlst nie eine Mietgeb\u00fchr von mehr als 28 $ pro Dose.  <\/p>\n<p>Wir haben das unserer Meinung nach beste Beh\u00e4ltnis f\u00fcr diesen Bereich ausgew\u00e4hlt. Unsere Beh\u00e4ltnisse bieten das h\u00f6chste verf\u00fcgbare Ausgabevolumen, sodass die Wolke, die zwischen dir und dem B\u00e4ren entsteht, gro\u00df ist und sich schnell bildet. <\/p>\n<p><strong>Wir empfehlen, mindestens ein Beh\u00e4ltnis pro Erwachsenem in deiner Gruppe zu mieten.<\/strong><\/p>\n<p>Bitte w\u00e4hle unten deine Daten, die Anzahl der Beh\u00e4ltnisse und den Abholort aus den Optionen aus:<\/p>\n","protected":false},"featured_media":618,"template":"","meta":{"slim_seo":{"title":"Alaska B\u00e4renspray-Verleih \u2013 B\u00e4renspray mieten","description":"Unser Standard-B\u00e4renspray-Verleihangebot. Die Preise beginnen bei 12 $\/Tag, \u00fcbersteigen nie 28 $ und beinhalten ein Holster zum einfachen Tragen deiner Dose.","canonical":"https:\/\/www.alaskabearspray.com\/product\/bear-spray-rental\/"}},"product_brand":[],"product_cat":[57],"product_tag":[],"class_list":{"0":"post-3892","1":"product","2":"type-product","3":"status-publish","4":"has-post-thumbnail","6":"product_cat-barenspray","7":"sales-flash-overlay","8":"woocommerce-text-align-center","9":"woocommerce-image-align-center","10":"do-quantity-buttons","12":"first","13":"instock","14":"virtual","15":"sold-individually","16":"purchasable","17":"product-type-phive_booking"},"_links":{"self":[{"href":"https:\/\/www.alaskabearspray.com\/de\/wp-json\/wp\/v2\/product\/3892","targetHints":{"allow":["GET"]}}],"collection":[{"href":"https:\/\/www.alaskabearspray.com\/de\/wp-json\/wp\/v2\/product"}],"about":[{"href":"https:\/\/www.alaskabearspray.com\/de\/wp-json\/wp\/v2\/types\/product"}],"wp:featuredmedia":[{"embeddable":true,"href":"https:\/\/www.alaskabearspray.com\/de\/wp-json\/wp\/v2\/media\/618"}],"wp:attachment":[{"href":"https:\/\/www.alaskabearspray.com\/de\/wp-json\/wp\/v2\/media?parent=3892"}],"wp:term":[{"taxonomy":"product_brand","embeddable":true,"href":"https:\/\/www.alaskabearspray.com\/de\/wp-json\/wp\/v2\/product_brand?post=3892"},{"taxonomy":"product_cat","embeddable":true,"href":"https:\/\/www.alaskabearspray.com\/de\/wp-json\/wp\/v2\/product_cat?post=3892"},{"taxonomy":"product_tag","embeddable":true,"href":"https:\/\/www.alaskabearspray.com\/de\/wp-json\/wp\/v2\/product_tag?post=3892"}],"curies":[{"name":"wp","href":"https:\/\/api.w.org\/{rel}","templated":true}]}}