{"id":3896,"date":"2024-09-07T23:22:42","date_gmt":"2024-09-08T03:22:42","guid":{"rendered":"https:\/\/www.alaskabearspray.com\/datenschutzbestimmungen\/"},"modified":"2026-01-26T18:04:42","modified_gmt":"2026-01-26T23:04:42","slug":"datenschutzbestimmungen","status":"publish","type":"page","link":"https:\/\/www.alaskabearspray.com\/de\/datenschutzbestimmungen\/","title":{"rendered":"Datenschutzbestimmungen"},"content":{"rendered":"\n<h2 class=\"wp-block-heading\">Wer wir sind<\/h2>\n\n<p>Wir sind Alaska Bear Spray Rental, LLC (auch bekannt als &#8222;Alaska Bear Spray Rental&#8220; und\/oder &#8222;Alaska Bear Spray&#8220;). Wir sind eine in Alaska registrierte Gesellschaft mit beschr\u00e4nkter Haftung (LLC). <\/p>\n\n<p>Unsere Website-Adresse lautet: https:\/\/www.AlaskaBearSpray.com.<\/p>\n\n<h3 class=\"wp-block-heading\">Welche Informationen erfassen wir?<\/h3>\n\n<p>Wir erfassen Informationen von Ihnen, wenn Sie sich in unsere Mailingliste eintragen, Informationen anfordern oder uns \u00fcber die Website kontaktieren. Wenn Sie sich anmelden oder uns kontaktieren, werden Sie m\u00f6glicherweise aufgefordert, Ihren Namen, Ihre E-Mail-Adresse und\/oder Ihre Telefonnummer anzugeben. Sie k\u00f6nnen unsere Website jedoch anonym besuchen und keine dieser Informationen angeben.  <\/p>\n\n<p>Wir protokollieren auch Informationen von Besuchern der Website, einschlie\u00dflich der IP-Adresse der Nutzer.<\/p>\n\n<h3 class=\"wp-block-heading\">Wie verwenden wir diese Informationen?<\/h3>\n\n<p>Alle Informationen, die wir von Ihnen erfassen, k\u00f6nnen auf eine der folgenden Arten verwendet werden:<\/p>\n\n<ul class=\"wp-block-list\">\n<li>Um regelm\u00e4\u00dfige E-Mails mit Updates \u00fcber Alaska Bear Spray Rental oder die von uns ver\u00f6ffentlichten Inhalte zu versenden.<\/li>\n\n\n\n<li>Ihnen Informationen zusenden, auf Anfragen antworten und\/oder andere Anfragen oder Fragen beantworten.<\/li>\n\n\n\n<li>Protokollierung der Nutzungsaktivit\u00e4ten auf der Website.<\/li>\n<\/ul>\n\n<h3 class=\"wp-block-heading\">Wie lange bewahren wir diese Informationen auf?<\/h3>\n\n<p>Informationen k\u00f6nnen unbegrenzt aufbewahrt werden. Dies umfasst alle Serverprotokolle, Bestelldaten, Kontaktformulare, Kommentare, die auf unserer Website eingehen usw. Wir k\u00f6nnen Informationen nach eigenem Ermessen f\u00fcr einen k\u00fcrzeren Zeitraum aufbewahren, aber niemals k\u00fcrzer als zur Einhaltung von Strafverfolgungs- oder Rechtsvorschriften erforderlich ist.  <\/p>\n\n<h3 class=\"wp-block-heading\">Wie sch\u00fctzen wir Ihre Informationen?<\/h3>\n\n<p>Wir setzen eine Vielzahl von Sicherheitsma\u00dfnahmen ein, um die Sicherheit Ihrer pers\u00f6nlichen Daten zu gew\u00e4hrleisten, wenn Sie Ihre pers\u00f6nlichen Daten eingeben oder \u00fcbermitteln.<\/p>\n\n<p>Alle bereitgestellten Informationen sind nur f\u00fcr diejenigen zug\u00e4nglich, die \u00fcber spezielle Zugriffsrechte f\u00fcr unsere Systeme verf\u00fcgen und die Informationen vertraulich behandeln m\u00fcssen. Der gesamte Datenzugriff ist passwortgesch\u00fctzt und unterliegt strengen Passwortanforderungen (mit Zwei-Faktor-Authentifizierung). Dar\u00fcber hinaus verwalten wir unsere eigenen Server und vergeben dies nicht an ein anderes Unternehmen.  <\/p>\n\n<h3 class=\"wp-block-heading\">Verwenden wir Cookies?<\/h3>\n\n<p>Cookies werden auf unserer Website von uns (Alaska Bear Spray Rental) und f\u00fcr Analysen \u00fcber Google Analytics verwendet.<\/p>\n\n<p>Weitere Informationen \u00fcber die auf Alaska Bear Spray Rental verwendeten Cookies von Drittanbietern finden Sie auf den folgenden Websites:<\/p>\n\n<p><a href=\"https:\/\/policies.google.com\/technologies\/partner-sites\" target=\"_new\" rel=\"noopener noreferrer\">Google-Datenschutzbestimmungen und -Bedingungen<\/a><\/p>\n\n<h3 class=\"wp-block-heading\">Geben wir Informationen an Dritte weiter?<\/h3>\n\n<p>Nein. Wir verkaufen, tauschen oder \u00fcbertragen keine personenbezogenen Daten, die Alaska Bear Spray Rental zur Verf\u00fcgung gestellt werden, an Dritte. Dies gilt nicht f\u00fcr vertrauensw\u00fcrdige Dritte, die uns beim Betrieb unserer Website oder bei der Durchf\u00fchrung unserer Gesch\u00e4fte unterst\u00fctzen, solange diese Parteien sich verpflichten, diese Informationen vertraulich zu behandeln. Wir k\u00f6nnen Ihre Informationen auch freigeben, wenn dies erforderlich ist, um das Gesetz einzuhalten, unsere Website-Richtlinien durchzusetzen oder unsere oder die Rechte, das Eigentum oder die Sicherheit anderer zu sch\u00fctzen. Dar\u00fcber hinaus k\u00f6nnen nicht-personenbezogene Besucherinformationen an andere Parteien f\u00fcr Marketing-, Werbe- oder andere Zwecke weitergegeben werden.    <\/p>\n\n<h3 class=\"wp-block-heading\">Links zu Drittanbietern<\/h3>\n\n<p>Wir k\u00f6nnen Links zu Produkten oder Dienstleistungen Dritter auf unserer Website einf\u00fcgen. Diese Websites Dritter haben separate und unabh\u00e4ngige Datenschutzrichtlinien. Wir \u00fcbernehmen daher keine Verantwortung oder Haftung f\u00fcr den Inhalt und die Aktivit\u00e4ten dieser verlinkten Seiten. Nichtsdestotrotz sind wir bestrebt, die Integrit\u00e4t unserer Website zu sch\u00fctzen und freuen uns \u00fcber jedes Feedback zu diesen Seiten.   <\/p>\n\n<h3 class=\"wp-block-heading\">Einhaltung des Children\u2019s Online Privacy Protection Act<\/h3>\n\n<p>Wir erf\u00fcllen die Anforderungen des COPPA (Children\u2019s Online Privacy Protection Act) und erfassen wissentlich keine Informationen von Personen unter 13 Jahren. Unsere Website, Produkte und Dienstleistungen richten sich alle an Personen, die mindestens 18 Jahre alt oder \u00e4lter sind. <\/p>\n\n<h3 class=\"wp-block-heading\">Nur Online-Datenschutzrichtlinie<\/h3>\n\n<p>Diese Online-Datenschutzrichtlinie gilt nur f\u00fcr Informationen, die \u00fcber unsere Website erfasst werden, und nicht f\u00fcr Informationen, die offline erfasst werden.<\/p>\n\n<h3 class=\"wp-block-heading\">Ihre Zustimmung<\/h3>\n\n<p>Die Nutzung unserer Website ist optional, und durch die Nutzung unserer Website stimmen Sie den Datenschutzbestimmungen unserer Website zu.<\/p>\n\n<h3 class=\"wp-block-heading\">Telefone und SMS<\/h3>\n\n<p>Alaska Bear Spray beteiligt sich als Unternehmensrichtlinie nicht an unaufgeforderter Werbung oder Marketing per SMS, obwohl unsere Hauptnummer SMS-Nachrichten empfangen und senden kann. Wenn Sie es vorziehen, uns per SMS zu kontaktieren, k\u00f6nnen Sie uns gerne eine SMS senden oder auf unserem Kontaktformular anfordern, dass wir auf Ihre Anfrage per SMS antworten. Wenn Sie uns eine SMS senden, erkl\u00e4ren Sie sich damit einverstanden, dass wir Ihnen per SMS antworten d\u00fcrfen. Keine unserer SMS-Nachrichten\/Antworten sind automatisiert, KI-generiert, unaufgefordert oder geplant. Jedes Mal, wenn Sie mit uns per SMS kommunizieren, wird eine echte Person am anderen Ende Ihre Fragen beantworten. Wir sind jedoch gesetzlich verpflichtet, die folgenden Informationen zu ver\u00f6ffentlichen, also hier sind sie:     <\/p>\n\n<p>Wenn Sie aus irgendeinem Grund nicht mehr m\u00f6chten, dass wir Ihnen eine SMS senden, antworten Sie mit STOP, und wir werden dies unterlassen. Wenn Sie sich f\u00fcr die Kommunikation per SMS entscheiden, stimmen Sie auch den folgenden Bedingungen bez\u00fcglich der Art und Weise zu, wie wir Ihre Daten behandeln: <\/p>\n\n<ul class=\"wp-block-list\">\n<li>Datenerfassung: Wir k\u00f6nnen Ihren Namen, Ihre E-Mail-Adresse, Ihre Postanschrift und Ihre Mobiltelefonnummer erfassen, wenn Sie sich f\u00fcr die Kommunikation per SMS anmelden. Die Informationen werden \u00fcber unser Website-Kontaktformular, E-Mails oder Ihre Bestellung bei uns erfasst. <\/li>\n\n\n\n<li>Datennutzung: Wie oben erw\u00e4hnt, verwenden wir diese Daten ausschlie\u00dflich zur Beantwortung von Anfragen\/Fragen, die von Ihnen, dem Kunden, initiiert wurden. Sie werden NICHT f\u00fcr Werbeaktionen, unaufgeforderte Ank\u00fcndigungen usw. verwendet. <\/li>\n\n\n\n<li>Datensicherheit: Wir sch\u00fctzen Ihre Daten mit sicheren Speichermethoden, um unbefugten Zugriff zu verhindern.<\/li>\n\n\n\n<li>Datenspeicherung: Daten k\u00f6nnen unbegrenzt gespeichert werden, da sie Teil des Kommunikationsverlaufs w\u00e4ren. Sie k\u00f6nnen jedoch jederzeit verlangen, dass wir diese Daten l\u00f6schen. <\/li>\n\n\n\n<li>ES K\u00d6NNEN GEB\u00dcHREN F\u00dcR NACHRICHTEN UND DATEN ANFALLEN: Ihr Mobilfunkanbieter kann Geb\u00fchren f\u00fcr das Senden oder Empfangen von SMS-Nachrichten erheben, insbesondere wenn Sie keinen unbegrenzten SMS- oder Datentarif haben. Diese Geb\u00fchren liegen au\u00dferhalb unserer Kontrolle und werden direkt von Ihrem Anbieter erhoben. <\/li>\n\n\n\n<li>Kontaktieren Sie Alaska Bear Spray Rental unter 907-600-2559 oder info@AlaskaBearSpray.com f\u00fcr HILFE oder um den Empfang von Nachrichten zu BEENDEN.<\/li>\n\n\n\n<li>Opt-Out: Sie k\u00f6nnen den Empfang von SMS-Nachrichten von uns jederzeit abbestellen, indem Sie eine SMS senden, eine E-Mail schreiben oder mit STOP oder UNSUBSCRIBE an 907-600-2559 oder info@AlaskaBearSpray.com antworten. Sobald Sie sich abmelden, erhalten Sie keine weiteren SMS-Nachrichten von uns. <\/li>\n\n\n\n<li>Sie k\u00f6nnen HILFE f\u00fcr zus\u00e4tzliche Unterst\u00fctzung senden, wenn Sie m\u00f6chten, und wir werden Ihnen helfen.<\/li>\n\n\n\n<li>Nichtweitergabeklausel: Wir geben Ihre Daten nicht an Dritte f\u00fcr Marketingzwecke weiter (wie auch in anderen Abschnitten dieser Richtlinie beschrieben).<\/li>\n<\/ul>\n\n<h3 class=\"wp-block-heading\">Europ\u00e4ische Datenschutz-Grundverordnung (DSGVO)<\/h3>\n\n<p>Nutzer aus der Europ\u00e4ischen Union, die auf die von Alaska Bear Spray Rental erfassten Daten zugreifen, das Recht auf \u201eVergessenwerden\u201c aus\u00fcben oder uns einfach eine Frage zu unseren Datenschutzbestimmungen stellen m\u00f6chten, k\u00f6nnen sich f\u00fcr Unterst\u00fctzung an <a href=\"https:\/\/www.alaskabearspray.com\/de\/kontakt\/\" data-type=\"page\" data-id=\"443\">uns wenden<\/a>. Wir helfen Ihnen gerne bei Ihrer Anfrage. <\/p>\n\n<h3 class=\"wp-block-heading\">\u00c4nderungen unserer Datenschutzbestimmungen<\/h3>\n\n<p>Wenn wir beschlie\u00dfen, unsere Datenschutzbestimmungen zu \u00e4ndern, werden wir das \u00c4nderungsdatum der Datenschutzbestimmungen unten aktualisieren.<\/p>\n\n<p>Diese Richtlinie wurde zuletzt am 13.05.2025 ge\u00e4ndert<\/p>\n\n<h3 class=\"wp-block-heading\">Kontaktaufnahme<\/h3>\n\n<p>Wenn Sie Fragen zu dieser Datenschutzrichtlinie haben, k\u00f6nnen Sie sich \u00fcber die folgenden Informationen an <a href=\"https:\/\/www.alaskabearspray.com\/de\/kontakt\/\" data-type=\"page\" data-id=\"443\">uns wenden<\/a>.<\/p>\n\n<p>Alaska Bear Spray Rental<br\/>Anchorage, AK<\/p>\n\n<p><\/p>\n","protected":false},"excerpt":{"rendered":"<p>Wer wir sind Wir sind Alaska Bear Spray Rental, LLC (auch bekannt als &#8222;Alaska Bear Spray Rental&#8220; und\/oder &#8222;Alaska Bear Spray&#8220;). Wir sind eine in Alaska registrierte Gesellschaft mit beschr\u00e4nkter Haftung (LLC). Unsere Website-Adresse lautet: https:\/\/www.AlaskaBearSpray.com. Welche Informationen erfassen wir? Wir erfassen Informationen von Ihnen, wenn Sie sich in unsere Mailingliste eintragen, Informationen anfordern oder uns \u00fcber die Website kontaktieren. &#8230; <a title=\"Datenschutzbestimmungen\" class=\"read-more\" href=\"https:\/\/www.alaskabearspray.com\/de\/datenschutzbestimmungen\/\" aria-label=\"Mehr Informationen \u00fcber Datenschutzbestimmungen\">Full Story<\/a><\/p>\n","protected":false},"author":1,"featured_media":0,"parent":0,"menu_order":0,"comment_status":"closed","ping_status":"open","template":"","meta":{"slim_seo":{"title":"Alaska Bear Spray Rental \u2013 Datenschutzbestimmungen","description":"Datenschutzbestimmungen f\u00fcr die Website und das Unternehmen Alaska Bear Spray Rental (www.AlaskaBearSpray.com). Bei Fragen k\u00f6nnen Sie sich gerne an uns wenden.","canonical":"https:\/\/www.alaskabearspray.com\/privacy-policy\/"},"footnotes":""},"class_list":["post-3896","page","type-page","status-publish"],"_links":{"self":[{"href":"https:\/\/www.alaskabearspray.com\/de\/wp-json\/wp\/v2\/pages\/3896","targetHints":{"allow":["GET"]}}],"collection":[{"href":"https:\/\/www.alaskabearspray.com\/de\/wp-json\/wp\/v2\/pages"}],"about":[{"href":"https:\/\/www.alaskabearspray.com\/de\/wp-json\/wp\/v2\/types\/page"}],"author":[{"embeddable":true,"href":"https:\/\/www.alaskabearspray.com\/de\/wp-json\/wp\/v2\/users\/1"}],"replies":[{"embeddable":true,"href":"https:\/\/www.alaskabearspray.com\/de\/wp-json\/wp\/v2\/comments?post=3896"}],"version-history":[{"count":1,"href":"https:\/\/www.alaskabearspray.com\/de\/wp-json\/wp\/v2\/pages\/3896\/revisions"}],"predecessor-version":[{"id":3897,"href":"https:\/\/www.alaskabearspray.com\/de\/wp-json\/wp\/v2\/pages\/3896\/revisions\/3897"}],"wp:attachment":[{"href":"https:\/\/www.alaskabearspray.com\/de\/wp-json\/wp\/v2\/media?parent=3896"}],"curies":[{"name":"wp","href":"https:\/\/api.w.org\/{rel}","templated":true}]}}