{"id":3885,"date":"2024-09-08T01:31:26","date_gmt":"2024-09-08T05:31:26","guid":{"rendered":"https:\/\/www.alaskabearspray.com\/ueber-alaska-bear-spray-rental\/"},"modified":"2026-01-26T18:04:02","modified_gmt":"2026-01-26T23:04:02","slug":"ueber-alaska-bear-spray-rental","status":"publish","type":"page","link":"https:\/\/www.alaskabearspray.com\/de\/ueber-alaska-bear-spray-rental\/","title":{"rendered":"\u00dcber Alaska Bear Spray Rental&#8230;"},"content":{"rendered":"\n<p>Alaska Bear Spray Rental wurde von Alex gegr\u00fcndet, nachdem er seinen Dienst bei den Marines beendet hatte und in seinen Heimatstaat Alaska zur\u00fcckgekehrt war. Mit Hilfe seiner Frau Amanda machten sich die beiden daran, ein Unternehmen zu gr\u00fcnden, um in Alaska einen dringend ben\u00f6tigten Service mit erstklassigem Kundenservice anzubieten. Im Jahr 2024 wurde Alaska Bear Spray Rental gegr\u00fcndet und wird weiter wachsen und die Bed\u00fcrfnisse von Besuchern befriedigen, die nach Alaska kommen und B\u00e4renspray ben\u00f6tigen und\/oder w\u00fcnschen.  <\/p>\n<div class=\"gb-container gb-container-cfbe983d alignfull\">\n\n<div class=\"wp-block-columns is-layout-flex wp-container-core-columns-is-layout-9d6595d7 wp-block-columns-is-layout-flex\">\n<div class=\"wp-block-column is-layout-flow wp-block-column-is-layout-flow\"><\/div>\n\n\n\n<div class=\"wp-block-column is-layout-flow wp-block-column-is-layout-flow\"><div class=\"wp-block-image\">\n<figure class=\"aligncenter size-medium is-resized\"><img decoding=\"async\" width=\"300\" height=\"300\" src=\"https:\/\/www.alaskabearspray.com\/wp-content\/uploads\/2024\/09\/Alex-300x300.jpg\" alt=\"Alex\" class=\"wp-image-201\" style=\"object-fit:cover;width:250px;height:250px\" srcset=\"https:\/\/www.alaskabearspray.com\/wp-content\/uploads\/2024\/09\/Alex-300x300.jpg 300w, https:\/\/www.alaskabearspray.com\/wp-content\/uploads\/2024\/09\/Alex-150x150.jpg 150w, https:\/\/www.alaskabearspray.com\/wp-content\/uploads\/2024\/09\/Alex-100x100.jpg 100w, https:\/\/www.alaskabearspray.com\/wp-content\/uploads\/2024\/09\/Alex-400x400.jpg 400w\" sizes=\"(max-width: 300px) 100vw, 300px\" \/><figcaption class=\"wp-element-caption\">Alex<\/figcaption><\/figure>\n<\/div><\/div>\n\n\n\n<div class=\"wp-block-column is-layout-flow wp-block-column-is-layout-flow\"><div class=\"wp-block-image\">\n<figure class=\"aligncenter size-medium is-resized\"><img decoding=\"async\" width=\"300\" height=\"300\" src=\"https:\/\/www.alaskabearspray.com\/wp-content\/uploads\/2024\/09\/Amanda-300x300.jpg\" alt=\"Amanda\" class=\"wp-image-203\" style=\"object-fit:cover;width:250px;height:250px\" srcset=\"https:\/\/www.alaskabearspray.com\/wp-content\/uploads\/2024\/09\/Amanda-300x300.jpg 300w, https:\/\/www.alaskabearspray.com\/wp-content\/uploads\/2024\/09\/Amanda-150x150.jpg 150w, https:\/\/www.alaskabearspray.com\/wp-content\/uploads\/2024\/09\/Amanda-100x100.jpg 100w, https:\/\/www.alaskabearspray.com\/wp-content\/uploads\/2024\/09\/Amanda-400x400.jpg 400w\" sizes=\"(max-width: 300px) 100vw, 300px\" \/><figcaption class=\"wp-element-caption\">Amanda<\/figcaption><\/figure>\n<\/div><\/div>\n\n\n\n<div class=\"wp-block-column is-layout-flow wp-block-column-is-layout-flow\"><\/div>\n<\/div>\n\n<\/div>\n<p>Alex und Amanda lieben die Natur und sch\u00e4tzen sich gl\u00fccklich, Alaska ihr Zuhause nennen zu d\u00fcrfen. Sie sind oft auf den Wanderwegen in und um Anchorage unterwegs und lieben es, durch den Bundesstaat zu reisen und andere Gegenden zu besuchen. <\/p>\n\n<div style=\"height:20px\" aria-hidden=\"true\" class=\"wp-block-spacer\"><\/div>\n<div class=\"wp-block-image\">\n<figure class=\"aligncenter size-large is-resized\"><img decoding=\"async\" width=\"1024\" height=\"815\" src=\"https:\/\/www.alaskabearspray.com\/wp-content\/uploads\/2024\/09\/AlaskaOutline-1-1024x815.webp\" alt=\"Alaska\" class=\"wp-image-458\" style=\"width:485px;height:auto\" srcset=\"https:\/\/www.alaskabearspray.com\/wp-content\/uploads\/2024\/09\/AlaskaOutline-1-1024x815.webp 1024w, https:\/\/www.alaskabearspray.com\/wp-content\/uploads\/2024\/09\/AlaskaOutline-1-300x239.webp 300w, https:\/\/www.alaskabearspray.com\/wp-content\/uploads\/2024\/09\/AlaskaOutline-1-768x611.webp 768w, https:\/\/www.alaskabearspray.com\/wp-content\/uploads\/2024\/09\/AlaskaOutline-1-1536x1223.webp 1536w, https:\/\/www.alaskabearspray.com\/wp-content\/uploads\/2024\/09\/AlaskaOutline-1-2048x1630.webp 2048w, https:\/\/www.alaskabearspray.com\/wp-content\/uploads\/2024\/09\/AlaskaOutline-1-600x478.webp 600w\" sizes=\"(max-width: 1024px) 100vw, 1024px\" \/><\/figure>\n<\/div>\n<div style=\"height:50px\" aria-hidden=\"true\" class=\"wp-block-spacer\"><\/div>\n\n<p>Einige ihrer Lieblingsorte, um B\u00e4ren in Alaska zu beobachten, sind:<\/p>\n\n<h4 class=\"wp-block-heading has-text-align-center\">Das Eagle River Nature Center<\/h4>\n\n<h4 class=\"wp-block-heading has-text-align-center\">Portage Glacier<\/h4>\n\n<h4 class=\"wp-block-heading has-text-align-center\">Seward<\/h4>\n\n<div style=\"height:20px\" aria-hidden=\"true\" class=\"wp-block-spacer\"><\/div>\n\n<p>Wenn Sie Alex und Amanda irgendwo in Alaska begegnen, werden Sie sie wahrscheinlich mit einer Dose B\u00e4renspray sehen. Es ist eine wirksame, kosteng\u00fcnstige und nicht-t\u00f6dliche Methode, um sich vor einem aggressiven B\u00e4ren zu sch\u00fctzen. Ja, sogar die Einheimischen tragen <a href=\"https:\/\/www.alaskabearspray.com\/product\/bear-spray-rental\/\" data-type=\"product\" data-id=\"185\">B\u00e4renspray<\/a>.  <\/p>\n","protected":false},"excerpt":{"rendered":"<p>Alaska Bear Spray Rental wurde von Alex gegr\u00fcndet, nachdem er seinen Dienst bei den Marines beendet hatte und in seinen Heimatstaat Alaska zur\u00fcckgekehrt war. Mit Hilfe seiner Frau Amanda machten sich die beiden daran, ein Unternehmen zu gr\u00fcnden, um in Alaska einen dringend ben\u00f6tigten Service mit erstklassigem Kundenservice anzubieten. Im Jahr 2024 wurde Alaska Bear Spray Rental gegr\u00fcndet und wird &#8230; <a title=\"\u00dcber Alaska Bear Spray Rental&#8230;\" class=\"read-more\" href=\"https:\/\/www.alaskabearspray.com\/de\/ueber-alaska-bear-spray-rental\/\" aria-label=\"Mehr Informationen \u00fcber \u00dcber Alaska Bear Spray Rental&#8230;\">Full Story<\/a><\/p>\n","protected":false},"author":1,"featured_media":0,"parent":0,"menu_order":0,"comment_status":"closed","ping_status":"closed","template":"","meta":{"slim_seo":{"title":"Alaska Bear Spray Rental \u2013 \u00dcber uns","description":"Alaska Bear Spray Rental wurde von dem lokalen Alaskaner und USMC-Veteranen Alex Watts gegr\u00fcndet. Zusammen mit seiner Frau Amanda wollten sie die Beschaffung von B\u00e4renspray erleichtern.","canonical":"https:\/\/www.alaskabearspray.com\/about\/"},"footnotes":""},"class_list":["post-3885","page","type-page","status-publish"],"_links":{"self":[{"href":"https:\/\/www.alaskabearspray.com\/de\/wp-json\/wp\/v2\/pages\/3885","targetHints":{"allow":["GET"]}}],"collection":[{"href":"https:\/\/www.alaskabearspray.com\/de\/wp-json\/wp\/v2\/pages"}],"about":[{"href":"https:\/\/www.alaskabearspray.com\/de\/wp-json\/wp\/v2\/types\/page"}],"author":[{"embeddable":true,"href":"https:\/\/www.alaskabearspray.com\/de\/wp-json\/wp\/v2\/users\/1"}],"replies":[{"embeddable":true,"href":"https:\/\/www.alaskabearspray.com\/de\/wp-json\/wp\/v2\/comments?post=3885"}],"version-history":[{"count":1,"href":"https:\/\/www.alaskabearspray.com\/de\/wp-json\/wp\/v2\/pages\/3885\/revisions"}],"predecessor-version":[{"id":3889,"href":"https:\/\/www.alaskabearspray.com\/de\/wp-json\/wp\/v2\/pages\/3885\/revisions\/3889"}],"wp:attachment":[{"href":"https:\/\/www.alaskabearspray.com\/de\/wp-json\/wp\/v2\/media?parent=3885"}],"curies":[{"name":"wp","href":"https:\/\/api.w.org\/{rel}","templated":true}]}}