{"id":3874,"date":"2024-09-07T23:27:53","date_gmt":"2024-09-08T03:27:53","guid":{"rendered":"https:\/\/www.alaskabearspray.com\/alaska-bear-spray-rental\/"},"modified":"2026-02-02T15:27:55","modified_gmt":"2026-02-02T20:27:55","slug":"alaska-bear-spray-rental","status":"publish","type":"page","link":"https:\/\/www.alaskabearspray.com\/de\/","title":{"rendered":"Alaska Bear Spray Rental"},"content":{"rendered":"\n<div class=\"wp-block-cover alignfull is-light has-custom-content-position is-position-top-center has-text-color has-link-color wp-elements-4572e5d95d782c3fd5f74febf49f7016 wp-duotone-unset-1\" style=\"color:#0f204a\"><img decoding=\"async\" width=\"1912\" height=\"430\" class=\"wp-block-cover__image-background wp-image-859\" alt=\"Alaska Bear With Cubs\" src=\"https:\/\/www.alaskabearspray.com\/wp-content\/uploads\/2025\/01\/AlaskaBearWithCubs.webp\" data-object-fit=\"cover\" srcset=\"https:\/\/www.alaskabearspray.com\/wp-content\/uploads\/2025\/01\/AlaskaBearWithCubs.webp 1912w, https:\/\/www.alaskabearspray.com\/wp-content\/uploads\/2025\/01\/AlaskaBearWithCubs-300x67.webp 300w, https:\/\/www.alaskabearspray.com\/wp-content\/uploads\/2025\/01\/AlaskaBearWithCubs-1024x230.webp 1024w, https:\/\/www.alaskabearspray.com\/wp-content\/uploads\/2025\/01\/AlaskaBearWithCubs-768x173.webp 768w, https:\/\/www.alaskabearspray.com\/wp-content\/uploads\/2025\/01\/AlaskaBearWithCubs-1536x345.webp 1536w, https:\/\/www.alaskabearspray.com\/wp-content\/uploads\/2025\/01\/AlaskaBearWithCubs-600x135.webp 600w\" sizes=\"(max-width: 1912px) 100vw, 1912px\" \/><span aria-hidden=\"true\" class=\"wp-block-cover__background has-background-dim-10 has-background-dim\"><\/span><div class=\"wp-block-cover__inner-container is-layout-constrained wp-block-cover-is-layout-constrained\"><div class=\"gb-container gb-container-4896f78a alignfull\">\n\n<a class=\"gb-button gb-button-759af5fe gb-button-text\" href=\"https:\/\/www.alaskabearspray.com\/de\/product\/baerenspray-verleih\/\">B\u00e4renspray mieten!<\/a>\n\n<\/div>\n\n\n<h1 class=\"gb-headline gb-headline-8966fd54 gb-headline-text\"><strong>Alaskas urspr\u00fcngliches B\u00e4renspray-Verleihunternehmen<\/strong><\/h1>\n<\/div><\/div>\n<div class=\"gb-container gb-container-088835de alignfull\">\n\n<div class=\"wp-block-columns are-vertically-aligned-center is-layout-flex wp-container-core-columns-is-layout-9d6595d7 wp-block-columns-is-layout-flex\">\n<div class=\"wp-block-column is-vertically-aligned-center is-layout-flow wp-block-column-is-layout-flow\" style=\"flex-basis:66.66%\"><div class=\"gb-container gb-container-8d621cae\"><\/div>\n\n\n<h2 class=\"gb-headline gb-headline-2ba3ae7e gb-headline-text\">Warum B\u00e4renspray in Alaska mieten?<\/h2>\n\n\n\n<p class=\"has-text-align-center has-contrast-color has-text-color has-link-color wp-elements-f385a4b2345833873f8439a2a8db039f\">Es ist g\u00fcnstiger als der Kauf<br\/>Es ist bequemer<br\/>Es ist besser f\u00fcr die Umwelt<br\/>Haben Sie unsere B\u00e4ren gesehen? Im Ernst! <\/p>\n<\/div>\n\n\n\n<div class=\"wp-block-column is-vertically-aligned-center is-layout-flow wp-block-column-is-layout-flow\" style=\"flex-basis:33.33%\"><div class=\"gb-container gb-container-bd71ab19\">\n<div class=\"wp-block-image\">\n<figure class=\"aligncenter size-full is-resized\"><img decoding=\"async\" width=\"200\" height=\"260\" src=\"https:\/\/www.alaskabearspray.com\/wp-content\/uploads\/2025\/01\/BearSpray-Transparent.webp\" alt=\"B&#xE4;renspray\" class=\"wp-image-853\" style=\"width:200px\"\/><\/figure>\n<\/div>\n<\/div><\/div>\n<\/div>\n\n<div class=\"gb-shapes\"><div class=\"gb-shape gb-shape-1\"><svg xmlns=\"http:\/\/www.w3.org\/2000\/svg\" viewBox=\"0 0 1200 194.3\" preserveAspectRatio=\"none\"><path d=\"M1200 133.3l-50 8.9c-50 8.6-150 26.9-250 31.1-100 4.2-200-4.2-300-26.7S400 89.2 300 62.2C200 35.8 100 17.5 50 8.9L0 0v194.3h1200v-61z\"\/><\/svg><\/div><\/div><\/div><div class=\"gb-container gb-container-15640ad5 alignfull\">\n<div class=\"gb-container gb-container-fb48bd05 alignfull\">\n\n<h2 class=\"gb-headline gb-headline-f4012b7e gb-headline-text\">Wir machen das Mieten von B\u00e4renspray in Alaska einfach und erschwinglich!<\/h2>\n\n\n\n<p class=\"has-base-color has-text-color has-link-color wp-elements-c783efe0d428a9f2e3e02b54cc3c4b01\">Die Geb\u00fchren beginnen bei 12 $ und Sie zahlen nie mehr als 28 $ pro Dose<br\/>Schnelle und einfache 24\/7-Abholung in Anchorage<br\/>Einfacher Online-Prozess, der <strong>garantiert<\/strong>, dass eine Dose bei Ihrer Ankunft in Alaska auf Sie wartet<\/p>\n\n\n\n<h3 class=\"gb-headline gb-headline-cdf23f1e gb-headline-text\">Reservieren Sie jetzt B\u00e4renspray und streichen Sie diese Aufgabe von Ihrer Liste!<\/h3>\n\n<\/div>\n<\/div><div class=\"gb-container gb-container-fbdd11d8 alignfull\" style=\"--background-image: url(https:\/\/www.alaskabearspray.com\/wp-content\/uploads\/2024\/09\/AlaskaBear.webp);\">\n\n<div class=\"wp-block-columns alignwide is-layout-flex wp-container-core-columns-is-layout-9d6595d7 wp-block-columns-is-layout-flex\">\n<div class=\"wp-block-column is-vertically-aligned-center is-layout-flow wp-block-column-is-layout-flow\" style=\"flex-basis:50%\"><div class=\"gb-container gb-container-093c8be6\">\n\n<h2 class=\"gb-headline gb-headline-e373dc03 gb-headline-text WhatsIncluded\"><strong>Was ist in Ihrer Miete enthalten?<\/strong><\/h2>\n\n<\/div><\/div>\n\n\n\n<div class=\"wp-block-column is-vertically-aligned-center is-layout-flow wp-block-column-is-layout-flow\" style=\"flex-basis:50%\"><div class=\"gb-container gb-container-8ea74017\">\n\n<h2 class=\"gb-headline gb-headline-02944547 gb-headline-text\"><strong>Jede Miete beinhaltet:<\/strong><\/h2>\n\n\n\n<p class=\"has-text-align-left has-medium-font-size\">1) Eine volle Dose B\u00e4renspray<br\/>2) Ein Holster\/G\u00fcrtelclip f\u00fcr einfachen Zugriff<br\/>3) Anweisungen zur sicheren und ordnungsgem\u00e4\u00dfen Verwendung von B\u00e4renspray<\/p>\n\n<\/div><\/div>\n<\/div>\n\n<div class=\"gb-shapes\"><div class=\"gb-shape gb-shape-1\"><svg xmlns=\"http:\/\/www.w3.org\/2000\/svg\" viewBox=\"0 0 1200 194.3\" preserveAspectRatio=\"none\"><path d=\"M1200 133.3l-50 8.9c-50 8.6-150 26.9-250 31.1-100 4.2-200-4.2-300-26.7S400 89.2 300 62.2C200 35.8 100 17.5 50 8.9L0 0v194.3h1200v-61z\"\/><\/svg><\/div><\/div><\/div><div class=\"gb-container gb-container-c256c2e6 alignfull\">\n\n<h2 class=\"gb-headline gb-headline-4d661f9a gb-headline-text\">Lesen Sie unsere neuesten Blog-Beitr\u00e4ge&#8230;<\/h2>\n\n\n<ul class=\"wp-block-latest-posts__list is-grid columns-3 has-dates has-author wp-block-latest-posts\"><li><div class=\"wp-block-latest-posts__featured-image alignleft\"><a href=\"https:\/\/www.alaskabearspray.com\/de\/brauche-ich-im-winter-baerenspray\/\" aria-label=\"Brauche ich im Winter B\u00e4renspray?\"><img decoding=\"async\" width=\"150\" height=\"150\" src=\"https:\/\/www.alaskabearspray.com\/wp-content\/uploads\/2025\/12\/AlaskaBearInWinter-150x150.webp\" class=\"attachment-thumbnail size-thumbnail wp-post-image\" alt=\"Alaska B\u00e4r im Winter\" style=\"max-width:113px;max-height:113px;\" srcset=\"https:\/\/www.alaskabearspray.com\/wp-content\/uploads\/2025\/12\/AlaskaBearInWinter-150x150.webp 150w, https:\/\/www.alaskabearspray.com\/wp-content\/uploads\/2025\/12\/AlaskaBearInWinter-300x300.webp 300w, https:\/\/www.alaskabearspray.com\/wp-content\/uploads\/2025\/12\/AlaskaBearInWinter-100x100.webp 100w\" sizes=\"(max-width: 150px) 100vw, 150px\" \/><\/a><\/div><a class=\"wp-block-latest-posts__post-title\" href=\"https:\/\/www.alaskabearspray.com\/de\/brauche-ich-im-winter-baerenspray\/\">Brauche ich im Winter B\u00e4renspray?<\/a><div class=\"wp-block-latest-posts__post-author\">von Ryan<\/div><time datetime=\"2025-12-01T18:09:12-05:00\" class=\"wp-block-latest-posts__post-date\">1. Dezember 2025<\/time><div class=\"wp-block-latest-posts__post-excerpt\">Ich erinnere mich, dass mir in der Schule immer beigebracht wurde, dass B\u00e4ren im Winter Winterschlaf halten. Die Logik w\u00fcrde also nahelegen, dass man im Winter wahrscheinlich kein B\u00e4renspray ben\u00f6tigt, &#8230; <a title=\"Brauche ich im Winter B\u00e4renspray?\" class=\"read-more\" href=\"https:\/\/www.alaskabearspray.com\/de\/brauche-ich-im-winter-baerenspray\/\" aria-label=\"Mehr Informationen \u00fcber Brauche ich im Winter B\u00e4renspray?\">Full Story<\/a><\/div><\/li>\n<li><div class=\"wp-block-latest-posts__featured-image alignleft\"><a href=\"https:\/\/www.alaskabearspray.com\/de\/brauchen-sie-baerenspray-in-alaska\/\" aria-label=\"Brauchen Sie B\u00e4renspray in Alaska?\"><img decoding=\"async\" width=\"150\" height=\"150\" src=\"https:\/\/www.alaskabearspray.com\/wp-content\/uploads\/2025\/06\/DoYouNeedBearSprayInAlaska-150x150.webp\" class=\"attachment-thumbnail size-thumbnail wp-post-image\" alt=\"Brauchen Sie B\u00e4renspray in Alaska\" style=\"max-width:113px;max-height:113px;\" srcset=\"https:\/\/www.alaskabearspray.com\/wp-content\/uploads\/2025\/06\/DoYouNeedBearSprayInAlaska-150x150.webp 150w, https:\/\/www.alaskabearspray.com\/wp-content\/uploads\/2025\/06\/DoYouNeedBearSprayInAlaska-300x300.webp 300w, https:\/\/www.alaskabearspray.com\/wp-content\/uploads\/2025\/06\/DoYouNeedBearSprayInAlaska-100x100.webp 100w\" sizes=\"(max-width: 150px) 100vw, 150px\" \/><\/a><\/div><a class=\"wp-block-latest-posts__post-title\" href=\"https:\/\/www.alaskabearspray.com\/de\/brauchen-sie-baerenspray-in-alaska\/\">Brauchen Sie B\u00e4renspray in Alaska?<\/a><div class=\"wp-block-latest-posts__post-author\">von Ryan<\/div><time datetime=\"2025-07-01T21:58:51-04:00\" class=\"wp-block-latest-posts__post-date\">1. Juli 2025<\/time><div class=\"wp-block-latest-posts__post-excerpt\">Wir werden oft von Besuchern Alaskas gefragt, ob sie B\u00e4renspray ben\u00f6tigen. Obwohl wir glauben, dass es ein wertvolles Werkzeug ist, h\u00e4ngt die Entscheidung, es mitzuf\u00fchren, letztendlich von Ihrem pers\u00f6nlichen Komfort &#8230; <a title=\"Brauchen Sie B\u00e4renspray in Alaska?\" class=\"read-more\" href=\"https:\/\/www.alaskabearspray.com\/de\/brauchen-sie-baerenspray-in-alaska\/\" aria-label=\"Mehr Informationen \u00fcber Brauchen Sie B\u00e4renspray in Alaska?\">Full Story<\/a><\/div><\/li>\n<li><div class=\"wp-block-latest-posts__featured-image alignleft\"><a href=\"https:\/\/www.alaskabearspray.com\/de\/wie-man-baerenspray-nicht-benutzt\/\" aria-label=\"Wie man B\u00e4renspray NICHT benutzt&#8230;\"><img decoding=\"async\" width=\"150\" height=\"150\" src=\"https:\/\/www.alaskabearspray.com\/wp-content\/uploads\/2025\/05\/AlaskaBearSprayRental-150x150.webp\" class=\"attachment-thumbnail size-thumbnail wp-post-image\" alt=\"Wie man B\u00e4renspray NICHT benutzt\" style=\"max-width:113px;max-height:113px;\" srcset=\"https:\/\/www.alaskabearspray.com\/wp-content\/uploads\/2025\/05\/AlaskaBearSprayRental-150x150.webp 150w, https:\/\/www.alaskabearspray.com\/wp-content\/uploads\/2025\/05\/AlaskaBearSprayRental-300x300.webp 300w, https:\/\/www.alaskabearspray.com\/wp-content\/uploads\/2025\/05\/AlaskaBearSprayRental-100x100.webp 100w\" sizes=\"(max-width: 150px) 100vw, 150px\" \/><\/a><\/div><a class=\"wp-block-latest-posts__post-title\" href=\"https:\/\/www.alaskabearspray.com\/de\/wie-man-baerenspray-nicht-benutzt\/\">Wie man B\u00e4renspray NICHT benutzt&#8230;<\/a><div class=\"wp-block-latest-posts__post-author\">von Ryan<\/div><time datetime=\"2025-05-23T14:15:36-04:00\" class=\"wp-block-latest-posts__post-date\">23. Mai 2025<\/time><div class=\"wp-block-latest-posts__post-excerpt\">Diese Frage k\u00f6nnte aus zwei verschiedenen Perspektiven beantwortet werden: Was sind die Arten, wie B\u00e4renspray nicht verwendet werden sollte? Oder, eher im Sinne von Vermeidung: Wie vermeidet man die Verwendung &#8230; <a title=\"Wie man B\u00e4renspray NICHT benutzt&#8230;\" class=\"read-more\" href=\"https:\/\/www.alaskabearspray.com\/de\/wie-man-baerenspray-nicht-benutzt\/\" aria-label=\"Mehr Informationen \u00fcber Wie man B\u00e4renspray NICHT benutzt&#8230;\">Full Story<\/a><\/div><\/li>\n<\/ul>\n<\/div><div class=\"gb-container gb-container-3ac6029c alignfull\">\n\n<a class=\"gb-button gb-button-b4ee5562 gb-button-text\" href=\"https:\/\/www.alaskabearspray.com\/de\/product\/baerenspray-verleih\/\">B\u00e4renspray mieten!<\/a>\n\n<\/div>","protected":false},"excerpt":{"rendered":"<p>Warum B\u00e4renspray in Alaska mieten? Es ist g\u00fcnstiger als der KaufEs ist bequemerEs ist besser f\u00fcr die UmweltHaben Sie unsere B\u00e4ren gesehen? Im Ernst! Wir machen das Mieten von B\u00e4renspray in Alaska einfach und erschwinglich! Die Geb\u00fchren beginnen bei 12 $ und Sie zahlen nie mehr als 28 $ pro DoseSchnelle und einfache 24\/7-Abholung in AnchorageEinfacher Online-Prozess, der garantiert, dass &#8230; <a title=\"Alaska Bear Spray Rental\" class=\"read-more\" href=\"https:\/\/www.alaskabearspray.com\/de\/\" aria-label=\"Mehr Informationen \u00fcber Alaska Bear Spray Rental\">Full Story<\/a><\/p>\n","protected":false},"author":1,"featured_media":0,"parent":0,"menu_order":0,"comment_status":"closed","ping_status":"closed","template":"","meta":{"slim_seo":{"title":"Alaska Bear Spray Rental","description":"Wir machen das Mieten von B\u00e4renspray in Alaska einfach und erschwinglich! Die Geb\u00fchren beginnen bei 12 $ und Sie zahlen nie mehr als 28 $ pro Dose. Einfache und schnelle Abholorte.","canonical":"https:\/\/www.alaskabearspray.com"},"footnotes":""},"class_list":["post-3874","page","type-page","status-publish"],"_links":{"self":[{"href":"https:\/\/www.alaskabearspray.com\/de\/wp-json\/wp\/v2\/pages\/3874","targetHints":{"allow":["GET"]}}],"collection":[{"href":"https:\/\/www.alaskabearspray.com\/de\/wp-json\/wp\/v2\/pages"}],"about":[{"href":"https:\/\/www.alaskabearspray.com\/de\/wp-json\/wp\/v2\/types\/page"}],"author":[{"embeddable":true,"href":"https:\/\/www.alaskabearspray.com\/de\/wp-json\/wp\/v2\/users\/1"}],"replies":[{"embeddable":true,"href":"https:\/\/www.alaskabearspray.com\/de\/wp-json\/wp\/v2\/comments?post=3874"}],"version-history":[{"count":6,"href":"https:\/\/www.alaskabearspray.com\/de\/wp-json\/wp\/v2\/pages\/3874\/revisions"}],"predecessor-version":[{"id":3931,"href":"https:\/\/www.alaskabearspray.com\/de\/wp-json\/wp\/v2\/pages\/3874\/revisions\/3931"}],"wp:attachment":[{"href":"https:\/\/www.alaskabearspray.com\/de\/wp-json\/wp\/v2\/media?parent=3874"}],"curies":[{"name":"wp","href":"https:\/\/api.w.org\/{rel}","templated":true}]}}