{"id":3872,"date":"2024-09-08T01:30:40","date_gmt":"2024-09-08T05:30:40","guid":{"rendered":"https:\/\/www.alaskabearspray.com\/standorte\/"},"modified":"2026-01-26T18:03:52","modified_gmt":"2026-01-26T23:03:52","slug":"standorte","status":"publish","type":"page","link":"https:\/\/www.alaskabearspray.com\/de\/standorte\/","title":{"rendered":"Standorte"},"content":{"rendered":"\n<p>Sie k\u00f6nnen unsere Produkte an einem der folgenden Standorte abholen\/zur\u00fcckgeben:<\/p>\n\n<figure class=\"wp-block-image size-full\"><img decoding=\"async\" width=\"600\" height=\"338\" src=\"https:\/\/www.alaskabearspray.com\/wp-content\/uploads\/2024\/09\/Anchorage.webp\" alt=\"Anchorage, Alaska\" class=\"wp-image-293\" srcset=\"https:\/\/www.alaskabearspray.com\/wp-content\/uploads\/2024\/09\/Anchorage.webp 600w, https:\/\/www.alaskabearspray.com\/wp-content\/uploads\/2024\/09\/Anchorage-300x169.webp 300w\" sizes=\"(max-width: 600px) 100vw, 600px\" \/><\/figure>\n\n<h2 class=\"gb-headline gb-headline-2e53a9f3 gb-headline-text\"><strong>Anchorage<\/strong><\/h2>\n<div class=\"gb-container gb-container-d7edcbcf\">\n\n<h3 class=\"gb-headline gb-headline-df3b923c gb-headline-text\"><strong>Boom! Coffee <\/strong><\/h3>\n\n\n\n<p>G\u00fcnstig gelegen, nur wenige Minuten vom Flughafen Anchorage entfernt und 24 Stunden am Tag ge\u00f6ffnet. Sie k\u00f6nnen Ihr B\u00e4renspray nicht nur bei Boom! Coffee abholen\/zur\u00fcckgeben, sondern auch tolle hei\u00dfe\/kalte Getr\u00e4nke sowie einige Speisen bekommen. Boom! Coffee hat auch einen Drive-Thru, sodass Sie nicht einmal aus Ihrem Fahrzeug aussteigen m\u00fcssen.    <\/p>\n\n\n\n<p>Boom! Coffee befindet sich in der <a href=\"https:\/\/maps.app.goo.gl\/1x4jMyF6nH7XLBvU7\" target=\"_blank\" rel=\"noopener\" title=\"815 W International Airport Rd.\">815 W International Airport Rd.<\/a> <\/p>\n\n\n\n<p class=\"has-text-align-center\"><strong>*** Bestellungen m\u00fcssen online aufgegeben werden ***<\/strong><br\/>Bitte gehen Sie nicht direkt zu Boom Coffee, ohne vorher eine Bestellung aufzugeben.<\/p>\n\n<\/div><div class=\"gb-container gb-container-054e3a85\">\n\n<h3 class=\"gb-headline gb-headline-0dd96e47 gb-headline-text\"><strong><strong>Lieferung (20 $\/Geb\u00fchr)<\/strong><\/strong><\/h3>\n\n\n\n<p>Gegen eine geringe Geb\u00fchr (20 $) liefern wir Ihre Miete direkt zu Ihrem Hotel, Ihrer Mietunterkunft oder wo immer Sie sich im Gro\u00dfraum Anchorage aufhalten. Wenn Sie fertig sind und es zur\u00fcckgeben m\u00f6chten, holen wir es ab oder Sie k\u00f6nnen es an einem Standort zur\u00fcckgeben. <\/p>\n\n\n\n<p>Wenn Sie diese Option w\u00e4hlen, werden wir Sie vor Ihrem gew\u00e4hlten Datum kontaktieren, um die Details zu best\u00e4tigen.<\/p>\n\n<\/div>","protected":false},"excerpt":{"rendered":"<p>Sie k\u00f6nnen unsere Produkte an einem der folgenden Standorte abholen\/zur\u00fcckgeben: Anchorage Boom! Coffee G\u00fcnstig gelegen, nur wenige Minuten vom Flughafen Anchorage entfernt und 24 Stunden am Tag ge\u00f6ffnet. Sie k\u00f6nnen Ihr B\u00e4renspray nicht nur bei Boom! Coffee abholen\/zur\u00fcckgeben, sondern auch tolle hei\u00dfe\/kalte Getr\u00e4nke sowie einige Speisen bekommen. Boom! Coffee hat auch einen Drive-Thru, sodass Sie nicht einmal aus Ihrem Fahrzeug &#8230; <a title=\"Standorte\" class=\"read-more\" href=\"https:\/\/www.alaskabearspray.com\/de\/standorte\/\" aria-label=\"Mehr Informationen \u00fcber Standorte\">Full Story<\/a><\/p>\n","protected":false},"author":1,"featured_media":0,"parent":0,"menu_order":0,"comment_status":"closed","ping_status":"closed","template":"","meta":{"slim_seo":{"title":"Alaska Bear Spray Rental \u2013 Mietstationen","description":"Standorte, an denen Sie Ihre B\u00e4renspraydosen abholen und zur\u00fcckgeben k\u00f6nnen, die Sie bei Alaska Bear Spray Rental gemietet haben.","canonical":"https:\/\/www.alaskabearspray.com\/locations\/"},"footnotes":""},"class_list":["post-3872","page","type-page","status-publish"],"_links":{"self":[{"href":"https:\/\/www.alaskabearspray.com\/de\/wp-json\/wp\/v2\/pages\/3872","targetHints":{"allow":["GET"]}}],"collection":[{"href":"https:\/\/www.alaskabearspray.com\/de\/wp-json\/wp\/v2\/pages"}],"about":[{"href":"https:\/\/www.alaskabearspray.com\/de\/wp-json\/wp\/v2\/types\/page"}],"author":[{"embeddable":true,"href":"https:\/\/www.alaskabearspray.com\/de\/wp-json\/wp\/v2\/users\/1"}],"replies":[{"embeddable":true,"href":"https:\/\/www.alaskabearspray.com\/de\/wp-json\/wp\/v2\/comments?post=3872"}],"version-history":[{"count":1,"href":"https:\/\/www.alaskabearspray.com\/de\/wp-json\/wp\/v2\/pages\/3872\/revisions"}],"predecessor-version":[{"id":3873,"href":"https:\/\/www.alaskabearspray.com\/de\/wp-json\/wp\/v2\/pages\/3872\/revisions\/3873"}],"wp:attachment":[{"href":"https:\/\/www.alaskabearspray.com\/de\/wp-json\/wp\/v2\/media?parent=3872"}],"curies":[{"name":"wp","href":"https:\/\/api.w.org\/{rel}","templated":true}]}}