{"id":3866,"date":"2024-09-12T19:41:02","date_gmt":"2024-09-12T23:41:02","guid":{"rendered":"https:\/\/www.alaskabearspray.com\/allgemeine-geschaeftsbedingungen\/"},"modified":"2026-02-02T15:28:06","modified_gmt":"2026-02-02T20:28:06","slug":"allgemeine-geschaeftsbedingungen","status":"publish","type":"page","link":"https:\/\/www.alaskabearspray.com\/de\/allgemeine-geschaeftsbedingungen\/","title":{"rendered":"Allgemeine Gesch\u00e4ftsbedingungen"},"content":{"rendered":"\n<p>F\u00fcr alle Bestellungen bei Alaska Bear Spray Rentals gelten die folgenden Bedingungen:<\/p>\n\n<ul class=\"wp-block-list\">\n<li>Miettage sind als ein bestimmter Tag (z. B. Freitag) und nicht als ein Zeitraum von 24 Stunden definiert. Wenn Sie Ihr B\u00e4renspray beispielsweise an einem Freitag abholen und an einem Samstag zur\u00fcckgeben, gilt dies als zweit\u00e4gige Miete. <\/li>\n\n\n\n<li>Bei Stornierungen innerhalb von 7 Tagen vor Ihrem Reservierungsdatum erfolgt keine R\u00fcckerstattung. Bei Stornierungen vor diesem Zeitpunkt wird der Mietpreis abz\u00fcglich 3,5 % erstattet, die zur Deckung der Kreditkartengeb\u00fchren erforderlich sind, die uns nicht zur\u00fcckerstattet werden. <\/li>\n\n\n\n<li>Wenn ein Mietgegenstand nicht am F\u00e4lligkeitstag zur\u00fcckgegeben wird, f\u00fchrt dies zum automatischen Kauf der Dose zum Preis von 75,00 $.<\/li>\n\n\n\n<li>Eine besch\u00e4digte Dose f\u00fchrt zum automatischen Kauf der Dose zum Preis von 75,00 $.<\/li>\n\n\n\n<li>Eine gebrauchte Dose <strong>(jede verspr\u00fchte Menge)<\/strong> f\u00fchrt zum automatischen Kauf der Dose zum Preis von 75,00 $.<\/li>\n\n\n\n<li>Eine Dose, bei der der Sicherheitsclip fehlt, gilt als nicht retournierbar und wird mit dem Kaufpreis von 75,00 $ berechnet. Bitte senden Sie keine Dosen zur\u00fcck, bei denen der Sicherheitsclip fehlt, da diese abgelehnt und nicht akzeptiert werden. <\/li>\n\n\n\n<li>Besch\u00e4digte oder nicht zur\u00fcckgegebene B\u00e4renspray-Holster f\u00fchren zum Kauf des Holsters zum Preis von 20,00 $.<\/li>\n\n\n\n<li>Die Nutzung unserer Website oder Anwendungen (der \u201eService\u201c) erfolgt \u201ewie besehen\u201c und unter Ausschluss jeglicher M\u00e4ngel. Wir geben keinerlei Zusicherungen oder Gew\u00e4hrleistungen in Bezug auf den Service oder die darin enthaltenen Materialien ab. Nichts auf dem Service ist als Beratung zu verstehen. <\/li>\n<\/ul>\n\n<p>Dar\u00fcber hinaus erkennen Sie, der Kunde, und alle Personen in Ihrer Gruppe, die Sie zur Verwendung Ihres B\u00e4renspray-Mietgegenstands erm\u00e4chtigen (im Folgenden zusammenfassend als \u201eKunde\u201c bezeichnet), in Anbetracht der Dienstleistungen von Alaska Bear Spray Rental LLC, deren Eigent\u00fcmern, Vertretern, Mitarbeitern und allen anderen Personen oder Unternehmen, die mit dem Unternehmen in Verbindung stehen (im Folgenden zusammenfassend als \u201eAlaska Bear Spray Rental\u201c bezeichnet), Folgendes an und stimmen Folgendem zu:<\/p>\n\n<ul class=\"wp-block-list\">\n<li>Der Kunde verpflichtet sich, sich \u00fcber die ordnungsgem\u00e4\u00dfe Verwendung von B\u00e4renspray und die besten Praktiken f\u00fcr den Aufenthalt im Freien im B\u00e4rengebiet zu informieren. Dies umfasst mindestens das Lesen und Ansehen der Videos und Dokumente, die im Abschnitt \u201eDas Wesentliche\u201c unserer Webseite \u201e<a data-type=\"page\" data-id=\"510\" href=\"https:\/\/www.alaskabearspray.com\/de\/wie-man-baerenspray-benutzt\/\">So verwenden Sie B\u00e4renspray<\/a>\u201c aufgef\u00fchrt sind. <\/li>\n\n\n\n<li>Der Kunde erkennt an, dass Alaska Bear Spray Rental angemessene Schritte unternommen hat, um mir die geeignete Ausr\u00fcstung und Anweisungen zur Verf\u00fcgung zu stellen, damit der Kunde diese Ausr\u00fcstung ordnungsgem\u00e4\u00df verwenden und bedienen kann.<\/li>\n\n\n\n<li>Der Kunde erkennt an, dass B\u00e4renspray ein Abschreckungsmittel ist und nicht zu 100 % wirksam ist.<\/li>\n\n\n\n<li>Der Kunde erkennt an, dass das Reisen im B\u00e4rengebiet inh\u00e4rente Risiken birgt, die durch das Tragen von B\u00e4renspray nicht beseitigt werden. Diese Risiken k\u00f6nnen in extremen F\u00e4llen zu schweren Verletzungen oder sogar zum Tod f\u00fchren. <\/li>\n\n\n\n<li>Der Kunde \u00fcbernimmt die volle Verantwortung f\u00fcr die in dieser Vereinbarung genannten inh\u00e4renten Risiken und die Risiken, die nicht ausdr\u00fccklich genannt werden. Die Teilnahme des Kunden an Aktivit\u00e4ten, die B\u00e4renspray erfordern, zusammen mit der Miete von B\u00e4renspray und der Entscheidung, B\u00e4renspray zu tragen, ist rein freiwillig, und niemand zwingt den Kunden, teilzunehmen, B\u00e4renspray zu mieten oder es zu tragen. <\/li>\n\n\n\n<li>Der Kunde erkl\u00e4rt sich damit einverstanden, dass er in der Lage ist, B\u00e4renspray verantwortungsbewusst zu tragen und es im Bedarfsfall ordnungsgem\u00e4\u00df zu verwenden.<\/li>\n\n\n\n<li>Der Kunde verpflichtet sich, alle B\u00e4renspraydosen, die er von Alaska Bear Spray Rental gemietet hat, sicher und gesch\u00fctzt aufzubewahren und von Kindern, Minderj\u00e4hrigen oder anderen Personen fernzuhalten, die m\u00f6glicherweise nicht in der Lage sind, eine unbeaufsichtigte Dose sicher zu bedienen oder sich in der N\u00e4he einer solchen aufzuhalten.<\/li>\n\n\n\n<li>Der Kunde verpflichtet sich, Alaska Bear Spray Rental von allen Anspr\u00fcchen, Haftungen, Sch\u00e4den, Verlusten, Kosten und Ausgaben (einschlie\u00dflich angemessener Anwaltskosten) freizustellen, zu verteidigen und schadlos zu halten, die sich aus der vors\u00e4tzlichen oder versehentlichen Verwendung von bei Alaska Bear Spray Rental gemietetem B\u00e4renspray oder der Nutzung des Service ergeben, es sei denn, diese Anspr\u00fcche, Haftungen, Sch\u00e4den, Verluste, Kosten und Ausgaben werden durch die alleinige Fahrl\u00e4ssigkeit oder das vors\u00e4tzliche Fehlverhalten von Alaska Bear Spray Rental verursacht.<\/li>\n\n\n\n<li>Der Kunde verpflichtet sich, Alaska Bear Spray Rental unverz\u00fcglich zu benachrichtigen, falls eine Dose verwendet oder entladen wird (entweder vors\u00e4tzlich oder versehentlich).<\/li>\n<\/ul>\n","protected":false},"excerpt":{"rendered":"<p>F\u00fcr alle Bestellungen bei Alaska Bear Spray Rentals gelten die folgenden Bedingungen: Dar\u00fcber hinaus erkennen Sie, der Kunde, und alle Personen in Ihrer Gruppe, die Sie zur Verwendung Ihres B\u00e4renspray-Mietgegenstands erm\u00e4chtigen (im Folgenden zusammenfassend als \u201eKunde\u201c bezeichnet), in Anbetracht der Dienstleistungen von Alaska Bear Spray Rental LLC, deren Eigent\u00fcmern, Vertretern, Mitarbeitern und allen anderen Personen oder Unternehmen, die mit dem &#8230; <a title=\"Allgemeine Gesch\u00e4ftsbedingungen\" class=\"read-more\" href=\"https:\/\/www.alaskabearspray.com\/de\/allgemeine-geschaeftsbedingungen\/\" aria-label=\"Mehr Informationen \u00fcber Allgemeine Gesch\u00e4ftsbedingungen\">Full Story<\/a><\/p>\n","protected":false},"author":1,"featured_media":0,"parent":0,"menu_order":0,"comment_status":"closed","ping_status":"closed","template":"","meta":{"slim_seo":{"title":"Alaska Bear Spray Rental \u2013 Allgemeine Gesch\u00e4ftsbedingungen","description":"Allgemeine Gesch\u00e4ftsbedingungen f\u00fcr Bestellungen bei Alaska Bear Spray Rental. F\u00fcr alle Bestellungen bei Alaska Bear Spray Rental gelten diese Bedingungen.","canonical":"https:\/\/www.alaskabearspray.com\/general-terms-and-conditions\/"},"footnotes":""},"class_list":["post-3866","page","type-page","status-publish"],"_links":{"self":[{"href":"https:\/\/www.alaskabearspray.com\/de\/wp-json\/wp\/v2\/pages\/3866","targetHints":{"allow":["GET"]}}],"collection":[{"href":"https:\/\/www.alaskabearspray.com\/de\/wp-json\/wp\/v2\/pages"}],"about":[{"href":"https:\/\/www.alaskabearspray.com\/de\/wp-json\/wp\/v2\/types\/page"}],"author":[{"embeddable":true,"href":"https:\/\/www.alaskabearspray.com\/de\/wp-json\/wp\/v2\/users\/1"}],"replies":[{"embeddable":true,"href":"https:\/\/www.alaskabearspray.com\/de\/wp-json\/wp\/v2\/comments?post=3866"}],"version-history":[{"count":2,"href":"https:\/\/www.alaskabearspray.com\/de\/wp-json\/wp\/v2\/pages\/3866\/revisions"}],"predecessor-version":[{"id":3988,"href":"https:\/\/www.alaskabearspray.com\/de\/wp-json\/wp\/v2\/pages\/3866\/revisions\/3988"}],"wp:attachment":[{"href":"https:\/\/www.alaskabearspray.com\/de\/wp-json\/wp\/v2\/media?parent=3866"}],"curies":[{"name":"wp","href":"https:\/\/api.w.org\/{rel}","templated":true}]}}