{"id":3854,"date":"2025-07-31T20:38:24","date_gmt":"2025-08-01T00:38:24","guid":{"rendered":"https:\/\/www.alaskabearspray.com\/wir-retten-kanister-vor-der-muelldeponie\/"},"modified":"2026-01-26T18:03:16","modified_gmt":"2026-01-26T23:03:16","slug":"wir-retten-kanister-vor-der-muelldeponie","status":"publish","type":"page","link":"https:\/\/www.alaskabearspray.com\/de\/wir-retten-kanister-vor-der-muelldeponie\/","title":{"rendered":"Wir retten Kanister vor der M\u00fclldeponie"},"content":{"rendered":"\n<p>Wir f\u00fchren eine interessante Statistik am Ende unserer Website, die Ihnen vielleicht schon aufgefallen ist. Es ist eine Zahl, die die Gesamtzahl der Kanister angibt, die wir seit unserer ersten Bestellung Anfang 2025 vor der Einbringung in die \u00f6rtliche M\u00fclldeponie bewahrt haben. Die Zahl wird in Echtzeit aktualisiert, und Sie k\u00f6nnen sogar beobachten, wie sie sich erh\u00f6ht, nachdem Sie eine Bestellung bei uns aufgegeben haben:  <\/p>\n\n<div style=\"height:20px\" aria-hidden=\"true\" class=\"wp-block-spacer\"><\/div>\n\n<h2 class=\"gb-headline gb-headline-f3ce1b2a gb-headline-text\">Aktuelle Anzahl der vor der M\u00fclldeponie geretteten Kanister: 1565<\/h2>\n\n<div style=\"height:20px\" aria-hidden=\"true\" class=\"wp-block-spacer\"><\/div>\n\n<p><strong>Was bedeutet das genau?<\/strong>  Nun, die Mehrheit der 3 Millionen Menschen, die Alaska besuchen, kommen mit dem Flugzeug oder dem Schiff hierher. Da man B\u00e4renspray bei der Abreise nicht mitnehmen (oder bei der Ankunft mitbringen) kann, da die Kanister in Flugzeugen oder Schiffen nicht erlaubt sind, kauften die meisten Leute es, bevor es eine einfache und kosteng\u00fcnstige M\u00f6glichkeit gab, B\u00e4renspray zu mieten, und warfen es schlie\u00dflich weg, wenn sie abreisten. Diese landeten schlie\u00dflich auf unseren \u00f6rtlichen M\u00fclldeponien. Das ist nicht nur v\u00f6llig unn\u00f6tig, sondern es ist auch teuer, B\u00e4renspray zu kaufen, nur um es wegzuwerfen, nachdem man es nicht mehr braucht. Es musste einen besseren Weg geben, und jetzt gibt es gl\u00fccklicherweise einen besseren Weg&#8230;     <\/p>\n\n<div style=\"height:20px\" aria-hidden=\"true\" class=\"wp-block-spacer\"><\/div>\n\n<h3 class=\"gb-headline gb-headline-f6aeceec gb-headline-text\">Mieten statt kaufen!<\/h3>\n\n<div style=\"height:20px\" aria-hidden=\"true\" class=\"wp-block-spacer\"><\/div>\n\n<p>Helfen Sie uns, unseren M\u00fclldeponien zu helfen, indem Sie B\u00e4renspray mieten und es nicht kaufen. Gemeinsam k\u00f6nnen wir eine Verbesserung erzielen, einen Kanister nach dem anderen! <\/p>\n\n<div style=\"height:20px\" aria-hidden=\"true\" class=\"wp-block-spacer\"><\/div>\n\n<h3 class=\"gb-headline gb-headline-2d18392a gb-headline-text\">Gehen Sie auf Nummer sicher und tragen Sie B\u00e4renspray bei sich, wenn Sie Alaska besuchen!<br>Seien Sie klug und mieten Sie es bei Alaska Bear Spray Rental!<\/h3>\n","protected":false},"excerpt":{"rendered":"<p>Wir f\u00fchren eine interessante Statistik am Ende unserer Website, die Ihnen vielleicht schon aufgefallen ist. Es ist eine Zahl, die die Gesamtzahl der Kanister angibt, die wir seit unserer ersten Bestellung Anfang 2025 vor der Einbringung in die \u00f6rtliche M\u00fclldeponie bewahrt haben. Die Zahl wird in Echtzeit aktualisiert, und Sie k\u00f6nnen sogar beobachten, wie sie sich erh\u00f6ht, nachdem Sie eine &#8230; <a title=\"Wir retten Kanister vor der M\u00fclldeponie\" class=\"read-more\" href=\"https:\/\/www.alaskabearspray.com\/de\/wir-retten-kanister-vor-der-muelldeponie\/\" aria-label=\"Mehr Informationen \u00fcber Wir retten Kanister vor der M\u00fclldeponie\">Full Story<\/a><\/p>\n","protected":false},"author":1,"featured_media":0,"parent":0,"menu_order":0,"comment_status":"closed","ping_status":"closed","template":"","meta":{"slim_seo":{"title":"Wir retten Kanister vor der M\u00fclldeponie - Alaska Bear Spray Rental","description":"Wir f\u00fchren eine interessante Statistik am Ende unserer Website, die Ihnen vielleicht schon aufgefallen ist. Es ist eine Zahl, die die Gesamtzahl der Kanister an"},"footnotes":""},"class_list":["post-3854","page","type-page","status-publish"],"_links":{"self":[{"href":"https:\/\/www.alaskabearspray.com\/de\/wp-json\/wp\/v2\/pages\/3854","targetHints":{"allow":["GET"]}}],"collection":[{"href":"https:\/\/www.alaskabearspray.com\/de\/wp-json\/wp\/v2\/pages"}],"about":[{"href":"https:\/\/www.alaskabearspray.com\/de\/wp-json\/wp\/v2\/types\/page"}],"author":[{"embeddable":true,"href":"https:\/\/www.alaskabearspray.com\/de\/wp-json\/wp\/v2\/users\/1"}],"replies":[{"embeddable":true,"href":"https:\/\/www.alaskabearspray.com\/de\/wp-json\/wp\/v2\/comments?post=3854"}],"version-history":[{"count":1,"href":"https:\/\/www.alaskabearspray.com\/de\/wp-json\/wp\/v2\/pages\/3854\/revisions"}],"predecessor-version":[{"id":3855,"href":"https:\/\/www.alaskabearspray.com\/de\/wp-json\/wp\/v2\/pages\/3854\/revisions\/3855"}],"wp:attachment":[{"href":"https:\/\/www.alaskabearspray.com\/de\/wp-json\/wp\/v2\/media?parent=3854"}],"curies":[{"name":"wp","href":"https:\/\/api.w.org\/{rel}","templated":true}]}}