{"id":3852,"date":"2024-09-15T14:00:38","date_gmt":"2024-09-15T18:00:38","guid":{"rendered":"https:\/\/www.alaskabearspray.com\/partnerprogramm\/"},"modified":"2026-01-26T18:03:08","modified_gmt":"2026-01-26T23:03:08","slug":"partnerprogramm","status":"publish","type":"page","link":"https:\/\/www.alaskabearspray.com\/de\/partnerprogramm\/","title":{"rendered":"Partnerprogramm"},"content":{"rendered":"\n<h1 class=\"gb-headline gb-headline-c72b5146 gb-headline-text\">Werden Sie Partner von Alaska Bear Spray!<\/h1>\n\n<p>M\u00f6chten Sie eine Partnerseite werden, indem Sie einen Abhol-\/R\u00fcckgabeort f\u00fcr Alaska Bear Spray Rental anbieten? Wir arbeiten daran, unsere Aktivit\u00e4ten und Angebote schnell auf jeden Winkel des Staates auszudehnen, und ben\u00f6tigen Partnerseiten, die unsere Vision teilen, Besuchern unseres sch\u00f6nen und gro\u00dfartigen Staates ein dringend ben\u00f6tigtes Produkt mit dem bestm\u00f6glichen Service anzubieten. <\/p>\n\n<div style=\"height:20px\" aria-hidden=\"true\" class=\"wp-block-spacer\"><\/div>\n\n<h2 class=\"wp-block-heading\"> Was wir bieten&#8230;<\/h2>\n\n<p>Wir bringen Kunden zu Ihrem Unternehmen. Unser einfaches Online-Reservierungssystem verlangt von den Kunden, dass sie ihre B\u00e4renspraydose im Voraus f\u00fcr eine bestimmte Dauer mit der Abholung\/R\u00fcckgabe an einem bestimmten Ort mieten. Mit diesen Daten k\u00f6nnen wir sowohl das Datum als auch die Anzahl der Personen, die zur Abholung ihrer Miete anreisen, genau melden. Da viele unserer Kunden aus anderen Bundesstaaten anreisen, werden sie das B\u00e4renspray wahrscheinlich kurz nach der Ankunft abholen und vor der Abreise zur\u00fcckgeben. Dies sind beides hervorragende M\u00f6glichkeiten f\u00fcr zus\u00e4tzliche Verk\u00e4ufe, da der Kunde wahrscheinlich nach anderen Waren und Dienstleistungen suchen wird.    <\/p>\n\n<div style=\"height:20px\" aria-hidden=\"true\" class=\"wp-block-spacer\"><\/div>\n\n<h2 class=\"wp-block-heading\">Aber warte, es gibt noch mehr!<\/h2>\n\n<p>Zus\u00e4tzlich dazu, dass wir Kunden an Ihren Standort bringen, die wahrscheinlich zus\u00e4tzliche Waren und Dienstleistungen kaufen, bieten wir auch eine Partnerprovision f\u00fcr jede Miete, die an Ihrem Standort abgeholt und zur\u00fcckgegeben wird. Klingt das zu sch\u00f6n, um wahr zu sein? Warten Sie, wir fangen gerade erst an&#8230;  <\/p>\n\n<div style=\"height:20px\" aria-hidden=\"true\" class=\"wp-block-spacer\"><\/div>\n\n<h2 class=\"wp-block-heading\">Wir liefern auch den Bestand und die Transaktion<\/h2>\n\n<p>Unsere Systeme und Prozesse verwalten das, was ben\u00f6tigt wird. Wir wissen, wo und wann Dosen ben\u00f6tigt werden, und stellen sicher, dass unsere Partner \u00fcber gen\u00fcgend Lagerbestand verf\u00fcgen, um den Kunden bei der Ankunft zur Abholung ihrer Miete zu versorgen.  <\/p>\n\n<p>Da alles online abgewickelt wird, bevor der Kunde ankommt, ist der Check-out\/Check-in-Prozess einfach und schnell. Es wird weder Ihr Personal noch, was noch wichtiger ist, den Kunden belasten, der Ihren Laden nach anderen Artikeln durchst\u00f6bern kann, die er wahrscheinlich auf seiner Reise oder dem R\u00fcckflug nach Hause ben\u00f6tigt. <\/p>\n\n<div style=\"height:20px\" aria-hidden=\"true\" class=\"wp-block-spacer\"><\/div>\n\n<h2 class=\"wp-block-heading\">Eine Win-Win-Vereinbarung!<\/h2>\n\n<p>Jeder, einschlie\u00dflich des Kunden, gewinnt mit dieser Vereinbarung. Dar\u00fcber hinaus gibt es zus\u00e4tzliche \u201eGewinner\u201c zu ber\u00fccksichtigen, da es eine einfache Versorgung mit B\u00e4renspraydosen f\u00fcr Personen gibt, die Alaska besuchen. Da es den Leuten nicht erlaubt ist, mit B\u00e4renspray zu fliegen, werden weniger \u201egekaufte\u201c Dosen auf den M\u00fclldeponien landen, wenn die Leute sie vor der Abreise entsorgen m\u00fcssen. Es ist auch besser f\u00fcr unsere B\u00e4renpopulation, wenn nicht-t\u00f6dliche Abschreckungsmittel eingesetzt werden, um mit dem gelegentlich aggressiven B\u00e4ren umzugehen. Wenn B\u00e4renspray leicht verf\u00fcgbar oder erschwinglicher ist, wird die Anzahl der Personen erh\u00f6ht, die bereit sind, angemessen auf eine kritische Situation zu reagieren. Dies hilft letztendlich dem Image unseres Staates, da niemand gerne in den Nachrichten \u00fcber Mensch\/B\u00e4r-Begegnungen liest, die mit einem Todesfall enden. Es gibt viele \u201eGewinner\u201c dabei und wir m\u00f6chten, dass Sie ein Teil davon sind.      <\/p>\n\n<div style=\"height:20px\" aria-hidden=\"true\" class=\"wp-block-spacer\"><\/div>\n\n<p>Bitte kontaktieren Sie uns \u00fcber das untenstehende Formular und wir werden uns so schnell wie m\u00f6glich bei Ihnen melden, um dies weiter zu besprechen:<\/p>\n<style id=\"wpforms-css-vars-484-block-21896081-9a95-4acc-b8a9-e6ceeea47f7a\">\n\t\t\t\t#wpforms-484.wpforms-block-21896081-9a95-4acc-b8a9-e6ceeea47f7a {\n\t\t\t\t--wpforms-label-color: var(--base);\n--wpforms-label-sublabel-color: var(--base);\n--wpforms-field-background-color: var(--base);\n--wpforms-field-border-color: var(--contrast-2);\n--wpforms-field-border-color-spare: var(--contrast-2);\n--wpforms-field-text-color: var(--contrast);\n--wpforms-field-menu-color: var(--base);\n--wpforms-button-background-color: var(--accent);\n--wpforms-button-text-color: var(--contrast);\n--wpforms-field-size-input-height: 43px;\n--wpforms-field-size-input-spacing: 15px;\n--wpforms-field-size-font-size: 16px;\n--wpforms-field-size-line-height: 19px;\n--wpforms-field-size-padding-h: 14px;\n--wpforms-field-size-checkbox-size: 16px;\n--wpforms-field-size-sublabel-spacing: 5px;\n--wpforms-field-size-icon-size: 1;\n--wpforms-label-size-font-size: 18px;\n--wpforms-label-size-line-height: 21px;\n--wpforms-label-size-sublabel-font-size: 16px;\n--wpforms-label-size-sublabel-line-height: 19px;\n--wpforms-button-size-font-size: 17px;\n--wpforms-button-size-height: 41px;\n--wpforms-button-size-padding-h: 15px;\n--wpforms-button-size-margin-top: 10px;\n--wpforms-container-shadow-size-box-shadow: none;\n\t\t\t}\n\t\t\t<\/style><div class=\"wpforms-container wpforms-container-full wpforms-block wpforms-block-21896081-9a95-4acc-b8a9-e6ceeea47f7a wpforms-render-modern\" id=\"wpforms-484\"><form id=\"wpforms-form-484\" class=\"wpforms-validate wpforms-form wpforms-ajax-form\" data-formid=\"484\" method=\"post\" enctype=\"multipart\/form-data\" action=\"\/de\/wp-json\/wp\/v2\/pages\/3852\" data-token=\"aee6dd7594d5098adfd66041ac208e8e\" data-token-time=\"1777497901\"><noscript class=\"wpforms-error-noscript\">Bitte aktiviere JavaScript in deinem Browser, um dieses Formular fertigzustellen.<\/noscript><div id=\"wpforms-error-noscript\" style=\"display: none;\">Bitte aktiviere JavaScript in deinem Browser, um dieses Formular fertigzustellen.<\/div><div class=\"wpforms-field-container\"><div id=\"wpforms-484-field_0-container\" class=\"wpforms-field wpforms-field-name\" data-field-id=\"0\"><fieldset><legend class=\"wpforms-field-label\">Name <span class=\"wpforms-required-label\" aria-hidden=\"true\">*<\/span><\/legend><div class=\"wpforms-field-row wpforms-field-medium\"><div class=\"wpforms-field-row-block wpforms-first wpforms-one-half\"><input type=\"text\" id=\"wpforms-484-field_0\" class=\"wpforms-field-name-first wpforms-field-required\" name=\"wpforms[fields][0][first]\" aria-errormessage=\"wpforms-484-field_0-error\" required><label for=\"wpforms-484-field_0\" class=\"wpforms-field-sublabel after\">Vorname<\/label><\/div><div class=\"wpforms-field-row-block wpforms-one-half\"><input type=\"text\" id=\"wpforms-484-field_0-last\" class=\"wpforms-field-name-last wpforms-field-required\" name=\"wpforms[fields][0][last]\" aria-errormessage=\"wpforms-484-field_0-last-error\" required><label for=\"wpforms-484-field_0-last\" class=\"wpforms-field-sublabel after\">Nachname<\/label><\/div><\/div><\/fieldset><\/div><div id=\"wpforms-484-field_3-container\" class=\"wpforms-field wpforms-field-text\" data-field-id=\"3\"><label class=\"wpforms-field-label\" for=\"wpforms-484-field_3\">Company Name <span class=\"wpforms-required-label\" aria-hidden=\"true\">*<\/span><\/label><input type=\"text\" id=\"wpforms-484-field_3\" class=\"wpforms-field-medium wpforms-field-required\" name=\"wpforms[fields][3]\" aria-errormessage=\"wpforms-484-field_3-error\" required><\/div><div id=\"wpforms-484-field_1-container\" class=\"wpforms-field wpforms-field-email\" data-field-id=\"1\"><label class=\"wpforms-field-label\" for=\"wpforms-484-field_1\">Email <span class=\"wpforms-required-label\" aria-hidden=\"true\">*<\/span><\/label><input type=\"email\" id=\"wpforms-484-field_1\" class=\"wpforms-field-medium wpforms-field-required\" name=\"wpforms[fields][1]\" spellcheck=\"false\" aria-errormessage=\"wpforms-484-field_1-error\" required><\/div><div id=\"wpforms-484-field_4-container\" class=\"wpforms-field wpforms-field-phone\" data-field-id=\"4\"><label class=\"wpforms-field-label\" for=\"wpforms-484-field_4\">Phone <span class=\"wpforms-required-label\" aria-hidden=\"true\">*<\/span><\/label><input type=\"tel\" id=\"wpforms-484-field_4\" class=\"wpforms-field-medium wpforms-field-required wpforms-smart-phone-field\" data-rule-smart-phone-field=\"true\" name=\"wpforms[fields][4]\" aria-label=\"Phone\" aria-errormessage=\"wpforms-484-field_4-error\" required><\/div><div id=\"wpforms-484-field_5-container\" class=\"wpforms-field wpforms-field-text\" data-field-id=\"5\"><label class=\"wpforms-field-label\" for=\"wpforms-484-field_5\">Location(s) <span class=\"wpforms-required-label\" aria-hidden=\"true\">*<\/span><\/label><input type=\"text\" id=\"wpforms-484-field_5\" class=\"wpforms-field-medium wpforms-field-required\" name=\"wpforms[fields][5]\" aria-errormessage=\"wpforms-484-field_5-error\" aria-describedby=\"wpforms-484-field_5-description\" required><div id=\"wpforms-484-field_5-description\" class=\"wpforms-field-description\">What cities inside Alaska do you operate?<\/div><\/div><div id=\"wpforms-484-field_2-container\" class=\"wpforms-field wpforms-field-textarea\" data-field-id=\"2\"><label class=\"wpforms-field-label\" for=\"wpforms-484-field_2\">Comment or Message<\/label><textarea id=\"wpforms-484-field_2\" class=\"wpforms-field-medium\" name=\"wpforms[fields][2]\" aria-errormessage=\"wpforms-484-field_2-error\" ><\/textarea><\/div><div id=\"wpforms-484-field_6-container\" class=\"wpforms-field wpforms-field-captcha\" data-field-id=\"6\"><label class=\"wpforms-field-label\" for=\"wpforms-484-field_6\">Are You a Human? <span class=\"wpforms-required-label\" aria-hidden=\"true\">*<\/span><\/label><p id=\"wpforms-484-field_6-question\" class=\"wpforms-captcha-question\">What is one plus one? (type the word)<\/p>\n\t\t<input type=\"text\" id=\"wpforms-484-field_6\" class=\"wpforms-field-medium wpforms-field-required a\" data-rule-wpf-captcha=\"qa\" data-is-wrapped-field=\"1\" data-a=\"two\" name=\"wpforms[fields][6][a]\" aria-errormessage=\"wpforms-484-field_6-error\" aria-describedby=\"wpforms-484-field_6-question\" required>\n\t\t<input type=\"hidden\" name=\"wpforms[fields][6][q]\" value=\"1\">\n\n\t\t<\/div><\/div><!-- .wpforms-field-container --><div class=\"wpforms-submit-container\" ><input type=\"hidden\" name=\"wpforms[id]\" value=\"484\"><input type=\"hidden\" name=\"page_title\" value=\"\"><input type=\"hidden\" name=\"page_url\" value=\"https:\/\/www.alaskabearspray.com\/de\/wp-json\/wp\/v2\/pages\/3852\"><input type=\"hidden\" name=\"url_referer\" value=\"\"><button type=\"submit\" name=\"wpforms[submit]\" id=\"wpforms-submit-484\" class=\"wpforms-submit\" data-alt-text=\"Sending...\" data-submit-text=\"Submit\" aria-live=\"assertive\" value=\"wpforms-submit\">Submit<\/button><img decoding=\"async\" src=\"https:\/\/www.alaskabearspray.com\/wp-content\/plugins\/wpforms\/assets\/images\/submit-spin.svg\" class=\"wpforms-submit-spinner\" style=\"display: none;\" width=\"26\" height=\"26\" alt=\"Wird geladen\"><\/div><\/form><\/div>  <!-- .wpforms-container -->","protected":false},"excerpt":{"rendered":"<p>Werden Sie Partner von Alaska Bear Spray! M\u00f6chten Sie eine Partnerseite werden, indem Sie einen Abhol-\/R\u00fcckgabeort f\u00fcr Alaska Bear Spray Rental anbieten? Wir arbeiten daran, unsere Aktivit\u00e4ten und Angebote schnell auf jeden Winkel des Staates auszudehnen, und ben\u00f6tigen Partnerseiten, die unsere Vision teilen, Besuchern unseres sch\u00f6nen und gro\u00dfartigen Staates ein dringend ben\u00f6tigtes Produkt mit dem bestm\u00f6glichen Service anzubieten. Was wir &#8230; <a title=\"Partnerprogramm\" class=\"read-more\" href=\"https:\/\/www.alaskabearspray.com\/de\/partnerprogramm\/\" aria-label=\"Mehr Informationen \u00fcber Partnerprogramm\">Full Story<\/a><\/p>\n","protected":false},"author":1,"featured_media":0,"parent":0,"menu_order":0,"comment_status":"closed","ping_status":"closed","template":"","meta":{"slim_seo":{"title":"Alaska Bear Spray Rental \u2013 Werden Sie Partner","description":"M\u00f6chten Sie eine Partnerseite werden, indem Sie einen Abhol-\/R\u00fcckgabeort f\u00fcr Alaska Bear Spray Rental anbieten? Wir m\u00f6chten mit Ihnen zusammenarbeiten!","canonical":"https:\/\/www.alaskabearspray.com\/affiliates\/"},"footnotes":""},"class_list":["post-3852","page","type-page","status-publish"],"_links":{"self":[{"href":"https:\/\/www.alaskabearspray.com\/de\/wp-json\/wp\/v2\/pages\/3852","targetHints":{"allow":["GET"]}}],"collection":[{"href":"https:\/\/www.alaskabearspray.com\/de\/wp-json\/wp\/v2\/pages"}],"about":[{"href":"https:\/\/www.alaskabearspray.com\/de\/wp-json\/wp\/v2\/types\/page"}],"author":[{"embeddable":true,"href":"https:\/\/www.alaskabearspray.com\/de\/wp-json\/wp\/v2\/users\/1"}],"replies":[{"embeddable":true,"href":"https:\/\/www.alaskabearspray.com\/de\/wp-json\/wp\/v2\/comments?post=3852"}],"version-history":[{"count":1,"href":"https:\/\/www.alaskabearspray.com\/de\/wp-json\/wp\/v2\/pages\/3852\/revisions"}],"predecessor-version":[{"id":3853,"href":"https:\/\/www.alaskabearspray.com\/de\/wp-json\/wp\/v2\/pages\/3852\/revisions\/3853"}],"wp:attachment":[{"href":"https:\/\/www.alaskabearspray.com\/de\/wp-json\/wp\/v2\/media?parent=3852"}],"curies":[{"name":"wp","href":"https:\/\/api.w.org\/{rel}","templated":true}]}}