{"id":3842,"date":"2024-09-15T12:22:48","date_gmt":"2024-09-15T16:22:48","guid":{"rendered":"https:\/\/www.alaskabearspray.com\/kontakt\/"},"modified":"2026-01-26T18:02:50","modified_gmt":"2026-01-26T23:02:50","slug":"kontakt","status":"publish","type":"page","link":"https:\/\/www.alaskabearspray.com\/de\/kontakt\/","title":{"rendered":"Kontakt"},"content":{"rendered":"\n<p>Haben Sie Fragen? Wir haben Antworten! <\/p>\n\n<p>Bitte f\u00fcllen Sie das untenstehende Formular mit Ihren Fragen aus. Wir werden Ihnen so schnell wie m\u00f6glich antworten.<\/p>\n<style id=\"wpforms-css-vars-438-block-2d608f0d-9eb3-4fc4-94e2-888f99c0b54a\">\n\t\t\t\t#wpforms-438.wpforms-block-2d608f0d-9eb3-4fc4-94e2-888f99c0b54a {\n\t\t\t\t--wpforms-label-color: var(--base);\n--wpforms-label-sublabel-color: var(--base);\n--wpforms-field-background-color: var(--base);\n--wpforms-field-border-color: var(--contrast-2);\n--wpforms-field-border-color-spare: var(--contrast-2);\n--wpforms-field-text-color: var(--contrast);\n--wpforms-field-menu-color: var(--base);\n--wpforms-button-background-color: var(--accent);\n--wpforms-button-text-color: var(--contrast);\n--wpforms-field-size-input-height: 43px;\n--wpforms-field-size-input-spacing: 15px;\n--wpforms-field-size-font-size: 16px;\n--wpforms-field-size-line-height: 19px;\n--wpforms-field-size-padding-h: 14px;\n--wpforms-field-size-checkbox-size: 16px;\n--wpforms-field-size-sublabel-spacing: 5px;\n--wpforms-field-size-icon-size: 1;\n--wpforms-label-size-font-size: 18px;\n--wpforms-label-size-line-height: 21px;\n--wpforms-label-size-sublabel-font-size: 16px;\n--wpforms-label-size-sublabel-line-height: 19px;\n--wpforms-button-size-font-size: 17px;\n--wpforms-button-size-height: 41px;\n--wpforms-button-size-padding-h: 15px;\n--wpforms-button-size-margin-top: 10px;\n--wpforms-container-shadow-size-box-shadow: none;\n\t\t\t}\n\t\t\t<\/style><div class=\"wpforms-container wpforms-container-full wpforms-block wpforms-block-2d608f0d-9eb3-4fc4-94e2-888f99c0b54a wpforms-render-modern\" id=\"wpforms-438\"><form id=\"wpforms-form-438\" class=\"wpforms-validate wpforms-form wpforms-ajax-form\" data-formid=\"438\" method=\"post\" enctype=\"multipart\/form-data\" action=\"\/de\/wp-json\/wp\/v2\/pages\/3842\" data-token=\"0d30e3d4fc8a956d2310179c9563857a\" data-token-time=\"1777467444\"><noscript class=\"wpforms-error-noscript\">Bitte aktiviere JavaScript in deinem Browser, um dieses Formular fertigzustellen.<\/noscript><div id=\"wpforms-error-noscript\" style=\"display: none;\">Bitte aktiviere JavaScript in deinem Browser, um dieses Formular fertigzustellen.<\/div><div class=\"wpforms-field-container\"><div id=\"wpforms-438-field_0-container\" class=\"wpforms-field wpforms-field-name\" data-field-id=\"0\"><fieldset><legend class=\"wpforms-field-label\">Name <span class=\"wpforms-required-label\" aria-hidden=\"true\">*<\/span><\/legend><div class=\"wpforms-field-row wpforms-field-medium\"><div class=\"wpforms-field-row-block wpforms-first wpforms-one-half\"><input type=\"text\" id=\"wpforms-438-field_0\" class=\"wpforms-field-name-first wpforms-field-required\" name=\"wpforms[fields][0][first]\" aria-errormessage=\"wpforms-438-field_0-error\" required><label for=\"wpforms-438-field_0\" class=\"wpforms-field-sublabel after\">Vorname<\/label><\/div><div class=\"wpforms-field-row-block wpforms-one-half\"><input type=\"text\" id=\"wpforms-438-field_0-last\" class=\"wpforms-field-name-last wpforms-field-required\" name=\"wpforms[fields][0][last]\" aria-errormessage=\"wpforms-438-field_0-last-error\" required><label for=\"wpforms-438-field_0-last\" class=\"wpforms-field-sublabel after\">Nachname<\/label><\/div><\/div><\/fieldset><\/div><div id=\"wpforms-438-field_1-container\" class=\"wpforms-field wpforms-field-email\" data-field-id=\"1\"><label class=\"wpforms-field-label\" for=\"wpforms-438-field_1\">E-Mail <span class=\"wpforms-required-label\" aria-hidden=\"true\">*<\/span><\/label><input type=\"email\" id=\"wpforms-438-field_1\" class=\"wpforms-field-medium wpforms-field-required\" name=\"wpforms[fields][1]\" spellcheck=\"false\" aria-errormessage=\"wpforms-438-field_1-error\" required><\/div><div id=\"wpforms-438-field_3-container\" class=\"wpforms-field wpforms-field-phone\" data-field-id=\"3\"><label class=\"wpforms-field-label\" for=\"wpforms-438-field_3\">Telefon<\/label><input type=\"tel\" id=\"wpforms-438-field_3\" class=\"wpforms-field-medium wpforms-smart-phone-field\" data-rule-smart-phone-field=\"true\" name=\"wpforms[fields][3]\" aria-label=\"Telefon\" aria-errormessage=\"wpforms-438-field_3-error\" ><\/div><div id=\"wpforms-438-field_7-container\" class=\"wpforms-field wpforms-field-select wpforms-field-select-style-classic\" data-field-id=\"7\"><label class=\"wpforms-field-label\" for=\"wpforms-438-field_7\">D\u00fcrfen wir dir per SMS antworten?<\/label><select id=\"wpforms-438-field_7\" class=\"wpforms-field-medium\" name=\"wpforms[fields][7]\"><option value=\"Nein\"  class=\"choice-1 depth-1\"  >Nein<\/option><option value=\"Ja\"  class=\"choice-2 depth-1\"  >Ja<\/option><\/select><div id=\"wpforms-438-field_7-description\" class=\"wpforms-field-description\">Wenn du mit \u201eJa\u201c antwortest, erkl\u00e4rst du dich damit einverstanden, SMS-Nachrichten von Alaska Bear Spray Rental an die oben angegebene Telefonnummer zu erhalten. Dies sind keine Marketingmitteilungen, sondern nur Antworten auf deine Anfrage. Es k\u00f6nnen Geb\u00fchren f\u00fcr Nachrichten und Daten anfallen. Du kannst dich jederzeit abmelden, indem du mit \u201eSTOP\u201c antwortest. Weitere Informationen findest du in unserer <a href=\"https:\/\/www.alaskabearspray.com\/de\/datenschutzbestimmungen\/\">Datenschutzrichtlinie<\/a>.    <\/div><\/div><div id=\"wpforms-438-field_2-container\" class=\"wpforms-field wpforms-field-textarea\" data-field-id=\"2\"><label class=\"wpforms-field-label\" for=\"wpforms-438-field_2\">Kommentar oder Nachricht<\/label><textarea id=\"wpforms-438-field_2\" class=\"wpforms-field-medium\" name=\"wpforms[fields][2]\" aria-errormessage=\"wpforms-438-field_2-error\" ><\/textarea><\/div><div id=\"wpforms-438-field_4-container\" class=\"wpforms-field wpforms-field-captcha\" data-field-id=\"4\"><label class=\"wpforms-field-label\" for=\"wpforms-438-field_4\">Bist du eine echte Person? <span class=\"wpforms-required-label\" aria-hidden=\"true\">*<\/span><\/label><p id=\"wpforms-438-field_4-question\" class=\"wpforms-captcha-question\">Eins plus eins ist gleich? (Bitte als Wort eingeben) <\/p>\n\t\t<input type=\"text\" id=\"wpforms-438-field_4\" class=\"wpforms-field-medium wpforms-field-required a\" data-rule-wpf-captcha=\"qa\" data-is-wrapped-field=\"1\" data-a=\"zwei\" name=\"wpforms[fields][4][a]\" aria-errormessage=\"wpforms-438-field_4-error\" aria-describedby=\"wpforms-438-field_4-question\" required>\n\t\t<input type=\"hidden\" name=\"wpforms[fields][4][q]\" value=\"1\">\n\n\t\t<\/div><\/div><!-- .wpforms-field-container --><div class=\"wpforms-recaptcha-container wpforms-is-recaptcha wpforms-is-recaptcha-type-v2\" ><div class=\"g-recaptcha\" data-sitekey=\"6LdpxkQqAAAAABMQA7aH7zUN7Gp-agdx-j0XIbaP\"><\/div><input type=\"text\" name=\"g-recaptcha-hidden\" class=\"wpforms-recaptcha-hidden\" style=\"position:absolute!important;clip:rect(0,0,0,0)!important;height:1px!important;width:1px!important;border:0!important;overflow:hidden!important;padding:0!important;margin:0!important;\" data-rule-recaptcha=\"1\"><\/div><div class=\"wpforms-submit-container\" ><input type=\"hidden\" name=\"wpforms[id]\" value=\"438\"><input type=\"hidden\" name=\"page_title\" value=\"\"><input type=\"hidden\" name=\"page_url\" value=\"https:\/\/www.alaskabearspray.com\/de\/wp-json\/wp\/v2\/pages\/3842\"><input type=\"hidden\" name=\"url_referer\" value=\"\"><button type=\"submit\" name=\"wpforms[submit]\" id=\"wpforms-submit-438\" class=\"wpforms-submit\" data-alt-text=\"Wird gesendet...\" data-submit-text=\"Senden\" aria-live=\"assertive\" value=\"wpforms-submit\">Senden<\/button><img decoding=\"async\" src=\"https:\/\/www.alaskabearspray.com\/wp-content\/plugins\/wpforms\/assets\/images\/submit-spin.svg\" class=\"wpforms-submit-spinner\" style=\"display: none;\" width=\"26\" height=\"26\" alt=\"Wird geladen\"><\/div><\/form><\/div>  <!-- .wpforms-container -->","protected":false},"excerpt":{"rendered":"<p>Haben Sie Fragen? Wir haben Antworten! Bitte f\u00fcllen Sie das untenstehende Formular mit Ihren Fragen aus. Wir werden Ihnen so schnell wie m\u00f6glich antworten.<\/p>\n","protected":false},"author":1,"featured_media":0,"parent":0,"menu_order":0,"comment_status":"closed","ping_status":"closed","template":"","meta":{"slim_seo":{"title":"Alaska Bear Spray Rental \u2013 Kontakt","description":"Haben Sie Fragen? Wir haben Antworten! Wir freuen uns, von Leuten \u00fcber Alaska, B\u00e4renspray oder Fragen zur Miete von B\u00e4renspray zu h\u00f6ren.","canonical":"https:\/\/www.alaskabearspray.com\/contact-us\/"},"footnotes":""},"class_list":["post-3842","page","type-page","status-publish"],"_links":{"self":[{"href":"https:\/\/www.alaskabearspray.com\/de\/wp-json\/wp\/v2\/pages\/3842","targetHints":{"allow":["GET"]}}],"collection":[{"href":"https:\/\/www.alaskabearspray.com\/de\/wp-json\/wp\/v2\/pages"}],"about":[{"href":"https:\/\/www.alaskabearspray.com\/de\/wp-json\/wp\/v2\/types\/page"}],"author":[{"embeddable":true,"href":"https:\/\/www.alaskabearspray.com\/de\/wp-json\/wp\/v2\/users\/1"}],"replies":[{"embeddable":true,"href":"https:\/\/www.alaskabearspray.com\/de\/wp-json\/wp\/v2\/comments?post=3842"}],"version-history":[{"count":1,"href":"https:\/\/www.alaskabearspray.com\/de\/wp-json\/wp\/v2\/pages\/3842\/revisions"}],"predecessor-version":[{"id":3843,"href":"https:\/\/www.alaskabearspray.com\/de\/wp-json\/wp\/v2\/pages\/3842\/revisions\/3843"}],"wp:attachment":[{"href":"https:\/\/www.alaskabearspray.com\/de\/wp-json\/wp\/v2\/media?parent=3842"}],"curies":[{"name":"wp","href":"https:\/\/api.w.org\/{rel}","templated":true}]}}